{"id":2388,"date":"2025-11-26T15:54:40","date_gmt":"2025-11-26T20:54:40","guid":{"rendered":"https:\/\/festivalkaraoke.ca\/?page_id=2388"},"modified":"2025-11-27T06:43:08","modified_gmt":"2025-11-27T11:43:08","slug":"medley","status":"publish","type":"page","link":"https:\/\/festivalkaraoke.ca\/index.php\/medley\/","title":{"rendered":"Medley"},"content":{"rendered":"\n<p><strong>! (Medley) &#8211; Adamo &#8211; \u00c0 not\u2019 bon coeur &amp; le n\u00e9on &amp; petit bonheur etc (3.20)<br>! (Medley) &#8211; Adamo &#8211; Accroche une larme aux nuages &amp; elle marche etc (B-V) (3.52)<br>! (Medley) &#8211; Adamo &#8211; C&rsquo;est quand m\u00eame merveilleux (4.12)<br>! (Medley) &#8211; Billy Swan &#8211; Jailhouse rock &amp; king creole (3.40) (2-)*<br>! (Medley) &#8211; Bobby Hachey \u2013 La louisiane &amp; mille apr\u00e8s mille etc (4.13) (2)<br>! (Medley) &#8211; Bobby Vee &#8211; Devil or angel (4.44)<br>! (Medley) &#8211; Bobby Vee \u2013 Take good care of my baby &amp; rubber ball etc (B-V) (4.21)<br>! (Medley) &#8211; Boney M &#8211; River of babylon (Duet) (3.59)<br>! (Medley) &#8211; Boney M &#8211; River of babylon (Female Solo) (3.59)<br>! (Medley) &#8211; Brenda Lee &#8211; Let&rsquo;s jump (4.43)<br>! (Medley) &#8211; Buddy Holly \u2013 Baby i don\u2019t care &amp; brown eyed handsome man etc (3.10)<br>! (Medley) &#8211; Buddy Holly \u2013 Fools paradise &amp; crying, waiting, hoping etc (B-V) (4.09)<br>! (Medley) &#8211; Buddy Holly \u2013 Love is strange &amp; what to do etc (3.42)<br>! (Medley) &#8211; Buddy Holly \u2013 Oh boy &amp; peggy sue etc (B-V) (3.08) (6)<br>! (Medley) &#8211; Buddy Holly \u2013 True love ways &amp; raining in my heart etc (3.58)<br>! (Medley) &#8211; C.C.R. &#8211; Proud mary, who&rsquo;ll stop, have you ever, bad Moon (6.35) (000)<br>! (Medley) &#8211; Cayouche \u2013 La chaine &amp; la reine &amp; l\u2019alcool (4.08) (13)<br>! (Medley) &#8211; C\u00e9sar &amp; Les Romains \u2013 Alors c\u2019\u00e9tait lui &amp; toi et moi (4.08) (2)<br>! (Medley) &#8211; Claude Valade \u2013 Je m\u2019sens tr\u00e8s seule &amp; reste encore (4.12)<br>! (Medley) &#8211; Cliff Richard &#8211; Theme for a dream (4.35)<br>! (Medley) &#8211; Cliff Richard \u2013 Dancing shoes &amp; on the beach (3.59)<br>! (Medley) &#8211; Cliff Richard \u2013 Livin\u2019 lovin\u2019 doll &amp; gee whiz it&rsquo;s you (3.09)<br>! (Medley) &#8211; Cliff Richard \u2013 Travellin\u2019 light &amp; living doll etc (4.03)<br>! (Medley) &#8211; Compagie Creole &#8211; C&rsquo;est bon pour le moral (5.13)<br>! (Medley) &#8211; Dani Daraiche \u2013 Un petit miracle &amp; one small miracle (bilingue) (2)*<br>! (Medley) &#8211; Dany Brillant \u2013 Rock around the clock &amp; jailhouse rock etc (3.50) (2)<br>! (Medley) &#8211; Demis Roussos &#8211; Goodbye my Love (4.26)<br>! (Medley) &#8211; Derek Ryan \u2013 Suspicious minds &amp; burning love &amp; can help falling in love (3.41)<br>! (Medley) &#8211; Doris Leclerc \u2013 Ma guitare, mon sourire &amp; \u00e0 l&rsquo;\u00e9glise du village etc (3.52) (2)<br>! (Medley) &#8211; Edith Butler \u2013 J&rsquo;ai un bouton su l&#8217;bout d&rsquo;la langue &amp; la bastringue (2.40) (12)<br>! (Medley) &#8211; Edith Piaf &#8211; La vie en rose (4.36)<br>! (Medley) &#8211; Elvis Presley \u2013 Blueberry hill &amp; I can\u2019t stop loving you (Live) (B-V) (3.10) (7)<br>! (Medley) &#8211; Elvis Presley \u2013 Down by the riverside &amp; the saints go marching in (B-V) (2.06) (7)<br>! (Medley) &#8211; Elvis Presley \u2013 Heartbreak hotel &amp; hound dog &amp; all shook up (3.20) (7)<br>! (Medley) &#8211; Elvis Presley \u2013 Medely Bon&rsquo;t be cruel &amp; Teddy bear (3.50) (000)<br>! (Medley) &#8211; Elvis Presley \u2013 Teddy bear &amp; don\u2019t be cruel (1958) (B-V) (2.03) (1)<br>! (Medley) &#8211; Guy (Ti-Guy) \u00c9mond \u2013 Oh carole &amp; diana etc (B-V) (4.11) (12)<br>! (Medley) &#8211; Guylaine Tanguay \u2013 Chanson prisonnier &amp; un verre sur la table (4.05) (2)<br>! (Medley) &#8211; Guylaine Tanguay \u2013 Cowgirl de ville &amp; l\u2019enfant do etc (B-V) (3.28) (2)<br>! (Medley) &#8211; Guylaine Tanguay \u2013 Cowgirl dor\u00e9e &amp; ma guitare mon sourire (3.26) (2)<br>! (Medley) &#8211; Guylaine Tanguay \u2013 Don\u2019t be cruel &amp; teddy bear (B-V) (2.56) (2)<br>! (Medley) &#8211; Herman\u2019s Hermits \u2013 I\u2019m into something good &amp; silhouettes etc (4.10)<br>! (Medley) &#8211; Herman\u2019s Hermits \u2013 Something\u2019s happening &amp; a must to avoid (2.48)<br>! (Medley) &#8211; Joel Denis \u2013 Le yaya &amp; donne-moi ta bouche etc (4.12)<br>! (Medley) &#8211; Jo\u00eblle Bizier \u2013 Donnes-y la claque joelle &amp; diggy liggy li etc (3.46) (2-)<br>! (Medley) &#8211; John McNicholl &#8211; Your cheating heart &amp; take these chains etc (3.42) (16)<br>! (Medley) &#8211; Johnny Farago &#8211; Je me souviens &amp; t&rsquo;aurais pas d\u00fb mourir si jeune (5.37) (2)<br>! (Medley) &#8211; Julie Daraiche &#8211; Au temps de la bonne chanson (4.52) (12)<br>! (Medley) &#8211; Julie Daraiche &#8211; Je suis folle de t&rsquo;aimer (4.39) (2)*<br>! (Medley) &#8211; Karo &amp; Christian &#8211; Mon p&rsquo;tit bobby &amp; mauvaise r\u00eaverie (B-V) (5.00) (2)<br>! (Medley) &#8211; Kenny Rogers \u2013 Le peureux du village &amp; coward of the county (bilingue) (4.27) (16)<br>! (Medley) &#8211; Les Filles de \u2026 \u2013 Le p\u2019tit bobby &amp; colinda (B-V) (3.18) (2).cdg<br>! (Medley) &#8211; Les Soeurs Martel &#8211; Que la lune est belle ce soir (5.14) (2)*<br>! (Medley) &#8211; Lina Primard \u2013 Je voudrais \u00eatre un ange &amp; mr armstrong etc (B-V) (3.42) (2)<br>! (Medley) &#8211; Lina Primard \u2013 Oublie le pass\u00e9 &amp; madelinot etc (4.18) (2)<br>! (Medley) &#8211; Little Richard &#8211; Rock &amp; roll (5.05) (000)<br>! (Medley) &#8211; Marie King &#8211; Hommage \u00e0 chantal pary (4.55) (20)<br>! (Medley) &#8211; Maurice B\u00e9liveau \u2013 \u00c0 mon passage en acadie &amp; au pied du quai etc (3.15) (2-)<br>! (Medley) &#8211; Maxime Landry &#8211; Mille apr\u00e8s mille &amp; on the road (4.44) (20)<br>! (Medley) &#8211; Medley Abitibien (On est tu ben quand on est chaud (5.02) (000)<br>! (Medley) &#8211; Medley cocktail &#8211; Jeunesse d&rsquo;aujourd&rsquo;hui (francais) (5.44)<br>! (Medley) &#8211; Medley cocktail &#8211; Retour de nos idoles (4.55)<br>! (Medley) &#8211; Medley cocktail &#8211; Sentimental (francais) (7.26)<br>! (Medley) &#8211; Medley r\u00e9tro &#8211; Oh carol, cha cha cha (4.41)<br>! (Medley) &#8211; Medley r\u00e9tro &#8211; Rock around the clock (4.10)<br>! (Medley) &#8211; Medley r\u00e9tro &#8211; Ti-Bicycle, Ftigidaire, Gros jambon etc (4.04)<br>! (Medley) &#8211; Nana Mouskouri &#8211; Guantanamera &amp; pepito (5.28)<br>! (Medley) &#8211; Nathan Carter &#8211; Burning love &amp; proud mary (4.45) (1)<br>! (Medley) &#8211; Paula Comeau &#8211; Un verre sur la table &amp; que la lune est belle ce soir (5.04) (2)*<br>! (Medley) &#8211; R\u00e9veil &#8211; La cabane du fer \u00e0 cheval (5.01) (2)<br>! (Medley) &#8211; Richard Cusson &#8211; Du bleu du bleu (4.48) (16)<br>! (Medley) &#8211; Robert Demontigny &#8211; Un baiser de toi (5.20)<br>! (Medley) &#8211; Rolling Stones &#8211; Honky Tonk Women (5.50)<br>! (Medley) &#8211; Roy Orbison &#8211; In dreams (4.36)<br>! (Medley) &#8211; Roy Orbison \u2013 Pretty woman &amp; you got it etc (3.40)<br>! (Medley) &#8211; Sacha Distel &amp; Joe Dassin &#8211; Oh papa (5.07)<br>! (Medley) &#8211; Salebarbes &#8211; Gin \u00e0 l&rsquo;eau sal\u00e9e, disco fa dodo, haricots, gagner sa vie (5.40)<br>! (Medley) &#8211; Scott &amp; G\u00e9rald Delhunty &#8211; Medley d&rsquo;Hank williams (5.53) (2)<br>! (Medley) &#8211; Scott &amp; G\u00e9rald Delhunty &#8211; Medley de Ricky skaggs (6.18) (2)<br>! (Medley) &#8211; Shakin Stevens \u2013 A letter to you &amp; shirley etc (4.03)<br>! (Medley) &#8211; T. Rex &#8211; Get it on (5.49)<br>! (Medley) &#8211; The Beach Boys \u2013 Good vibration &amp; help me rhonda etc (4.23)<br>! (Medley) &#8211; The Beatles &#8211; Let it be (4.52) (1)<br>! (Medley) &#8211; The Beatles &#8211; Sgt. pepper&rsquo;s (5.00)<br>! (Medley) &#8211; The Beatles &#8211; There&rsquo;s a place (3.38)<br>! (Medley) &#8211; The Beatles &#8211; This boy (4.38)<br>! (Medley) &#8211; The Beatles \u2013 Twist and shout &amp; help me etc ( B-V) (4.19) (1)<br>! (Medley) &#8211; The Blues Brothers \u2013 Everybody needs somebody (4.34)<br>! (Medley) &#8211; The Blues Brothers \u2013 Soul man &amp; who\u00a0\u00bbs making love etc (B-V) (2.47)<br>! (Medley) &#8211; The Eagles &#8211; Good day in hell (5.20)<br>! (Medley) &#8211; The Eagles &#8211; New kid in town (5.36)<br>! (Medley) &#8211; The Eagles &#8211; Peaceful easy feeling (6.09)<br>! (Medley) &#8211; The New Seekers \u2013 I\u2019d like to teach the world &amp; you won&rsquo;t find another (3.30)<br>! (Medley) &#8211; Tim McGraw \u2013 Real good man &amp; ill\u00e9gal etc (4.09)<br>! (Medley) &#8211; Tim McGraw \u2013 She&rsquo;s my kind of rain (4.51)<br>! (Medley) &#8211; Tom Jones &#8211; It&rsquo;s not unusual (6.02)<br>! (Medley) &#8211; Tom T. Hall \u2013 Old dogs, children &amp; watermelon wine (4.25) (4)<br>! (Medley) &#8211; Yvon Collette &#8211; Un verre de limonade (4.53)<br>! (Medley) &#8211; Zachary Richard &#8211; Du bleu (Mambo) (4.50) (16)<\/strong><\/p>\n","protected":false},"excerpt":{"rendered":"<p>! (Medley) &#8211; Adamo &#8211; \u00c0 not\u2019 bon coeur &amp; le n\u00e9on &amp; petit bonheur etc (3.20)! (Medley) &#8211; Adamo &#8211; Accroche une larme aux nuages &amp; elle marche etc (B-V) (3.52)! (Medley) &#8211; Adamo &#8211; C&rsquo;est quand m\u00eame merveilleux (4.12)! (Medley) &#8211; Billy Swan &#8211; Jailhouse rock &amp; king&#8230; <a class=\"continue-reading-link\" href=\"https:\/\/festivalkaraoke.ca\/index.php\/medley\/\"> Continue reading <span class=\"meta-nav\">&rarr; <\/span><\/a><\/p>\n","protected":false},"author":1,"featured_media":0,"parent":0,"menu_order":0,"comment_status":"closed","ping_status":"closed","template":"","meta":{"footnotes":""},"class_list":["post-2388","page","type-page","status-publish","hentry"],"_links":{"self":[{"href":"https:\/\/festivalkaraoke.ca\/index.php\/wp-json\/wp\/v2\/pages\/2388","targetHints":{"allow":["GET"]}}],"collection":[{"href":"https:\/\/festivalkaraoke.ca\/index.php\/wp-json\/wp\/v2\/pages"}],"about":[{"href":"https:\/\/festivalkaraoke.ca\/index.php\/wp-json\/wp\/v2\/types\/page"}],"author":[{"embeddable":true,"href":"https:\/\/festivalkaraoke.ca\/index.php\/wp-json\/wp\/v2\/users\/1"}],"replies":[{"embeddable":true,"href":"https:\/\/festivalkaraoke.ca\/index.php\/wp-json\/wp\/v2\/comments?post=2388"}],"version-history":[{"count":4,"href":"https:\/\/festivalkaraoke.ca\/index.php\/wp-json\/wp\/v2\/pages\/2388\/revisions"}],"predecessor-version":[{"id":2442,"href":"https:\/\/festivalkaraoke.ca\/index.php\/wp-json\/wp\/v2\/pages\/2388\/revisions\/2442"}],"wp:attachment":[{"href":"https:\/\/festivalkaraoke.ca\/index.php\/wp-json\/wp\/v2\/media?parent=2388"}],"curies":[{"name":"wp","href":"https:\/\/api.w.org\/{rel}","templated":true}]}}