{"id":1045,"date":"2025-01-21T00:29:46","date_gmt":"2025-01-21T05:29:46","guid":{"rendered":"https:\/\/festivalkaraoke.ca\/?page_id=1045"},"modified":"2025-11-26T16:42:45","modified_gmt":"2025-11-26T21:42:45","slug":"francais-french-u-v-w-x-y-z","status":"publish","type":"page","link":"https:\/\/festivalkaraoke.ca\/index.php\/francais-french-u-v-w-x-y-z\/","title":{"rendered":"Fran\u00e7ais (U &#8211; V &#8211; W &#8211; X &#8211; Y &#8211; Z) French"},"content":{"rendered":"\n<p><strong>V\u00e9ronique Gravel &#8211; L&rsquo;amour est entr\u00e9 dans ma vie (bilingue) (2)*<br>V\u00e9ronique Labb\u00e9 &#8211; C&rsquo;est d\u00e9j\u00e0 trop tard (B-V) (2)<br>V\u00e9ronique Labb\u00e9 &#8211; Ce n&rsquo;est qu&rsquo;un r\u00eave (2)*<br>V\u00e9ronique Labb\u00e9 &#8211; Corps \u00e0 corps (B-V) (2)<br>V\u00e9ronique Labb\u00e9 &#8211; Emm\u00e8ne-moi (2)<br>V\u00e9ronique Labb\u00e9 &#8211; Girls just wanna have fun (anglais) (2)*<br>V\u00e9ronique Labb\u00e9 &#8211; L&rsquo;h\u00f4tel &amp; la boisson (4)*<br>V\u00e9ronique Labb\u00e9 &#8211; Les trois cloches (2)<br>V\u00e9ronique Labb\u00e9 &#8211; Maintenant et demain (12)*<br>V\u00e9ronique Labb\u00e9 &#8211; M\u00eame en enfer y&rsquo;a encore d&rsquo;la bi\u00e8re (B-V) (2)<br>V\u00e9ronique Labb\u00e9 &#8211; On as chant\u00e9 trop fort (2)<br>V\u00e9ronique Labb\u00e9 &#8211; On part (2)<br>V\u00e9ronique Labb\u00e9 &#8211; Pr\u00eat \u00e0 l&rsquo;amour (if you&rsquo;re not) (2-)<br>V\u00e9ronique Labb\u00e9 &#8211; Si tout s&rsquo;arr\u00eate (it&rsquo;s a heartache)<br>V\u00e9ronique Labb\u00e9 &#8211; Wagon wheel (anglais) (B-V) (2)<br>Viateur Caron &#8211; 25 ans d&rsquo;amour (2)<br>Viateur Caron &#8211; Au lobby de ton coeur (live) (B-V) (2)<br>Viateur Caron &#8211; Elle avait dix-sept ans (2)<br>Viateur Caron &#8211; Il s&rsquo;appelait omer (2)*<br>Viateur Caron &#8211; Il s&rsquo;appelait omer (B-V) (2)*<br>Viateur Caron &#8211; J&rsquo;ai le coeur en peine (2)<br>Viateur Caron &#8211; Je chante en me r\u00e9veillant (2-)<br>Viateur Caron &#8211; M&rsquo;aimeras-tu quand je serai vieux (2-)<br>Viateur Caron &#8211; Madelinot (12)<br>Viateur Caron &#8211; Mes amis les chasseurs (12)<br>Viateur Caron &#8211; Nouveau d\u00e9part (12)<br>Viateur Caron &#8211; Quand j&rsquo;\u00e9crirai ma derniere chanson (12)<br>Viateur Caron &#8211; Sharambie (12)<br>Viateur Caron &#8211; Sois fid\u00e8le et sinc\u00e8re (16)<br>Viateur Caron &#8211; Trop de verres trop de bouteilles (2)<br>Vicky &#8211; Le temps des fleurs (12)<br>Vincent Valli\u00e8res &#8211; Je pars \u00e0 pied (2)<br>Vincent Valli\u00e8res &#8211; Le bord de l&rsquo;eau (2)<br>Viola Daraiche &#8211; Maman d&rsquo;amour (12)<br>Vulgaires Machins &#8211; Et m\u00eame si (2)<br>Wendell Roach &#8211; Ce p&rsquo;tit verre de vin (16)<br>Wendell Roach &#8211; Hommage \u00e0 un ami (2)<br>Wendell Roach &#8211; J&rsquo;aime le country (2)<br>Wendell Roach &#8211; L&rsquo;automne dans ma vall\u00e9e (2)<br>Wendell Roach &#8211; La r\u00e9alit\u00e9 (2)<br>Wendell Roach &#8211; Les su\u00eates (2)<br>Wendell Roach &#8211; M&rsquo;aimera-tu (16)<br>Wendell Roach &#8211; M\u00e9m\u00e8re (12)<br>Wendell Roach &#8211; Mercury blues (francais) (12)<br>Wendell Roach &#8211; Mon petit village (2)<br>Wendell Roach &#8211; Reserve me a table (12)<br>Wendell Roach &#8211; Retour \u00e0 mon village (2)<br>Wendell Roach &#8211; Style buck owens (2)<br>Wilfred LeBouthillier &#8211; Jean batailleur (000)<br>Wilfred LeBouthillier &#8211; La reine du bingo (nouvelle vers) (2)<br>Willie Lamothe &#8211; Allo allo petit michel (2)<br>Willie Lamothe &#8211; Ces cloches ne sonneront jamais pour moi (2)<br>Willie Lamothe &#8211; Coeur bris\u00e9 (2-)<br>Willie Lamothe &#8211; Embarque on ira pas vite (12)<br>Willie Lamothe &#8211; Ensemble pour la vie (20)<br>Willie Lamothe &#8211; Ensemble pour toujours (12)<br>Willie Lamothe &#8211; Je chante \u00e0 cheval (12)<br>Willie Lamothe &#8211; La chanson de l&rsquo;aveugle (12)<br>Willie Lamothe &#8211; La pri\u00e8re du mendiant (12)<br>Willie Lamothe &#8211; Le mur d&rsquo;acier (2-)<br>Willie Lamothe &#8211; Mille apr\u00e8s mille (2)<br>Willie Lamothe &#8211; Mon voyage en louisiane (12)<br>Willie Lamothe &#8211; Pardonnes-moi ma ch\u00e9rie (20)<br>Willie Lamothe &#8211; Perdu sans toi (12)<br>Willie Lamothe &#8211; Quand le soleil dit bonjour aux montagnes (20)<br>Willie Lamothe &#8211; Willie r&rsquo;viendra (000)<br>Xception &#8211; Le bon vieux temps (B-V) (2)<br>Yan David &#8211; Aide-moi (000)<br>Yan David &#8211; \u00c7a pas de sens (2-)<br>Yan David &#8211; Coeur en otage (20)<br>Yan David &#8211; Elle ne pleure plus maintenant (000)<br>Yan David &#8211; Je suis condamn\u00e9 (20)<br>Yan David &#8211; Je t&rsquo;aime tout bas (2)<br>Yan David &#8211; Je veux t&rsquo;aimer ce soir (12)<br>Yan David &#8211; Jusqu&rsquo;au bout (2)<br>Yan David &#8211; La d\u00e9cision (12)<br>Yan David &#8211; La fille du sud (000)<br>Yan David &#8211; Mon coeur te dit je t&rsquo;aime (000)<br>Yan David &#8211; On n&rsquo;a pas le droit (12)<br>Yan David &#8211; O\u00f9 c&rsquo;que j&rsquo;vais coucher (20)<br>Yan David &#8211; Pardonne-moi (2)<br>Yan David &#8211; Pour toi (2)<br>Yan David &#8211; Pourquoi ne pas dire que tu m&rsquo;aimes (2)<br>Yan David &#8211; Que viens-tu faire dans mes reves (000)<br>Yan David &#8211; T&rsquo;aimer en silence (000)<br>Yan David &#8211; Tu sais que je t&rsquo;aime (2-)<br>Yan David &#8211; Un peu d&rsquo;amour (2)<br>Yan David &amp; Tex Lecor &#8211; Dis-moi p\u00e9p\u00e8re (000)<br>Yannick Gravel &#8211; La bouteille m&rsquo;a laisse tomber (12)<br>Yannick Gravel &#8211; Ouvre s&rsquo;en une autre (2-)<br>Yannick Gravel (Annie Duguay) &#8211; Profitons de l&rsquo;\u00e9t\u00e9 (B-V) (2)<br>Yannick St-Jacques &#8211; Fou d&rsquo;amour (12)<br>Yannick St-Jacques &#8211; Je vis le country (12)<br>Yannick St-Jacques &#8211; La belle Julie (12)<br>Yannick St-Jacques &#8211; Nadia (20)<br>Yoan Garneau &#8211; Baby what you want me to do (000)<br>Yoan Garneau &#8211; Je t&rsquo;aime \u00e9videmment (000)<br>Yoan Garneau &#8211; T&rsquo;aimer trop (000)<br>Yoan Garneau &amp; Brett Kissel &#8211; Good hearted woman (2)<br>Yoan Garneau &amp; Isabelle Boulay &#8211; J&rsquo;entends siffler le train (2)<br>Yvann &#8211; Le ciel au fond du coeur (16)<br>Yves Gagnon &#8211; Aide-moi \u00e0 passer la nuit (16)<br>Yves Lambert &amp; Ren\u00e9 Turgeon &#8211; La chanson du mensonge (2)<br>Yvon Collette &#8211; Cheyenne (2-)<br>Yvon Collette &#8211; Dance with me molly (2)<br>Yvon Collette &#8211; Ensemble avec les anges (2-)<br>Yvon Collette &#8211; Folie de ma vie (12)<br>Yvon Collette &#8211; L&rsquo;amour d&rsquo;un enfant (2)<br>Yvon Collette &#8211; L&rsquo;amour d&rsquo;un enfant (B-V) (2)<br>Yvon Collette &#8211; L&rsquo;\u00e9t\u00e9 dans l&rsquo;air (2)<br>Yvon Collette &#8211; La chamaille va commencer (2-)<br>Yvon Collette &#8211; Le mendiant (12)<br>Yvon Collette &#8211; Le vieux star (2)<br>Yvon Collette &#8211; R\u00e9ponse tragique (12)<br>Yvon Collette &#8211; Salut les amoureux (2-)<br>Yvon Collette &#8211; Tu en as le droit (2)<br>Yvon Collette &#8211; Tu en as le droit (B-V) (2)<br>Yvon Collette &#8211; V\u00e9t\u00e9ran de guerre (2)<br>Yvon Collette &#8211; V\u00e9t\u00e9ran de guerre (B-V) (2)<br>Yvon Julien &#8211; Les ennuies du vendredi soir (12)<br>Zachary Richard &#8211; Au bord du lac bijoux (2)<br>Zachary Richard &#8211; Au paradis avec toi (16)<br>Zachary Richard &#8211; Au ranch \u00e0 willy (20)<br>Zachary Richard &#8211; Cap enrag\u00e9 (12)*<br>Zachary Richard &#8211; Colinda (3)<br>Zachary Richard &#8211; Hootchie Kootchie pour toi (000)<br>Zachary Richard &#8211; J&rsquo;parle cajun (12)<br>Zachary Richard &#8211; L&rsquo;arbre est dans ses feuilles (000)<br>Zachary Richard &#8211; La bataille de jean batailleur (000)<br>Zachary Richard &#8211; La guitare de j\u00e9r\u00e9mie (000)<br>Zachary Richard &#8211; Pagayer (20)<br>Zachary Richard &#8211; Travailler c&rsquo;est trop dur (2)<br>Zachary Richard &#8211; Travailler c&rsquo;est trop dur (B-V) (20)<br>Zachary Richard &#8211; Un autre baiser (000)<br>Zachary Richard &#8211; Y&rsquo;a un vent qui me ram\u00e8ne (12)*<br>Zarico &#8211; Porte d&rsquo;en arri\u00e8re (2)<br>Zoukovery &#8211; Apr\u00e8s toi (16)<\/strong><\/p>\n","protected":false},"excerpt":{"rendered":"<p>V\u00e9ronique Gravel &#8211; L&rsquo;amour est entr\u00e9 dans ma vie (bilingue) (2)*V\u00e9ronique Labb\u00e9 &#8211; C&rsquo;est d\u00e9j\u00e0 trop tard (B-V) (2)V\u00e9ronique Labb\u00e9 &#8211; Ce n&rsquo;est qu&rsquo;un r\u00eave (2)*V\u00e9ronique Labb\u00e9 &#8211; Corps \u00e0 corps (B-V) (2)V\u00e9ronique Labb\u00e9 &#8211; Emm\u00e8ne-moi (2)V\u00e9ronique Labb\u00e9 &#8211; Girls just wanna have fun (anglais) (2)*V\u00e9ronique Labb\u00e9 &#8211; L&rsquo;h\u00f4tel &amp;&#8230; <a class=\"continue-reading-link\" href=\"https:\/\/festivalkaraoke.ca\/index.php\/francais-french-u-v-w-x-y-z\/\"> Continue reading <span class=\"meta-nav\">&rarr; <\/span><\/a><\/p>\n","protected":false},"author":1,"featured_media":0,"parent":0,"menu_order":0,"comment_status":"closed","ping_status":"closed","template":"","meta":{"footnotes":""},"class_list":["post-1045","page","type-page","status-publish","hentry"],"_links":{"self":[{"href":"https:\/\/festivalkaraoke.ca\/index.php\/wp-json\/wp\/v2\/pages\/1045","targetHints":{"allow":["GET"]}}],"collection":[{"href":"https:\/\/festivalkaraoke.ca\/index.php\/wp-json\/wp\/v2\/pages"}],"about":[{"href":"https:\/\/festivalkaraoke.ca\/index.php\/wp-json\/wp\/v2\/types\/page"}],"author":[{"embeddable":true,"href":"https:\/\/festivalkaraoke.ca\/index.php\/wp-json\/wp\/v2\/users\/1"}],"replies":[{"embeddable":true,"href":"https:\/\/festivalkaraoke.ca\/index.php\/wp-json\/wp\/v2\/comments?post=1045"}],"version-history":[{"count":12,"href":"https:\/\/festivalkaraoke.ca\/index.php\/wp-json\/wp\/v2\/pages\/1045\/revisions"}],"predecessor-version":[{"id":2434,"href":"https:\/\/festivalkaraoke.ca\/index.php\/wp-json\/wp\/v2\/pages\/1045\/revisions\/2434"}],"wp:attachment":[{"href":"https:\/\/festivalkaraoke.ca\/index.php\/wp-json\/wp\/v2\/media?parent=1045"}],"curies":[{"name":"wp","href":"https:\/\/api.w.org\/{rel}","templated":true}]}}