{"id":1041,"date":"2025-01-21T00:28:55","date_gmt":"2025-01-21T05:28:55","guid":{"rendered":"https:\/\/festivalkaraoke.ca\/?page_id=1041"},"modified":"2025-11-26T16:40:14","modified_gmt":"2025-11-26T21:40:14","slug":"francais-french-s","status":"publish","type":"page","link":"https:\/\/festivalkaraoke.ca\/index.php\/francais-french-s\/","title":{"rendered":"Fran\u00e7ais (S &amp; T) French"},"content":{"rendered":"\n<p><strong>Sacha Distel &#8211; Accroche un ruban (2-)<br>Sacha Distel &#8211; C&rsquo;est impossible (12)<br>Sacha Distel &#8211; Ces mots stupide (12)<br>Sacha Distel &#8211; Chanson bleue (12)<br>Sacha Distel &#8211; L&rsquo;incendie a rio (20)<br>Sacha Distel &#8211; L&rsquo;incendie a rio-(remix) (B-V) (2)<br>Sacha Distel &#8211; La belle vie (12)<br>Sacha Distel &#8211; La bonne humeur (2)<br>Sacha Distel &#8211; La petite puce (12)<br>Sacha Distel &#8211; Les moustaches (12)<br>Sacha Distel &#8211; Ma femme (12)<br>Sacha Distel &#8211; Monsieur cannibal (2-)<br>Sacha Distel &#8211; Oh! quelle nuit (12)<br>Sacha Distel &#8211; Scandale dans la famille (20)<br>Sacha Distel &#8211; Scoubidou (5)<br>Sacha Distel &#8211; Toute la pluie tombe sur moi (2-)<br>Sacha Distel &amp; Brigitte Bardot &#8211; Le soleil de ma vie (12)<br>Salebarbes &#8211; Allons danser (2)<br>Salebarbes &#8211; Appelle-moi pas par son nom (2)<br>Salebarbes &#8211; Bayou ponpon (2)<br>Salebarbes &#8211; Bosco stomp (20)*<br>Salebarbes &#8211; C&rsquo;est la vie (2)<br>Salebarbes &#8211; Casser la table (20)<br>Salebarbes &#8211; Ces oiseaux-l\u00e0 (4)<br>Salebarbes &#8211; Chat par la cheu (2)<br>Salebarbes &#8211; Disco fa dodo (2)<br>Salebarbes &#8211; Gagner sa vie (2)<br>Salebarbes &#8211; Gin \u00e0 l&rsquo;eau sal\u00e9e (2)<br>Salebarbes &#8211; Good lord (2)<br>Salebarbes &#8211; J&rsquo;t&rsquo;ai pardonn\u00e9 mais j&rsquo;peux pas t&rsquo;oublier (2)<br>Salebarbes &#8211; J&rsquo;t&rsquo;aime pas mieux (2)<br>Salebarbes &#8211; La danse du mardi gras (2)<br>Salebarbes &#8211; La derni\u00e8re fois (2)<br>Salebarbes &#8211; La rivi\u00e8re (accoustic) (20)<br>Salebarbes &#8211; Les haricots (2)<br>Salebarbes &#8211; Les haricots (B-V) (2)<br>Salebarbes &#8211; Marcher l&rsquo;plancher (2)<br>Salebarbes &#8211; Marcher l&rsquo;plancher (B-V) (2)<br>Salebarbes &#8211; Pas tout l&rsquo;temps l&rsquo;temps (2)<br>Salebarbes &#8211; Pourquoi t&rsquo;es pas dans mes bras (2)<br>Salebarbes &#8211; Stirer la roux (2)<br>Salebarbes &#8211; Tite gomme (2)<br>Salebarbes &#8211; Tricher au solitaire (B-V) (2)<br>Salebarbes &#8211; Un autre soir ennuyant (2)<br>Salebarbes &#8211; Y&rsquo;a l&rsquo;bon Dieu qui l&rsquo;attend (20)<br>Samantha &#8211; Viva espana (bilingue) (000)<br>Sandra Kim &#8211; Je t&rsquo;ai tout donn\u00e9 (20)<br>Santa Rosa &#8211; Bonjour mon ami (B-V) (16)<br>Santa Rosa &#8211; Ce n&rsquo;est qu&rsquo;un r\u00eave (12)<br>Santa Rosa &#8211; Fais chanter le jukebox (16)<br>Sara Dufour &#8211; Aux cinq chutes (2)<br>Sara Dufour &#8211; Baseball (B-V) (2)<br>Sara Dufour &#8211; Chu m\u00eal\u00e9e (16)<br>Sara Dufour &#8211; Ciao bye (B-V) (2)<br>Sara Dufour &#8211; J&rsquo;m&rsquo;en va dans l&rsquo;bois (16)<br>Sara Dufour &#8211; J&rsquo;t&rsquo;\u00e9coeur\u00e9e (B-V) (2)<br>Sara Dufour &#8211; Johnny (2)<br>Sara Dufour &#8211; On va-tu prendre une marche (20)<br>Sara Dufour &#8211; On va-tu prendre une marche (B-V) (2)<br>Sara Dufour &#8211; Parce-qu&rsquo;on s&rsquo;aime (2)<br>Sara Dufour &#8211; Sans rancune budd\u00e9 (20)*<br>Sara Dufour &#8211; Semi-route, semi-trail (B-V) (2)<br>Sara&rsquo;h &#8211; Tout doucement-(remix) (2)<br>Sarah-May Vezeau &#8211; Le grain de sable (4)<br>Scooter Lee &#8211; J&rsquo;ai du boogie dans l&rsquo;sang (2)<br>Scott &amp; G\u00e9rald Delhunty &#8211; Bonne nuit ma ch\u00e9rie (2)<br>Scott &amp; G\u00e9rald Delhunty &#8211; C&rsquo;est moi pierre (2)<br>Scott &amp; G\u00e9rald Delhunty &#8211; D\u00e9chirer (2)<br>Scott &amp; G\u00e9rald Delhunty &#8211; Each season changes you (2)<br>Scott &amp; G\u00e9rald Delhunty &#8211; Honky tonk baby (2)<br>Scott &amp; Gerald Delhunty &#8211; Il \u00e9coute siffler le vent (2)<br>Scott &amp; G\u00e9rald Delhunty &#8211; J&rsquo;ai re\u00e7u une rose (2)<br>Scott &amp; G\u00e9rald Delhunty &#8211; Je suis tout fin seul (16)<br>Scott &amp; G\u00e9rald Delhunty &#8211; L&rsquo;autre moiti\u00e9 (2)<br>Scott &amp; G\u00e9rald Delhunty &#8211; La page qui suit (2)<br>Scott &amp; G\u00e9rald Delhunty &#8211; Laissons le bon temps rouler (2)<br>Scott &amp; G\u00e9rald Delhunty &#8211; Message au ciel (2)<br>Scott &amp; G\u00e9rald Delhunty &#8211; Message au ciel (B-V) (2)<br>Scott &amp; G\u00e9rald Delhunty &#8211; Mon ami du bar (2)<br>Scott &amp; G\u00e9rald Delhunty &#8211; Mon amour pour toujours (2)<br>Scott &amp; G\u00e9rald Delhunty &#8211; Papa regarde le ciel (2-)<br>Scott &amp; G\u00e9rald Delhunty &#8211; Pour t&rsquo;oublier (2)<br>Scott &amp; G\u00e9rald Delhunty &#8211; Quand sort les guitares (2)<br>Scott &amp; G\u00e9rald Delhunty &#8211; Tu es la seule (2)<br>Scott &amp; Gerald Delhunty &#8211; Tu es ma fille (2)<br>Scott &amp; G\u00e9rald Delhunty &#8211; Un samedi soir dans une auberge (2)<br>Seb&rsquo;Presta &#8211; Quand on est en amour (2)*<br>Seb&rsquo;Presta &#8211; Un jour de r\u00eave (2)<br>S\u00e9bastien Perrin &#8211; C&rsquo;est la f\u00eate en bavi\u00e8re (2)<br>S\u00e9bastien Perrin &#8211; C&rsquo;est la f\u00eate en bavi\u00e8re (B-V) (2)<br>Serge Blouin &#8211; Femmes de mes r\u00eaves (000)<br>Serge Blouin &#8211; Go mr berry go (12)<br>Serge Blouin &#8211; On dansait le rock&rsquo;n roll (000)<br>Serge Caissie &amp; Nicole Leblanc &#8211; A ton mariage (2-)<br>Serge Doiron &#8211; L&rsquo;amour de ma vie (2)<br>Serge Doiron &#8211; L&rsquo;amour de ma vie (B-V) (2-)*<br>Shania Twain &#8211; Pr\u00eat \u00e0 l&rsquo;amour (If you&rsquo;re not in it) (2)<br>Sheila &#8211; Bang bang (2)<br>Sheila &#8211; L&rsquo;\u00e9cole est finie (2)<br>Sheila &#8211; Les gondoles \u00e0 Venise (1)<br>Sheila &#8211; Les rois mages (2)<br>Sheila &#8211; Ne fais pas tanguer le bateau (B-V) (2)<br>Sheila &#8211; Pendant les vacances (1)<br>Sheila &#8211; Una paloma blanca (3)<br>Sheila &#8211; Vous les copains (2)<br>Sherazade &#8211; Ce qui ne nous tue pas (2)<br>Shirley Myer&rsquo;s &#8211; Oh ma m\u00e8re (000)<br>Simon Lemay &#8211; \u00c7a fait trop longtemps (16)<br>Simone et ses musiciens &#8211; Cr\u00fb d&rsquo;\u00eatre aim\u00e9 (16)<br>Soma Riba &#8211; Femme liber\u00e9e-(remix) (B-V) (2)<br>Sonia L\u00e9vesque &#8211; Mes yeux ont pleur\u00e9 sous la pluie (B-V) (2)*<br>Sonia L\u00e9vesque &#8211; Nos vies sont si diff\u00e9rentes (2)<br>Sonia L\u00e9vesque &#8211; Tu es mon soleil (2)<br>Sonia Sinclair &#8211; Prends un billet d&rsquo;avion (2)*<br>Sophie &amp; Mimi &#8211; Milles apr\u00e8s mille (13)<br>Sophie Pelletier &#8211; Sans remords (2)<br>Sophie Richard &#8211; Souvent elle pleure (2)<br>Steeve Arsenault &#8211; As-tu cru en moi (16)<br>Steeve Arsenault &#8211; Ce cowboy doit s&rsquo;en aller (BV) (16)<br>Steeve Arsenault &#8211; J&rsquo;ai quitt\u00e9 mes belles \u00eeles (2)<br>Steeve Desmarais &#8211; Ce n&rsquo;est pas d&rsquo;ta faute mon fr\u00e8re (2)<br>Steeve Desmarais &#8211; La l\u00e9gende du lac st-pierre (2)<br>Steeve Desmarais &#8211; La rage au coeur (2)<br>Steph Carse &#8211; Achy breaky dance (12)<br>Steph Carse &#8211; Boot scootin boogie (12)<br>St\u00e9phan Conrad &#8211; La chasse aux alligators (000)<br>St\u00e9phane &#8211; C&rsquo;est comme ca dans la vie (12)<br>St\u00e9phane &#8211; Hommage aux platters (12)<br>St\u00e9phane &#8211; Je suis heureux (2)<br>St\u00e9phane &#8211; La derni\u00e8re valse (000)<br>Stephane &#8211; La nuit tout se calme (000)<br>St\u00e9phane &#8211; Quand tu liras cette lettre (2)<br>St\u00e9phane &#8211; S\u00e8che tes larmes (000)<br>St\u00e9phane &#8211; Smoke get in yours eyes (francais) (12)<br>St\u00e9phane &#8211; Ton amour est ma richesse (20)<br>St\u00e9phane &#8211; Twilight time (francais) (20)<br>St\u00e9phane Komo &#8211; L\u2019amour je n\u2019y crois plus (12)<br>St\u00e9phane Moreau &#8211; On chauffera l&rsquo;autobus demain (B-V) (2)<br>St\u00e9phanie St-Jean &#8211; A toute allure (2)*<br>Stephen (Cassonade) Faulkner &#8211; Fermez les honky-tonks (2)<br>Stephen (Cassonade) Faulkner &#8211; J&rsquo;m&rsquo;en va r&rsquo;viendre (12)<br>Stephen (Cassonade) Faulkner &#8211; Moi je veux jouer au cowboy (2-)<br>Stephen (Cassonade) Faulkner &#8211; Mon grand cheval noir d\u2019amour (000)<br>Stephen (Cassonade) Faulkner &#8211; Si j&rsquo;avais un char (2)<br>Steve Fiset &#8211; Dans ma camaro (sur les chemins d&rsquo;\u00e9t\u00e9) (20)<br>Suro\u00eet &#8211; Courtableau (16)<br>Suro\u00eet &#8211; Filles de larochelle (12)<br>Suroit &#8211; Hey yaille yaille (000)<br>Suro\u00eet &#8211; La lianne (2-)<br>Suzanne Valli\u00e8res &#8211; Sharambie (2-)<br>Suzie Curadeau &#8211; Dans les eaux si loin (2)<br>Suzie Curadeau &#8211; Dans ma belle petite maison dans la vall\u00e9e (2-)<br>Suzie Curadeau &#8211; Destin cruel (2)*<br>Suzie Curadeau &#8211; Encore une fois (2-)<br>Suzie Curadeau &#8211; Es-tu mien (2)<br>Suzie Curadeau &#8211; Jambalaya (2-)<br>Suzie Curadeau &#8211; Jusqu&rsquo;au bout du monde (2)<br>Suzie Curadeau &#8211; L&rsquo;adieu du soldat lebrun (2-)<br>Suzie Curadeau &#8211; Le drame d&rsquo;un ivrogne (2-)*<br>Suzie Curadeau &#8211; Marier \u00e0 l&rsquo;\u00e9glise, divorc\u00e9 par la loi (2-)<br>Suzie Curadeau &#8211; Petit Michel (2)*<br>Suzie Curadeau &#8211; Pourquoi maman (2-)<br>Suzie Curadeau &#8211; Quand le soleil dit bonjour aux montagnes (2-)<br>Suzie Curadeau &#8211; Que la lune est belle ce soir (2)<br>Suzie Curadeau &#8211; T&rsquo;aimer pour la vie (000)<br>Suzie Curadeau &#8211; Un verre sur la table (2-)<br>Sweet People &#8211; A qui le petit coeur apr\u00e8s 9 heures (000)<br>Sweet People &#8211; Adios amigo (francais) (16)<br>Sweet People &#8211; Au revoir (000)<br>Sweet People &#8211; B\u00e2ton rouge (000)<br>Sweet People &#8211; C&rsquo;est dur de demander pardon (3)<br>Sweet People &#8211; California blue (000)<br>Sweet People &#8211; Ce n&rsquo;est qu&rsquo;un r\u00eave (2)*<br>Sweet People &#8211; Combien faut-il de temps (2)<br>Sweet People &#8211; Comment \u00e7a va (adalida) (000)<br>Sweet People &#8211; Comment \u00e7a va-(remix) (adilada) (2)<br>Sweet People &#8211; Dis-moi qu&rsquo;un jour (2)<br>Sweet People &#8211; Heureus&rsquo;ment y&rsquo;a la radio (000)<br>Sweet People &#8211; J&rsquo;y pense et puis j&rsquo;oublie (2)<br>Sweet people &#8211; Je t&rsquo;attendrai my love (000)<br>Sweet People &#8211; L&rsquo;arbre et l&rsquo;enfant (2)<br>Sweet People &#8211; La rose (2)<br>Sweet People &#8211; Laisse faire la chance (2)<br>Sweet People &#8211; Le caf\u00e9 des trois colombes (000)<br>Sweet People &#8211; Le marchand de bonheur (1)<br>Sweet People &#8211; Le plus beau de moi (2-)*<br>Sweet People &#8211; Les encha\u00een\u00e9s (unchained melody) (000)<br>Sweet People &#8211; Les fianc\u00e9s du lac de c\u00f4me (000)<br>Sweet People &#8211; Les roses blanches (2)<br>Sweet People &#8211; Les trois cloches (000)<br>Sweet People &#8211; Les violons d&rsquo;acadie (2)<br>Sweet People &#8211; Maria dolores (20)<br>Sweet People &#8211; Maria dolores-(remix) (2)<br>Sweet People &#8211; Merci (12)<br>Sweet People &#8211; Mon dernier amour (2)<br>Sweet People &#8211; Monia (000)<br>Sweet People &#8211; Montego Bay (2)<br>Sweet People &#8211; N&rsquo;oublie pas que je t&rsquo;aime (000)<br>Sweet People &#8211; Neige (2)<br>Sweet People &#8211; On est fait l&rsquo;un pour l&rsquo;autre (2)<br>Sweet People &#8211; One way wind (fran\u00e7ais) X (000)<br>Sweet People &#8211; O\u00f9 sont pass\u00e9s les beaux jours (2)<br>Sweet People &#8211; Oublie-moi (000)<br>Sweet People &#8211; Parce-que je t&rsquo;appartiens (2)<br>Sweet People &#8211; Pardon (000)<br>Sweet People &#8211; Perce les nuages (2)<br>Sweet People &#8211; Pour une danse avec toi (2)<br>Sweet People &#8211; Pour une danse avec toi (bilingue) (4)<br>Sweet People &#8211; Prendre un enfant par la main (000)<br>Sweet People &#8211; Quand l&rsquo;\u00e9t\u00e9 reviendra (2)<br>Sweet People &#8211; Quand le soleil dit bonjour (bilingue) (000)<br>Sweet People &#8211; Reviens (000)<br>Sweet People &#8211; Reviens (2)<br>Sweet People &#8211; River blue (000)<br>Sweet People &#8211; Si demain existait pas (000)<br>Sweet People &#8211; Si loin du bayou (2)<br>Sweet People &#8211; Si tu reviens (2)<br>Sweet People &#8211; Sierra madre del sur (2)<br>Sweet People &#8211; Sierra madre del sur (fran\u00e7ais) (000)<br>Sweet People &#8211; Silver bird (2-)<br>Sweet People &#8211; Souvenir de toi (20)*<br>Sweet People &#8211; Souvenirs d&rsquo;amour (000)<br>Sweet People &#8211; Sur mon bateau (1)<br>Sweet People &#8211; T&rsquo;as beau pas \u00eatre beau (000)<br>Sweet People &#8211; T&rsquo;envoler (2)<br>Sweet People &#8211; Tout l&rsquo;monde se le demande (2)<br>Sweet People &#8211; Tu n&rsquo;es plus l\u00e0 (000)<br>Sweet People &#8211; Un autre amour viendras (2)<br>Sweet People &#8211; Une chambre un motel (2)<br>Sweet People &#8211; Une chanson italienne (16)<br>Sweet People &#8211; Voil\u00e0 pourquoi on chante des chansons (2)<br>Sweet People &#8211; Vole colombe (000)<br>Sweet People &#8211; Vole vole (Melodie d&rsquo;amour) (2)*<br>Sweet People &#8211; Www souvenirs (fran\u00e7ais) (000)<br>Sylvain Cossette &#8211; Love me please love me (000)<br>Sylvain Garneau &#8211; L&rsquo;homme de la rue (3)<br>Sylvain Leli\u00e8vre &#8211; Moman est l\u00e0 (16)<br>Sylvain Richard &#8211; Les jumeaux (2)<br>Sylvain Richard &amp; Martin Bernatchez &#8211; Les anges du mexique (2)*<br>Sylvain Richer &#8211; Donnez-moi du rhum (12)<br>Sylvie &#8211; Le show (fran\u00e7ais) (2)*<br>Sylvie Beauchemin &#8211; Une rose pour maman (2)<br>Sylvie B\u00e9lair &#8211; Pri\u00e8re d&rsquo;une maman (16)<br>Sylvie Caron &#8211; Au pied de l&rsquo;escalier (000)<br>Sylvie Caron &#8211; Laisse ton coeur me parler (20)<br>Sylvie Caron &#8211; Les airs d&rsquo;autrefois (000)<br>Sylvie Caron &#8211; Ne m&rsquo;en veux pas (2)<br>Sylvie Caron &#8211; Si tu pars je voguerai (000)<br>Sylvie Caron &#8211; Souvent elle pleure (2)<br>Sylvie Caron &#8211; Sur mon nuage (12)<br>Sylvie Caron &#8211; Sur tes cheveux gris (12)<br>Sylvie Jasmin &#8211; Garde-moi dans tes bras (12)<br>Sylvie Jasmin &#8211; J&rsquo;ai cru voir une larme dans tes yeux (000)<br>Sylvie Jasmin &#8211; Je marche seule (000)<br>Sylvie Jasmin &#8211; Le temps du swing (2-)<br>Sylvie Jasmin &#8211; Si tu t&rsquo;appelles m\u00e9lancolie (12)<br>Sylvie Jasmin &#8211; Souvenir d&rsquo;un coeur (000)<br>Sylvie Jasmin &#8211; Souvenir d&rsquo;un coeur (16)<br>Sylvie Jasmin &#8211; Un baiser de toi (12)<br>Sylvie Jasmin &#8211; Une femme en amour (20)*<br>Sylvie Jasmin &amp; Jean-Rock Cummings &#8211; Nous deux on s&rsquo;aimera (20)<br>Sylvie Rioux &#8211; \u00c0 chacun sa diff\u00e9rence (2-)<br>Sylvie Rioux &#8211; Le party country (10)<br>Sylvie Rioux &#8211; Quand une fille dit non (12)<br>Sylvie Rioux &amp; Dany Denis &#8211; Une larme en un bouquet de fleurs (2-)<br>Sylvie Vartan &#8211; Bye bye leroy brown (fran\u00e7ais) (000)<br>Sylvie Vartan &#8211; Comme un gar\u00e7on (12)<br>Sylvie Vartan &#8211; Dadou ron ron (12)<br>Sylvie Vartan &#8211; En \u00e9coutant la pluie (000)<br>Sylvie Vartan &#8211; L&rsquo;amour c&rsquo;est comme une cigarette (2)<br>Sylvie Vartan &#8211; La plus belle pour aller danser (2)<br>Sylvie Vartan &#8211; Love is blue (anglais) (000)<br>Sylvie Vartan &#8211; Moi je pense encore \u00e0 toi (2-)<br>Sylvie Vartan &#8211; Petit rainbow (2)<br>Sylvie Vartan &#8211; Qu&rsquo;est-ce qui fait pleurer les blondes (20)<br>Tchad &#8211; Oh! Carole (francais) (B-V) (2-)*<br>Tchad &#8211; Whisky (francais) (B-V) (2)<br>Terry Hachey &#8211; Dans tes bras (2)<br>Terry Melanson &#8211; Mon coeur mon coeur (B-V) (2)<br>Tex Lecor &#8211; Bout de bon dieu (12)<br>Tex Lecor &#8211; Dans mon shack (12)<br>Tex Lecor &#8211; Je t&rsquo;aime (000)<br>Tex Lecor &#8211; La ballade du gars br\u00fbl\u00e9 (16)<br>Tex Lecor &#8211; Le frigidaire (12)<br>Tex Lecor &#8211; Lucille (000)<br>Tex Lecor &#8211; Ma rosalie (000)<br>Tex Lecor &#8211; Ma truie (12)<br>Tex Lecor &#8211; Pauvre jeunesse (12)<br>Tex Lecor &#8211; Quand \u00e7a n&rsquo;tourne pas rond (000)<br>Tex Lecor &#8211; Seul au caf\u00e9 (12)<br>Tex Lecor &#8211; Si tu t&rsquo;en vas demain (20)<br>Tex Lecor &#8211; Ti-bicycle (000)<br>Tex Lecor &#8211; Tout l&rsquo;monde est d&rsquo;bonne humeur (000)<br>Tex Lecor &amp; Yan David &#8211; Dis-moi p\u00e9p\u00e8re (000)<br>The Mavericks &#8211; All you ever do is bring me down (francais) (12)<br>The Mavericks &#8211; Pense \u00e0 moi si tu m&rsquo;aime (think of me) (12)<br>Th\u00e9r\u00e8se Deroy &#8211; L&rsquo;amour (12)*<br>Th\u00e9rese Desbiens &#8211; Pour ma m\u00e8re (12)<br>Tilmon Duguay &#8211; Tu sais maman (2-)<br>Tino Rossi &#8211; Cinquante ans d&rsquo;amour (remix) (2)<br>Tino Rossi &#8211; Le chant du Gardian (B-V) (2)<br>Tino Rossi &#8211; Le plus beau tango du monde (2)<br>Tino Rossi &#8211; Marinella (B-V) (2)<br>Tocad\u00e9o &#8211; R\u00eave encore (2)*<br>Tony Bee &#8211; Le miroir de ma vie (2-)*<br>Tony Massarelli &#8211; Amor, amor, amor (francais) (12)<br>Tony Massarelli &#8211; Ce soir je pleure sur notre amour (12)<br>Tony Massarelli &#8211; Ce soir je pleure sur notre amour-(remix) (2)<br>Tony Roman &#8211; C&rsquo;est l&rsquo;amour qui nous a conduit a l&rsquo;hotel (20)<br>Tony Roman &#8211; Doowah diddy diddy (12)<br>Tony Roman &amp; Nanette Workman &#8211; Les petites choses (12)<br>Toyo &#8211; Fais-moi vibrer (2)*<br>Tribord &#8211; Le gros party (12)<br>Tribord &#8211; Le p&rsquo;tit rocher (B-V) (2)<br>Tribord &#8211; P\u00eacher aux \u00eeles de la madelaine (2)<br>Tropical Family &#8211; Les sunlights des tropiques (1)<br>Twin Bros &#8211; Les p&rsquo;tits bars de la beauce (4)<\/strong><\/p>\n","protected":false},"excerpt":{"rendered":"<p>Sacha Distel &#8211; Accroche un ruban (2-)Sacha Distel &#8211; C&rsquo;est impossible (12)Sacha Distel &#8211; Ces mots stupide (12)Sacha Distel &#8211; Chanson bleue (12)Sacha Distel &#8211; L&rsquo;incendie a rio (20)Sacha Distel &#8211; L&rsquo;incendie a rio-(remix) (B-V) (2)Sacha Distel &#8211; La belle vie (12)Sacha Distel &#8211; La bonne humeur (2)Sacha Distel &#8211;&#8230; <a class=\"continue-reading-link\" href=\"https:\/\/festivalkaraoke.ca\/index.php\/francais-french-s\/\"> Continue reading <span class=\"meta-nav\">&rarr; <\/span><\/a><\/p>\n","protected":false},"author":1,"featured_media":0,"parent":0,"menu_order":0,"comment_status":"closed","ping_status":"closed","template":"","meta":{"footnotes":""},"class_list":["post-1041","page","type-page","status-publish","hentry"],"_links":{"self":[{"href":"https:\/\/festivalkaraoke.ca\/index.php\/wp-json\/wp\/v2\/pages\/1041","targetHints":{"allow":["GET"]}}],"collection":[{"href":"https:\/\/festivalkaraoke.ca\/index.php\/wp-json\/wp\/v2\/pages"}],"about":[{"href":"https:\/\/festivalkaraoke.ca\/index.php\/wp-json\/wp\/v2\/types\/page"}],"author":[{"embeddable":true,"href":"https:\/\/festivalkaraoke.ca\/index.php\/wp-json\/wp\/v2\/users\/1"}],"replies":[{"embeddable":true,"href":"https:\/\/festivalkaraoke.ca\/index.php\/wp-json\/wp\/v2\/comments?post=1041"}],"version-history":[{"count":12,"href":"https:\/\/festivalkaraoke.ca\/index.php\/wp-json\/wp\/v2\/pages\/1041\/revisions"}],"predecessor-version":[{"id":2430,"href":"https:\/\/festivalkaraoke.ca\/index.php\/wp-json\/wp\/v2\/pages\/1041\/revisions\/2430"}],"wp:attachment":[{"href":"https:\/\/festivalkaraoke.ca\/index.php\/wp-json\/wp\/v2\/media?parent=1041"}],"curies":[{"name":"wp","href":"https:\/\/api.w.org\/{rel}","templated":true}]}}