{"id":1035,"date":"2025-01-21T00:27:54","date_gmt":"2025-01-21T05:27:54","guid":{"rendered":"https:\/\/festivalkaraoke.ca\/?page_id=1035"},"modified":"2025-11-26T16:32:26","modified_gmt":"2025-11-26T21:32:26","slug":"francais-french-m","status":"publish","type":"page","link":"https:\/\/festivalkaraoke.ca\/index.php\/francais-french-m\/","title":{"rendered":"Fran\u00e7ais (M) French"},"content":{"rendered":"\n<p><strong>Mack &amp; Ro &#8211; \u00c0 cause de toi chaque fois (2)*<br>Mack &amp; Ro &#8211; Elle est belle (2)*<br>Mack &amp; Ro &#8211; Hey! Albert (2)<br>Maddy &#8211; C&rsquo;est un bon gar\u00e7on (2)*<br>Manhattan Transfer &#8211; Chanson d&rsquo;amour (6)<br>Manon B\u00e9dard &#8211; Allons danser colinda (000)<br>Manon B\u00e9dard &#8211; Allons swinger (3)<br>Manon B\u00e9dard &#8211; Ce soir c&rsquo;est la f\u00eate (12)<br>Manon B\u00e9dard &#8211; Dans les bayous (2)<br>Manon B\u00e9dard &#8211; Diggy diggy ly (000)<br>Manon B\u00e9dard &#8211; Grand-p\u00e8re (2-)<br>Manon B\u00e9dard &#8211; Il m&rsquo;a montr\u00e9 \u00e0 yodler (12)<br>Manon B\u00e9dard &#8211; J&rsquo;aime chanter (2)<br>Manon B\u00e9dard &#8211; La derni\u00e8re danse (2)<br>Manon B\u00e9dard &#8211; Le yodel des prairies (2)<br>Manon B\u00e9dard &#8211; Les acadiens (000)<br>Manon B\u00e9dard &#8211; Quand j&rsquo;aime une fois, j&rsquo;aime pour toujours (2)<br>Manon Grenier &#8211; Il m&rsquo;dit tout le temps non (2)<br>Manon Grenier &#8211; Je t&rsquo;aime mon petit ange (2)<br>Manon Grenier &#8211; Jolene (2)*<br>Manon Grenier &#8211; La s\u00e9r\u00e9nit\u00e9 de mon enfant (2)<br>Manon Grenier &#8211; Maman dis-moi (2)<br>Manon Grenier &#8211; Quand la vie nous fait mal (2)<br>Manon Grenier &#8211; Qui es tu, pour qui t&rsquo;prends-tu (2)<br>Manon Grenier &#8211; Sortir de l&rsquo;ombre (2)<br>Manon Grenier &#8211; Troubadour tyrolien (2)<br>Manon Paquin &#8211; Maman est pour moi une amie (2-)<br>Manon Roy &#8211; M\u00eame si je t&rsquo;aime (B-V) (16)<br>Manon Roy &#8211; Soir\u00e9e de filles (B-V) (16)<br>Marc Babin &#8211; Ma vie sans elle (2)<br>Marc Babin &#8211; Voyage trac\u00e9 (2)<br>Marc G\u00e9linas &#8211; Le bateau de minuit (2)<br>Marc G\u00e9linas &#8211; Tu te souviendras de moi (B-V) (2)<br>Marc G\u00e9linas &amp; Ginette Ravel &#8211; En suivant l&rsquo;\u00e9toile (000)<br>Marc Hamilton &#8211; Comme j&rsquo;ai toujours envie d&rsquo;aimer (000)<br>Marc Hamilton &#8211; Il faut savoir (000)<br>Marc Hamilton &#8211; Mourir d&rsquo;aimer (000)<br>Marc Hamilton &#8211; Qui es-tu (000)<br>Marc Hamilton &#8211; Rosemary (12)<br>Marc Hervieux &#8211; Un certain sourire (12)<br>Marc-Andr\u00e9 Fortin &#8211; Nous on est dans le vent (B-V) (2)<br>Marcel &amp; Jessie &#8211; La cl\u00e9 de mon coeur (12)<br>Marcel Amont &#8211; Dans le coeur de ma blonde (12)<br>Marcel Amont &#8211; La musique est de retour (12)<br>Marcel Boudreau &#8211; Maman la plus belle femme au monde (12)<br>Marcel Boudreau &#8211; Tu est venue comme un nuage (2)<br>Marcel Carri\u00e8re &#8211; Le country express (2-)<br>Marcel Martel &#8211; Bobbie mcgee (12)<br>Marcel Martel &#8211; Bonsoir ch\u00e9rie (2)<br>Marcel Martel &#8211; Bonsoir ch\u00e9rie (B-V) (2)<br>Marcel Martel &#8211; Ca ne sert a rien (12)<br>Marcel Martel &#8211; Ce soir nous allons f\u00eater (2)<br>Marcel Martel &#8211; Coeur de maman (2-)<br>Marcel Martel &#8211; Cruaut\u00e9 d&rsquo;un songe (12)<br>Marcel Martel &#8211; Dans ma belle petite maison dans la vall\u00e9e (12)<br>Marcel Martel &#8211; Dernier caf\u00e9 (2)<br>Marcel Martel &#8211; En prison maintenant (000)<br>Marcel Martel &#8211; \u00c9toile des neiges (000)<br>Marcel Martel &#8211; J&rsquo;ai laiss\u00e9 mon coeur (2)<br>Marcel Martel &#8211; Je ne suis que de passage (12)<br>Marcel Martel &#8211; Je suis fier de mon pays (2-)<br>Marcel Martel &#8211; La belle gasp\u00e9sie (000)<br>Marcel Martel &#8211; La chanson du prisonnier (000)<br>Marcel Martel &#8211; La porte de ton coeur (000)<br>Marcel Martel &#8211; Loin de toi ch\u00e9rie (000)<br>Marcel Martel &#8211; Louisiana (000)<br>Marcel Martel &#8211; Ma bi\u00e8re mon costume de bain (000)<br>Marcel Martel &#8211; Merci mon coeur (16)<br>Marcel Martel &#8211; Moi j&rsquo;bois d&rsquo;la biere (2-)<br>Marcel Martel &#8211; Mon coeur est comme un train (12)<br>Marcel Martel &#8211; Mon enfant je te pardonne (000)<br>Marcel Martel &#8211; Ne ris pas de mon coeur (000)<br>Marcel Martel &#8211; Premier moment d&rsquo;amour (2)<br>Marcel Martel &#8211; Pretty woman (francais) (12)<br>Marcel Martel &#8211; Prisonni\u00e8re de mon coeur (000)<br>Marcel Martel &#8211; Quand le soleil dit bonjour aux montagnes (16)<br>Marcel Martel &#8211; Quand nos coeurs seront unis (16)<br>Marcel Martel &#8211; Quand nos coeurs seront unis (B-V) (2)<br>Marcel Martel &#8211; Retour dans ton coeur (2)<br>Marcel Martel &#8211; Sh\u00e9rif homme de loi (12)<br>Marcel Martel &#8211; Simple passager (12)<br>Marcel Martel &#8211; Un coeur un amour un bonheur (20)<br>Marcel Martel &#8211; Un coin du ciel (B-V) (12)<br>Marcel Martel &#8211; Valser dans tes bras (2-)<br>Marcel Martel &amp; No\u00eblla Therrien &#8211; Adieu mauvaise r\u00eaverie (000)<br>Marcel Martel &amp; Ren\u00e9e Martel &#8211; Bonsoir mon amour (2-)<br>Marcel Perry &#8211; Amour fan\u00e9e (12)<br>Marcel Perry &#8211; Celle que je veux (where the boys are) (12)<br>Marcel Th\u00e9berge &#8211; L&rsquo;oiseau blanc (2)<br>Marcel Th\u00e9berge &#8211; Le country dans la peau (2)<br>Marcel Th\u00e9berge &#8211; Que la lune est belle ce soir (20)<br>Marcella Richard &#8211; J&rsquo;parle en cajun (2-)<br>Marcella Richard &#8211; Un gars du mont-carmel (2)<br>Marcelle &amp; Alexis &#8211; Une table pour deux (2)<br>Marco Dorval &#8211; Mille apr\u00e8s mille (16)<br>Marco Hamel &#8211; Dans mes r\u00eaves (12)<br>Marco Hamel &#8211; L&rsquo;amour qu&rsquo;on donne un jour (12)<br>Marco Hamel &#8211; La vie de musicien (2-)<br>Marco Hamel &#8211; Le vent de la nuit (12)<br>Marco Hamel &#8211; Quand on aime la vie (2)<br>Marco Hamel &#8211; Toi papa (2)<br>Margot Lefebvre &#8211; Chacun garde dans son coeur (2-)<br>Margot Lefebvre &#8211; La bossa nova (000)<br>Margot Lefebvre &#8211; Le jour du retour (000)<br>Marie Carmen &#8211; L&rsquo;aigle noir (B-V) (2)<br>Marie Halesmore &#8211; Je ne vois que toi (2-)<br>Marie King &#8211; Cette chanson (000)<br>Marie King &#8211; Coeur de maman (2)<br>Marie King &#8211; Ensemble pour toujours (12)<br>Marie King &#8211; \u00c9toile de mes r\u00eaves (16)<br>Marie King &#8211; J&rsquo;suis fauch\u00e9e (000)<br>Marie King &#8211; Jambalaya (12)<br>Marie King &#8211; L&rsquo;enfant \u00e0 l&rsquo;hirondelle (2)<br>Marie King &#8211; La valse du bonheur (11)<br>Marie King &#8211; Les cloches de ma vall\u00e9e (000)<br>Marie King &#8211; Ma petite carole (11)<br>Marie King &#8211; Maman a raison (2)*<br>Marie King &#8211; Maman ne t&rsquo;en fais pas (2)<br>Marie King &#8211; Mon petit bobby (11)<br>Marie King &#8211; Ouvre tes yeux et souris ch\u00e9ri (000)<br>Marie King &#8211; Quand le soleil dit bonjour (20)<br>Marie King &#8211; Souvenir d&rsquo;un vieillard &amp; La chanson du prisonnier (2.03) (2)<br>Marie Lafor\u00eat &#8211; Que calor la vida (12)<br>Marie Lafor\u00eat &#8211; Toi mon amour mon ami (000)<br>Marie Lafor\u00eat &#8211; Viens sur la montagne (000)<br>Marie Lord &#8211; Le chemin du bagne (12)<br>Marie-C\u00e9leste Babin &#8211; Jambalaya (20)<br>Marie-C\u00e9leste Babin &amp; Serge M\u00e9nard &#8211; Le jour de votre mariage (3)<br>Marie-Chantal Cartier &#8211; Je t&rsquo;esp\u00e8re (2)<br>Marie-Chantal Toupin &#8211; Dans ton ciel (16)<br>Marie-Chantal Toupin &#8211; Je pense encore \u00e0 toi (12)*<br>Marie-Chantal Toupin &#8211; Le lac ethier (2)*<br>Marie-Eve Janvier &#8211; Pas mal (B-V) (2)<br>Marie-Eve Janvier &amp; Jean-Fran\u00e7ois Breau &#8211; C&rsquo;est pour toi (you got It) (2)<br>Marie-Eve Janvier &amp; Jean-Fran\u00e7ois Breau &#8211; J&rsquo;ai un probl\u00e8me (2)<br>Marie-Eve Janvier &amp; Jean-Fran\u00e7ois Breau &#8211; J&rsquo;ai un probl\u00e8me (vocal femme) (2)<br>Marie-Pierre Arthur &#8211; Emmene-moi (2)*<br>Marie-Pierre Arthur &#8211; Rien \u00e0 faire (2)<br>Marie-Pierre Arthur &#8211; Si tu savais (2)*<br>Mariette Croteau &#8211; Ce nest qu&rsquo;une histoire pass\u00e9e (000)<br>Mariette Croteau &#8211; Ce soir mon coeur fait mal (000)<br>Mariette Croteau &#8211; Chanter l&rsquo;amour (12)<br>Mariette Croteau &#8211; Danse papa (000)<br>Mariette Croteau &#8211; Embarque avec-moi (000)<br>Mariette Croteau &#8211; Fais-toi confiance (2)<br>Mariette Croteau &#8211; Il y&rsquo;a quelque part (000)<br>Mariette Croteau &#8211; Je chante (000)<br>Mariette Croteau &#8211; Je dois fermer les yeux (000)<br>Mariette Croteau &#8211; Je dois fermer les yeux (12)<br>Mariette Croteau &#8211; Je veux dormir pres de toi (000)<br>Mariette Croteau &#8211; Je veux du soleil dans ma vie (000)<br>Mariette Croteau &#8211; Mais o\u00f9 est pass\u00e9 l\u2019amour (000)<br>Mariette Croteau &#8211; Moi je suis de l&rsquo;abitibi (000)<br>Mariette Croteau &#8211; Musique (12)<br>Mariette Croteau &#8211; On se calme (000)<br>Mariette Croteau &#8211; On se calme (B-V) (2)<br>Mariette Croteau &#8211; Prends-ton chapeau, tes bottes de cowboy (12)<br>Mariette Croteau &#8211; Reste si tu veut (000)<br>Mariette Croteau &#8211; Reviens vite \u00e0 la maison (000)<br>Mariette Croteau &#8211; Si dans le ciel (000)<br>Mariette Croteau &#8211; Si dans le ciel (B-V) (2)<br>Mariette Croteau &#8211; Si j&rsquo;avais su (000)<br>Mariette Croteau &#8211; Si t&rsquo;avais des ailes (000)<br>Mariette Croteau &#8211; Simplement (2)<br>Mariette Croteau &#8211; Toi (12)*<br>Mariette Croteau &#8211; Ton coeur est d\u00e9j\u00e0 pris (000)<br>Mariette Croteau &#8211; Tout est fini, tout est perdu (000)<br>Mariette Croteau &#8211; Un bi\u00e8re s.v.p. (12)<br>Mariette Croteau &#8211; Une fraction d&rsquo;seconde (000)<br>Mariette Croteau &#8211; Vers un nouveau bonheur (2-)<br>Mariette Croteau &#8211; Veux-tu \u00eatre mon ami (000)<br>Mariette Labb\u00e9 &#8211; Je ne pourrai jamais t&rsquo;oublier (2)<br>Mariette Labb\u00e9 &#8211; La vie l&rsquo;amour et moi (12)<br>Mariette Labb\u00e9 &#8211; Les cowboy du qu\u00e9bec (000)<br>Mario Benjamin &#8211; B\u00eate de sexe (12)<br>Mario Benjamin &#8211; Ces enfants-l\u00e0 (12)<br>Mario Benjamin &#8211; Cindy (12)<br>Mario Benjamin &#8211; Donnez-mo\u00e9 une seconde (12)<br>Mario Benjamin &#8211; Face \u00e0 l&rsquo;amour (12)<br>Mario Benjamin &#8211; J&rsquo;ai perdu la m\u00e9moire (16)<br>Mario Benjamin &#8211; J&rsquo;ai un secret (2)<br>Mario Benjamin &#8211; Je roule toujours au son du rock &amp; roll (20)<br>Mario Benjamin &#8211; La routine (12)<br>Mario Benjamin &#8211; La vache espagnol (12)<br>Mario Benjamin &#8211; Mes p&rsquo;tits pneus neufs (2)<br>Mario Benjamin &#8211; Mon coeur cherche ton coeur (12)<br>Mario Benjamin &#8211; N\u00e9on Bleu (12)<br>Mario Benjamin &#8211; Un autre ticket (12)<br>Mario Benjamin &#8211; Un monde de fou (12)<br>Mario Benjamin &#8211; Une p&rsquo;tite bi\u00e8re ou deux (12)<br>Mario Cusson &#8211; T&rsquo;envoler-(remix) (B-V) (2)<br>Mario Dostie &#8211; Balancer (sway) (20)<br>Mario Dostie &#8211; Profitons du beau temps (12)<br>Mario Dostie &#8211; Seul dans ma vall\u00e9e (12)<br>Mario Mercier &#8211; As-tu d\u00e9j\u00e0 dit \u00e0 ta m\u00e8re (2)<br>Mario Mercier &#8211; Attend pas d&rsquo;\u00eatre trop vieux (2-)<br>Mario Mercier &#8211; Briser le silence (2-)<br>Mario Mercier &#8211; Chez mon grand-p\u00e8re thomas (2)<br>Mario Mercier &#8211; Chu cass\u00e9 comme un clou (2)<br>Mario Mercier &#8211; Cr\u00e9 moi ou cr\u00e9 moi pas (2)<br>Mario Mercier &#8211; Donne-moi les clefs d&rsquo;ton char (2)<br>Mario Mercier &#8211; Enfant du divorce (2)<br>Mario Mercier &#8211; I love you my darling (20)<br>Mario Mercier &#8211; Je ne suis qu&rsquo;un \u00eatre humain (2-)<br>Mario Mercier &#8211; Je reviendrai pour elle un jour (2-)<br>Mario Mercier &#8211; Je veux faire l&rsquo;amour avec toi (2-)<br>Mario Mercier &#8211; La belle maria (2-)<br>Mario Mercier &#8211; La chanson des amoureux (2)<br>Mario Mercier &#8211; La vie est belle (2-)<br>Mario Mercier &#8211; Le gaz est bin trop cher (2-)<br>Mario Mercier &#8211; Ma rose (2)<br>Mario Mercier &#8211; Merci mon ami (2)<br>Mario Mercier &#8211; Mets du soleil dans ta vie (20)<br>Mario Mercier &#8211; On est ti ben quand on est chaud (12)<br>Mario Mercier &#8211; On ne peux pas vivre sans amour (2)<br>Mario Mercier &#8211; Petite soeur (20)<br>Mario Mercier &#8211; Pour oublier cette vie (2-)<br>Mario Mercier &#8211; T&rsquo;es belle comme un coeur (2)<br>Mario Mercier &#8211; Tol\u00e9rance z\u00e9ro (2-)<br>Mario Mercier &#8211; Tout nu dans rue (2)<br>Mario Mercier &#8211; Un chum comme to\u00e9 (2)<br>Mario Pelchat &#8211; Encore une fois (16)<br>Mario Pelchat &amp; \u0090\u00c9milie Darai\u008cche &#8211; J&rsquo;ai souvenir encore (20)<br>Mario Pelchat &amp; Les Pr\u00eatres &#8211; Comme on fait son jardin (16)<br>Mario Pelchat &amp; M\u00e9lanie Renaud &#8211; Non il ne faut pas pleurer (000)<br>Maritza &#8211; Comment j&rsquo;feel (12)<br>Marius Delisle &#8211; \u00c0 Qu\u00e9bec au clair de lune (2)<br>Marjo &#8211; Ailleurs (12)*<br>Marjo &#8211; Ill\u00e9gal (2)*<br>Marjo &#8211; J&rsquo;l\u00e2che pas (16)<br>Marjo &#8211; Les chats auvages (13)<br>Marjo &#8211; Les yeux du coeur (000)<br>Marjo &#8211; Libre avec to\u00e9 (16)<br>Marjo &#8211; Marche (16)<br>Marjo &#8211; Sans toi ni loi (12)<br>Marjo &#8211; Ton nom (16)<br>Marjolaine &#8211; As-tu d\u00e9j\u00e0 pleurer (000)<br>Marjolaine &#8211; Ce soir je pleure notre amour (20)<br>Marjolaine &#8211; Comme un oiseau perdu (16)<br>Marthe Fleurant &#8211; J&rsquo;ai qu&rsquo;ek&rsquo;chose dans l&rsquo;coeur (12)<br>Marthe Fleurant &#8211; J&rsquo;ai un bouton su l&#8217;bout d&rsquo;la langue (000)<br>Marthe Fleurant &#8211; Le bonhomme &amp; la bonne femme (000)<br>Marthe Fleurant &#8211; Le temps du rock and roll (12)<br>Marthe Fleurant &#8211; Les maringouins (000)<br>Marthe Fleurant &#8211; Mon enfant je te pardonne (000)<br>Marthe Fleurant &#8211; Oh! belle-maman (12)<br>Marthe St-Pierre &#8211; Une rose pour maman (11)<br>Martin Bernatchez &amp; Sylvain Richard &#8211; Les anges du mexique (2-)<br>Martin Comeau &#8211; Si tu chantes des chansons (2)<br>Martin Duford &amp; Paul Daraiche &#8211; Si je n&rsquo;avais pas peur (2)<br>Martin Poitras &#8211; Doux souvenirs (2)<br>Martin Poitras &#8211; Je fais mon pack (2)<br>Martin Poitras &#8211; La cinquantaine (2)<br>Martin Poitras &#8211; Le mariage (2)<br>Martin Poitras &#8211; Mes r\u00eaves d&rsquo;enfant (2)<br>Martin Poitras &#8211; Partir (2)<br>Martin Poitras &#8211; Pourquoi l&rsquo;amour c&rsquo;est compliqu\u00e9 (16)<br>Martin Poitras &#8211; Tasse-toi de d&rsquo;l\u00e0 (B-V) (2)<br>Martin Poitras &#8211; Un parfum de ta pr\u00e9sence (2)<br>Martin Poitras &#8211; Un petit air accord\u00e9on (B-V) (2)<br>Martin Stevens &#8211; Sans ton amour (2)<br>Martine St-Clair &#8211; Danse avec moi (B-V) (2)<br>Martine St-Clair &#8211; Quand je tombe en amour (16)<br>Martine St-Clair &amp; Nicole Martin &#8211; Je l&rsquo;aime (000)<br>Maryse Thivierge &#8211; Je voudrais \u00eatre un ange (16)<br>Maryse Thivierge &#8211; L&rsquo;homme de ma vie (16)<br>Maryse Thivierge &#8211; Laisse retomber la poussi\u00e8re (2)<br>Master KG &#8211; Jerusalem (fran\u00e7ais) (2)<br>Mathieu Servant &#8211; Amiti\u00e9 sinc\u00e8re (20)<br>Matt Laurent &#8211; Belle journ\u00e9e (2)*<br>Matt Laurent &#8211; On va s&rsquo;parler d&rsquo;amour (2-)<br>Maurice B\u00e9liveau \u2013 \u00c0 mon passage en acadie &amp; au pied du quai etc (3.15) (2-)<br>Maurice B\u00e9lliveau &#8211; Envoie lui un ange (2)<br>Maurice B\u00e9lliveau &#8211; Mes princesses (2)<br>Maurice Chevalier &#8211; Sous les ponts de paris (2)<br>Maurice Cormier &#8211; L&rsquo;histoire des dalton (12)<br>Maurice Paquin &#8211; H\u00e9 yail yail (000)<br>Maurice Paquin &#8211; Y&rsquo;a rien l\u00e0 (2)*<br>Maxie &#8211; Juste une nuit (your sixteen) (16)<br>Maxime Farago &#8211; Tu vas danser, tu vas chanter (12)<br>Maxime Landry &#8211; Chanson d&rsquo;innocence (2)<br>Maxime Landry &#8211; Chez-nous avant la nuit (2)<br>Maxime Landry &#8211; La pluie de septembre (2)<br>Maxime Landry &#8211; Lettre \u00e0 mon coeur (2)<br>Maxime Landry &#8211; Mille apr\u00e8s mille &amp; On the road again (B-V) (4.43) (16)<br>Maxime Landry &amp; Guylaine Tanguay &#8211; Je crois en nous (2)<br>Maxime Lefebvre &#8211; Chez ma voisine (2)<br>M\u00e9lanie Bessette &#8211; Qu&rsquo;est-ce qui t&rsquo;as pris (10)*<br>M\u00e9lanie Renaud &#8211; J&rsquo;m&rsquo;en veux (sans m\u00e9lodie) (000)<br>M\u00e9lanie Renaud &amp; Mario Pelchat &#8211; Non il ne faut pas pleurer (000)<br>Melina L&rsquo;acadienne &#8211; Repartir finir mes jours en acadie (2-)<br>Memo d&rsquo;Acapulco &#8211; Viva espana (francais) (12)<br>Mercedes Band &#8211; Laisse-moi t&rsquo;aimer (000)<br>Miche &amp; Les Cavaliers de L&rsquo;est &#8211; Donna carmella gonzales (000)<br>Michel Delpech &#8211; Les divorc\u00e9s (16)<br>Michel Delpech &#8211; Pour un flirt avec toi (2)<br>Michel Donato &amp; Karen Young &#8211; Le ford \u00e0 mon grand-p\u00e8re (12)<br>Michel Fugain &#8211; Les acadiens (2-)<br>Michel Lamothe &#8211; Baby lou (12)<br>Michel Legrand &#8211; Les moulins de mon coeur (16)<br>Michel L\u00e9onard &#8211; Je chante pour vous (2)*<br>Michel Louvain &#8211; Chante encore (falling in love with you) (000)<br>Michel Louvain &#8211; J&rsquo;attendrai (000)<br>Michel Louvain &#8211; Je croyais (feeling) (000)<br>Michel Louvain &#8211; Je m&rsquo;sens tr\u00e8s seul (000)<br>Michel Louvain &#8211; La dame en bleu (16)<br>Michel Louvain &#8211; Un certain sourire (000)<br>Michel Louvain &amp; Dominique Michel &#8211; Je t&rsquo;aime (000)<br>Michel Maltais &#8211; Allergique au travail (12)<br>Michel Maltais &#8211; La pri\u00e8re d&rsquo;un alcoolique (2)<br>Michel Melan\u00e7on &#8211; Donne-mo\u00e9 un whisky (2)<br>Michel Melan\u00e7on &#8211; Un coeur d\u00e9chir\u00e9 (000)<br>Michel Melan\u00e7on &amp; Nathalie Bergeron &#8211; Oublies-moi (2)<br>Michel Meunier &#8211; Reviens (12)<br>Michel Pagliaro &#8211; Chez-moi (2)*<br>Michel Pagliaro &#8211; J&rsquo;entends frapper (4)<br>Michel Pagliaro &#8211; L&rsquo;\u00e9meute dans la prison (2-)*<br>Michel Pagliaro &amp; Ren\u00e9e Martel &#8211; Les vacances (000)<br>Michel Pilon &#8211; A-t&rsquo;on le droit d&rsquo;aimer (12)<br>Michel Pilon &#8211; Cest toi mon soleil (12)<br>Michel Pilon &#8211; Comme je t&rsquo;aime (12)<br>Michel Pilon &#8211; La premiere fois qu&rsquo;on embrasse une fille (12)<br>Michel Pilon &#8211; Sans amour (12)<br>Michel Pilon &#8211; Si belle (12)<br>Michel Pilon &#8211; Si l&rsquo;amour existe encore (000)<br>Michel Pilon &#8211; Une rose dans mon coeur (12)<br>Michel Stax &#8211; Aucun coeur (sway) (16)<br>Michel Stax &#8211; Fais une croix sur le pass\u00e9 (2)<br>Michel Stax &#8211; Je suis un gigolo (000)<br>Michel Stax &#8211; Notre amour n&rsquo;est plus qu&rsquo;une habitude (000)<br>Michel Stax &#8211; Oh! ma lili (2)<br>Michel Torr &#8211; Les amoureux (20)<br>Michel Turcotte &#8211; Mille apr\u00e8s mille (16)<br>Mich\u00e8le Richard &#8211; \u00c0 la fin de la soir\u00e9e (000)<br>Mich\u00e8le Richard &#8211; Brise tout doucement (000)<br>Mich\u00e8le Richard &#8211; \u00c7a va je t&rsquo;aime (000)<br>Mich\u00e8le Richard &#8211; Embrasse-moi et va t&rsquo;en (2-)<br>Mich\u00e8le Richard &#8211; Goodbye my love goodbye (2)*<br>Mich\u00e8le Richard &#8211; J&rsquo;\u00e9coutais la mer (000)<br>Mich\u00e8le Richard &#8211; J&rsquo;entends son violon (2)<br>Mich\u00e8le Richard &#8211; Je suis libre (3)<br>Mich\u00e8le Richard &#8211; Je survivrai (i will survive) (000)<br>Mich\u00e8le Richard &#8211; La bamba (fran\u00e7ais) (000)<br>Mich\u00e8le Richard &#8211; La fin d&rsquo;un amour n&rsquo;est pas un drame (000)<br>Mich\u00e8le Richard &#8211; La plus belle pour aller danser (2)<br>Mich\u00e8le Richard &#8211; La vie a deux (000)<br>Mich\u00e8le Richard &#8211; Larmes sur mes joues (000)<br>Mich\u00e8le Richard &#8211; Le coeur sur ma maison (4)<br>Mich\u00e8le Richard &#8211; Le coeur sur ma maison (B-V) (4)<br>Mich\u00e8le Richard &#8211; Les boites \u00e0 gogo (000)<br>Mich\u00e8le Richard &#8211; Les hommes (000)<br>Mich\u00e8le Richard &#8211; Les lacets roses (000)<br>Mich\u00e8le Richard &#8211; Mon coeur d&rsquo;enfant (000)<br>Mich\u00e8le Richard &#8211; Ne t&rsquo;en fais pas (000)<br>Mich\u00e8le Richard &#8211; On est heureux ensemble (000)<br>Mich\u00e8le Richard &#8211; Ouvre-moi la porte (let me be there) (000)<br>Mich\u00e8le Richard &#8211; Quand le film est triste (000)<br>Mich\u00e8le Richard &#8211; Reste avec lui (12)<br>Mich\u00e8le Richard &#8211; Un jour \u00e0 la fois (16)<br>Mich\u00e8le Richard &amp; Johnny Farago &#8211; On ne fait pas l&rsquo;amour (island in the stream) (12)<br>Mich\u00e8le Richard &amp; Ren\u00e9e Martel &#8211; Quand va t&rsquo;on m&rsquo;aimer (000)<br>Micheline Langlois &#8211; Le plus beau des amoureux (2)<br>Micheline Langlois &#8211; Pont du peace and love (16)<br>Michelle Torr &#8211; Dans mes bras oublie ta peine (000)<br>Michelle Torr &#8211; Discomotion (francais) (16)<br>Michelle Torr &#8211; Emm\u00e8ne-moi danser ce soir (12)<br>Michelle Torr &#8211; Pendant l&rsquo;\u00e9t\u00e9 (16)<br>Mike Brant &#8211; C&rsquo;est ma pri\u00e8re (12)<br>Mike Brant &#8211; Dis-lui (feeling) (16)<br>Mike Brant &#8211; En plein coeur de ta jeunesse (2)<br>Mike Brant &#8211; Essayez de lui mentir (2)<br>Mike Brant &#8211; L&rsquo;oiseau noir et l&rsquo;oiseau blanc (16)<br>Mike Brant &#8211; Laisse-moi t&rsquo;aimer (2-)<br>Mike Brant &#8211; Parce-que je t&rsquo;aime plus que moi (12)<br>Mike Brant &#8211; Rien qu&rsquo;une larme dans tes yeux (000)<br>Mimi H\u00e9tu &#8211; Je pense encore a lui (12)<br>Mimi H\u00e9tu &#8211; Ne viens plus frapper \u00e0 ma porte (2)<br>Mimi H\u00e9tu &#8211; Pardonne-moi (2)<br>Mimi H\u00e9tu &#8211; Un simple mot d&rsquo;amour (12)<br>Mimi H\u00e9tu &#8211; Une femme avec lui (12)<br>Mireille Larocque &#8211; Douce m\u00e9lodie (16)<br>Mireille Larocque &#8211; Hommage \u00e0 M\u00e9lina l&rsquo;acadienne (12)<br>Mireille Larocque &#8211; Les flames (12)<br>Mireille Larocque &#8211; Oh toi l&rsquo;amour (16)<br>Mireille Larocque &#8211; Pour toi Pamela (12)<br>Mireille Mathieu &#8211; Acropolis adieu (000)<br>Mireille Mathieu &#8211; Apprends-moi (2)<br>Mireille Mathieu &#8211; La derni\u00e8re valse (2-)<br>Mireille Mathieu &#8211; La paloma adieu (20)<br>Mireille Mathieu &#8211; Mille colombes (2)*<br>Mireille Mathieu &#8211; Pour deux coeurs qui s&rsquo;aiment (000)<br>Mireille Mathieu &#8211; Pourquoi le monde est sans amour (000)<br>Mireille Mathieu &#8211; Santa maria de la mer (20)<br>Mireille Mathieu &#8211; Save the last dance for me (francais) (000)<br>Mireille Mathieu &#8211; Une femme amoureuse (12)<br>Mireille Mathieu &#8211; Une histoire d&rsquo;amour (000)<br>Mireille Mathieu &amp; Petula Clark &#8211; C&rsquo;est si bon (1)<br>Mitsou &#8211; Le yaya (2)<br>Monique Bessette &#8211; Je voudrais que tu sois l\u00e0 (2-)*<br>Monique Rousseau &amp; Richard Huet &#8211; Un amour comme le n\u00f4tre (000)<br>Monique Saint-Onge &#8211; Bonsoir cher (B-V) (16)<br>Muguette &#8211; Ces bottes sont faite pour marcher (16)<br>Murielle Leclerc &#8211; C&rsquo;\u00e9tait mon ombre sur le mur (2-)<br>Murielle Leclerc &#8211; Coeur bless\u00e9 (B-V) (20)<br>Murielle Leclerc &#8211; Emprisonn\u00e9 de ton pass\u00e9 (2-)<br>Murielle Leclerc &#8211; Je veux t&rsquo;aimer (2-)<br>Murielle Leclerc &#8211; La samba de l&rsquo;amour (2-)<br>Myl\u00e8ne Vall\u00e9e &#8211; Laisse-toi \u00eatre toi (16)<br>Myl\u00e8ne Vall\u00e9e &#8211; Laisse-toi \u00eatre toi (B-V) (16)<\/strong><\/p>\n","protected":false},"excerpt":{"rendered":"<p>Mack &amp; Ro &#8211; \u00c0 cause de toi chaque fois (2)*Mack &amp; Ro &#8211; Elle est belle (2)*Mack &amp; Ro &#8211; Hey! Albert (2)Maddy &#8211; C&rsquo;est un bon gar\u00e7on (2)*Manhattan Transfer &#8211; Chanson d&rsquo;amour (6)Manon B\u00e9dard &#8211; Allons danser colinda (000)Manon B\u00e9dard &#8211; Allons swinger (3)Manon B\u00e9dard &#8211; Ce soir&#8230; <a class=\"continue-reading-link\" href=\"https:\/\/festivalkaraoke.ca\/index.php\/francais-french-m\/\"> Continue reading <span class=\"meta-nav\">&rarr; <\/span><\/a><\/p>\n","protected":false},"author":1,"featured_media":0,"parent":0,"menu_order":0,"comment_status":"closed","ping_status":"closed","template":"","meta":{"footnotes":""},"class_list":["post-1035","page","type-page","status-publish","hentry"],"_links":{"self":[{"href":"https:\/\/festivalkaraoke.ca\/index.php\/wp-json\/wp\/v2\/pages\/1035","targetHints":{"allow":["GET"]}}],"collection":[{"href":"https:\/\/festivalkaraoke.ca\/index.php\/wp-json\/wp\/v2\/pages"}],"about":[{"href":"https:\/\/festivalkaraoke.ca\/index.php\/wp-json\/wp\/v2\/types\/page"}],"author":[{"embeddable":true,"href":"https:\/\/festivalkaraoke.ca\/index.php\/wp-json\/wp\/v2\/users\/1"}],"replies":[{"embeddable":true,"href":"https:\/\/festivalkaraoke.ca\/index.php\/wp-json\/wp\/v2\/comments?post=1035"}],"version-history":[{"count":12,"href":"https:\/\/festivalkaraoke.ca\/index.php\/wp-json\/wp\/v2\/pages\/1035\/revisions"}],"predecessor-version":[{"id":2421,"href":"https:\/\/festivalkaraoke.ca\/index.php\/wp-json\/wp\/v2\/pages\/1035\/revisions\/2421"}],"wp:attachment":[{"href":"https:\/\/festivalkaraoke.ca\/index.php\/wp-json\/wp\/v2\/media?parent=1035"}],"curies":[{"name":"wp","href":"https:\/\/api.w.org\/{rel}","templated":true}]}}