{"id":1027,"date":"2025-01-21T00:26:54","date_gmt":"2025-01-21T05:26:54","guid":{"rendered":"https:\/\/festivalkaraoke.ca\/?page_id=1027"},"modified":"2025-11-26T16:24:05","modified_gmt":"2025-11-26T21:24:05","slug":"francais-french-h-i","status":"publish","type":"page","link":"https:\/\/festivalkaraoke.ca\/index.php\/francais-french-h-i\/","title":{"rendered":"Fran\u00e7ais (H &#8211; I) French"},"content":{"rendered":"\n<p><strong>Henri Salvador &#8211; Blouse du dentiste (2)<br>Henri Salvador &#8211; The lion sleep tonight (francais) (20)*<br>Herbert L\u00e9onard &#8211; Flagrant d\u00e9lit (2-)*<br>Herbert L\u00e9onard &#8211; Pour le plaisir (20)*<br>Herman Huet &#8211; Beau temps mauvais temps (2)<br>Herman Huet &#8211; Madelinot emmene-moi (2-)*<br>Herman Huet &#8211; Mon p\u00e8re (000)<br>Herv\u00e9 (Hert) Leblanc &#8211; 25 cents (2)<br>Herv\u00e9 (Hert) Leblanc &#8211; 50-50 (2)*<br>Herv\u00e9 (Hert) Leblanc &#8211; 50-50 (B-V) (2)*<br>Herv\u00e9 (Hert) Leblanc &#8211; Amour (2)*<br>Herv\u00e9 (Hert) Leblanc &#8211; Bien aim\u00e9e, bonne journ\u00e9e (2)*<br>Herv\u00e9 (Hert) Leblanc &#8211; C&rsquo;est la vie (2)*<br>Herv\u00e9 (Hert) Leblanc &#8211; Ce qu&rsquo;\u00e0 chang\u00e9 (2)*<br>Herv\u00e9 (Hert) Leblanc &#8211; Changer mon attitude (2)*<br>Herv\u00e9 (Hert) Leblanc &#8211; Chin-chin calice (2)*<br>Herv\u00e9 (Hert) Leblanc &#8211; Chu juste icitte pour boire (2)<br>Herv\u00e9 (Hert) Leblanc &#8211; Country road (B-V) (2)<br>Herv\u00e9 (Hert) Leblanc &#8211; Danser (2)*<br>Herv\u00e9 (Hert) Leblanc &#8211; Dis-leur doucement (12)*<br>Herv\u00e9 (Hert) Leblanc &#8211; Disco et fait dodo (2)*<br>Herv\u00e9 (Hert) Leblanc &#8211; Dit plus jamais non (2)*<br>Herv\u00e9 (Hert) Leblanc &#8211; Elle voulait partir so bye bye (2)*<br>Herv\u00e9 (Hert) Leblanc &#8211; I don&rsquo;t know (B-V) (2)<br>Herv\u00e9 (Hert) Leblanc &#8211; La barbi\u00e8re (2)<br>Herv\u00e9 (Hert) Leblanc &#8211; La home brew du beau-p\u00e8re (2)*<br>Herv\u00e9 (Hert) Leblanc &#8211; La neige tombe (2-)*<br>Herv\u00e9 (Hert) Leblanc &#8211; Laisser parler l&rsquo;coeur (2)*<br>Herv\u00e9 (Hert) Leblanc &#8211; Le bouquet de mon coeur (2-)*<br>Herv\u00e9 (Hert) Leblanc &#8211; Le jour de ton retour (000)<br>Herv\u00e9 (Hert) Leblanc &#8211; Le vieux mazerolle (2)*<br>Herv\u00e9 (Hert) Leblanc &#8211; Lovebug (2)*<br>Herv\u00e9 (Hert) Leblanc &#8211; Ma p&rsquo;tite cruche (2)*<br>Herv\u00e9 (Hert) Leblanc &#8211; Ma p&rsquo;tite cruche (B-V) (2)*<br>Herv\u00e9 (Hert) Leblanc &#8211; Maluron malurette (2)*<br>Herv\u00e9 (Hert) Leblanc &#8211; Mama rosin (20)*<br>Herv\u00e9 (Hert) Leblanc &#8211; Marcher le plancher (000)<br>Herv\u00e9 (Hert) Leblanc &#8211; Mon coeur chavirer (2)*<br>Herv\u00e9 (Hert) Leblanc &#8211; Mon coeur chavirer (B-V) (2)*<br>Herv\u00e9 (Hert) Leblanc &#8211; Pack your bags (2-)*<br>Herv\u00e9 (Hert) Leblanc &#8211; Pot probl\u00e8me (2)*<br>Herv\u00e9 (Hert) Leblanc &#8211; Prends moi (2)*<br>Herv\u00e9 (Hert) Leblanc &#8211; Promenez-vous dans ce monde avec moi (4)<br>Herv\u00e9 (Hert) Leblanc &#8211; Quand j&rsquo;\u00e9tais petit gar\u00e7on (2)*<br>Herv\u00e9 (Hert) Leblanc &#8211; Si tout s&rsquo;arr\u00eate (4)*<br>Herv\u00e9 (Hert) Leblanc &#8211; Su la ligne \u00e0 harde (2)*<br>Herv\u00e9 (Hert) Leblanc &#8211; Su la ligne \u00e0 harde (B-V) (2)*<br>Herv\u00e9 (Hert) Leblanc &#8211; T&rsquo;en as eu (B-V) (2)<br>Herv\u00e9 (Hert) Leblanc &#8211; Trop longtemps (2)*<br>Herv\u00e9 (Hert) Leblanc &#8211; Tu seras mon amour (2)<br>Herv\u00e9 (Hert) Leblanc &#8211; Un simple sourire (2)*<br>Herv\u00e9 (Hert) Leblanc &#8211; Vendredi j&rsquo;m&rsquo;en vas (B-V) (2)<br>Herv\u00e9 (Hert) Leblanc &#8211; Y&rsquo;a que toi (2)<br>Herv\u00e9 (Hert) Leblanc &#8211; Y&rsquo;en avait pour tout l&rsquo;monde (12)*<br>Herv\u00e9 (Hert) Leblanc &#8211; You have the right to remain silent (4)*<br>Herv\u00e9 (Hert) Leblanc &#8211; You may be right (B-V) (2)<br>Herv\u00e9 Vilard &#8211; Fais la rire (000)<br>Herv\u00e9 Vilard &#8211; Mourir ou vivre (B-V) (2)<br>Honor\u00e9 Godbout &#8211; La radoteuse (2-)*<br>Honor\u00e9 Godbout &#8211; Sans trompette ni tambour (2-)*<br>Honor\u00e9 Godbout &#8211; Trop d&rsquo;amour autour de moi (2)*<br>Hubert &amp; Huguette &#8211; \u00c9toile de mes r\u00eaves (12)*<br>Huguette Lavoie &amp; Michel Denis &#8211; Un mur entre nos coeurs (000)<br>Ima &#8211; Laisse-moi t&rsquo;aimer (2)*<br>Ima &#8211; Le temps des fleurs (2)*<br>Irvin Blais &#8211; Avoye donc (2)*<br>Irvin Blais &#8211; Beach party (2)*<br>Irvin Blais &#8211; Bel \u00e9t\u00e9 (2)*<br>Irvin Blais &#8211; C&rsquo;est mich\u00e8le (2-)*<br>Irvin Blais &#8211; C&rsquo;est vrai qu&rsquo;tes belle (2)*<br>Irvin Blais &#8211; C&rsquo;t&rsquo;un beau party (2)*<br>Irvin Blais &#8211; \u00c7a pas d&rsquo;bon sens (2)*<br>Irvin Blais &#8211; \u00c7a pas d&rsquo;bon sens (B-V) (2)*<br>Irvin Blais &#8211; Chanson honky tonk (20)*<br>Irvin Blais &#8211; Ch\u00e9rie je t&rsquo;aime (2-)*<br>Irvin Blais &#8211; Chialeuse heureuse (2)*<br>Irvin Blais &#8211; Chu ben saoul (2)*<br>Irvin Blais &#8211; Chu ben saoul (B-V) (20)*<br>Irvin Blais &#8211; Coeur de camionneur (2)*<br>Irvin Blais &#8211; Coeur vaillant (2)*<br>Irvin Blais &#8211; Combien de fois t&rsquo;ai-je dit je t&rsquo;aime (2)*<br>Irvin Blais &#8211; D&rsquo;un bar pis d&rsquo;l&rsquo;autre (2)*<br>Irvin Blais &#8211; Dis-moi pourquoi (2)*<br>Irvin Blais &#8211; Elle (2)*<br>Irvin Blais &#8211; Encore encore et encore (16)<br>Irvin Blais &#8211; Encore une fois (2)*<br>Irvin Blais &#8211; Est-ce trop tard (2)*<br>Irvin Blais &#8211; Fleur sauvage (2)*<br>Irvin Blais &#8211; Ford mustang 67 gt 350 shelby (2)*<br>Irvin Blais &#8211; Ils parlent de nous (2)*<br>Irvin Blais &#8211; J&rsquo;bo\u00e9 c&rsquo;que j&rsquo;ai braill\u00e9 (2)*<br>Irvin Blais &#8211; J&rsquo;m&rsquo;ennuie de toi (2)*<br>Irvin Blais &#8211; J&rsquo;serais icitte che-nous (2)*<br>Irvin Blais &#8211; Je r&rsquo;viendrai pus (2)*<br>Irvin Blais &#8211; Juste entendre ton coeur (2)<br>Irvin Blais &#8211; L&rsquo;abitibi (2)*<br>Irvin Blais &#8211; L&rsquo;alcoolisme (2)*<br>Irvin Blais &#8211; L&#8217;bout du quai (2)*<br>Irvin Blais &#8211; L&rsquo;bum (2)*<br>Irvin Blais &#8211; L&rsquo;bum (anglais) (2)*<br>Irvin Blais &#8211; L&rsquo;chantier (vocal femme) (2)*<br>Irvin Blais &#8211; L&rsquo;grand (2)*<br>Irvin Blais &#8211; L&rsquo;intimidation (2)*<br>Irvin Blais &#8211; L&rsquo;outaouais (2)*<br>Irvin Blais &#8211; L&rsquo;temps d&rsquo;la chasse (2)*<br>Irvin Blais &#8211; La 175 nord (2)*<br>Irvin Blais &#8211; La drogue (2)*<br>Irvin Blais &#8211; La fo\u00e8re au camp (2)*<br>Irvin Blais &#8211; La gasp\u00e9sie (2)*<br>Irvin Blais &#8211; La porte d&rsquo;en ari\u00e8rre (2)*<br>Irvin Blais &#8211; La route des baleines (12)*<br>Irvin Blais &#8211; La soupe \u00e0 \u00e7ine (2)*<br>Irvin Blais &#8211; Lequel t&rsquo;a appel\u00e9 ch\u00e9ri hier so\u00e8re (2-)*<br>Irvin Blais &#8211; Les p\u00eacheurs (2)*<br>Irvin Blais &#8211; Loin d&rsquo;che-nous (2)*<br>Irvin Blais &#8211; Loin de mes yeux (2)<br>Irvin Blais &#8211; Louisiette (12)*<br>Irvin Blais &#8211; Ma blonde (2)*<br>Irvin Blais &#8211; Ma fille ou mon p&rsquo;tit gars (2)*<br>Irvin Blais &#8211; Ma jolie (2)*<br>Irvin Blais &#8211; Mais o\u00f9 est l&rsquo;amour (2)*<br>Irvin Blais &#8211; Mam&rsquo;zelle bouteille (2)*<br>Irvin Blais &#8211; Maman (2)*<br>Irvin Blais &#8211; Marie-neige (2-)*<br>Irvin Blais &#8211; M\u00eale to\u00e9 dont d&rsquo;tes affaires (2)*<br>Irvin Blais &#8211; M\u00eame ma bouteille (20)*<br>Irvin Blais &#8211; Merci madame julie (2)*<br>Irvin Blais &#8211; Mes deux enfants (2)*<br>Irvin Blais &#8211; Mo\u00e9 c&rsquo;est mo\u00e9 (2)*<br>Irvin Blais &#8211; Mon gar\u00e7on (2)*<br>Irvin Blais &#8211; Mon p&rsquo;tit creton (2)*<br>Irvin Blais &#8211; Mon p&rsquo;tit papa d&rsquo;amour (2)<br>Irvin Blais &#8211; Mon p&rsquo;tit village (2)*<br>Irvin Blais &#8211; Mon p\u00e8re (2)*<br>Irvin Blais &#8211; Mon truck (2)*<br>Irvin Blais &#8211; Montr\u00e9al (16)*<br>Irvin Blais &#8211; Mother (4)<br>Irvin Blais &#8211; My dad (4)<br>Irvin Blais &#8211; Non! (2)*<br>Irvin Blais &#8211; Non! (vocal femme) (2)<br>Irvin Blais &#8211; Nos bobos (2)*<br>Irvin Blais &#8211; Notre p&rsquo;tite vie (2)*<br>Irvin Blais &#8211; On s&rsquo;parle m\u00eame pus (2)*<br>Irvin Blais &#8211; Orphan (4)<br>Irvin Blais &#8211; Orphelin (12)*<br>Irvin Blais &#8211; Oui, je t&rsquo;aime (2)*<br>Irvin Blais &#8211; Papa, papy d&rsquo;amour (2)*<br>Irvin Blais &#8211; Pardon maman (16)*<br>Irvin Blais &#8211; Pardonne-moi (2)*<br>Irvin Blais &#8211; Peut-\u00eatre (2)*<br>Irvin Blais &#8211; Pour la musique (2)*<br>Irvin Blais &#8211; Pour toi mon amour (2)*<br>Irvin Blais &#8211; Probl\u00e8me de boisson (12)*<br>Irvin Blais &#8211; Quand tu dis m&rsquo;aimer (2)*<br>Irvin Blais &#8211; Que notre amour (2)*<br>Irvin Blais &#8211; Qui est-elle (2)*<br>Irvin Blais &#8211; Sans savoir (2)*<br>Irvin Blais &#8211; Si tu l&rsquo;aime (2)*<br>Irvin Blais &#8211; T&rsquo;as rien compris (2)*<br>Irvin Blais &#8211; T&rsquo;avais d\u00e9j\u00e0 choisi (2)*<br>Irvin Blais &#8211; Ta robe de mari\u00e9e (2-)*<br>Irvin Blais &#8211; Toi ch\u00e8re (2)*<br>Irvin Blais &#8211; Toujours des promesses (2)*<br>Irvin Blais &#8211; Toujours le m\u00eame frisson (2)*<br>Irvin Blais &#8211; Trop loin de toi (2)*<br>Irvin Blais &#8211; Tu m&rsquo;as menti (2)*<br>Irvin Blais &#8211; Tu m&rsquo;fais mal (2)*<br>Irvin Blais &#8211; Un autre verre de whisky (16)<br>Irvin Blais &#8211; Un jour je t&rsquo;ai aim\u00e9 (12)*<br>Irvin Blais &#8211; Une bouteille pleine (2-)*<br>Irvin Blais &#8211; Une m\u00e8re (2)<br>Irvin Blais &#8211; Y&rsquo;a d\u00e9j\u00e0 40 ans (2)*<br>Irvin Blais &#8211; Y&rsquo;a jamais d&rsquo;gagnant ou de perdant (B-V) (16)<br>Irvin Blais &#8211; Y&rsquo;m reste trente sous (2)*<br>Irvin Blais &amp; Paul Dwayne &#8211; Acadie-gasp\u00e9sie (2)*<br>Isabelle Boulay &#8211; Ces cloches ne sonneront jamais pour moi (2)*<br>Isabelle Boulay &#8211; Coucouroucoucou paloma (1)*<br>Isabelle Boulay &#8211; Entre b\u00e2ton rouge et matane (2-)*<br>Isabelle Boulay &#8211; Jamais assez loin (2)*<br>Isabelle Boulay &#8211; Jamais assez loin-(remix) (3)*<br>Isabelle Boulay &#8211; Mille apr\u00e8s mille (2)*<br>Isabelle Boulay &#8211; Perce les nuages (accoustic) (12)*<br>Isabelle Boulay &#8211; Sur le tapis vert (B-V) (2)<br>Isabelle Boulay &#8211; Vole colombe (B-V) (2-)*<br>Isabelle Boulay &amp; Cl\u00e9ment Jacques &#8211; Nulle part ailleurs (12)<br>Isabelle Boulay &amp; Johnny Halliday &#8211; Tout au bout de nos peines (2)<br>Isabelle Boulay &amp; Luc Daraiche &#8211; Envoie un message \u00e0 mon coeur (2)*<br>Isabelle Boulay &amp; Paul Daraiche &#8211; Lui (2)*<br>Isabelle Boulay &amp; Salvatore Adamo &#8211; C&rsquo;est ma vie (B-V) (2)<br>Isabelle Boulay &amp; Yoan Garneau &#8211; J&rsquo;entends siffler le train (2)*<br>Isabelle \u00c9l\u00e9ment &#8211; Aide-moi \u00e0 l&rsquo;oublier (2-)*<br>Isabelle \u00c9l\u00e9ment &#8211; Celui que jai perdu (2)*<br>Isabelle \u00c9l\u00e9ment &#8211; J&rsquo;ai si mal (2-)*<br>Isabelle \u00c9l\u00e9ment &#8211; Je t&rsquo;ai pardonn\u00e9 (2)*<br>Isabelle \u00c9l\u00e9ment &#8211; L&rsquo;ange micha\u00ebl (2)*<br>Isabelle \u00c9l\u00e9ment &#8211; Seule dans ma chambre (2)*<br>Isabelle \u00c9l\u00e9ment &#8211; Un mur entre nos coeurs (vocal homme) (2-)*<\/strong><\/p>\n","protected":false},"excerpt":{"rendered":"<p>Henri Salvador &#8211; Blouse du dentiste (2)Henri Salvador &#8211; The lion sleep tonight (francais) (20)*Herbert L\u00e9onard &#8211; Flagrant d\u00e9lit (2-)*Herbert L\u00e9onard &#8211; Pour le plaisir (20)*Herman Huet &#8211; Beau temps mauvais temps (2)Herman Huet &#8211; Madelinot emmene-moi (2-)*Herman Huet &#8211; Mon p\u00e8re (000)Herv\u00e9 (Hert) Leblanc &#8211; 25 cents (2)Herv\u00e9 (Hert)&#8230; <a class=\"continue-reading-link\" href=\"https:\/\/festivalkaraoke.ca\/index.php\/francais-french-h-i\/\"> Continue reading <span class=\"meta-nav\">&rarr; <\/span><\/a><\/p>\n","protected":false},"author":1,"featured_media":0,"parent":0,"menu_order":0,"comment_status":"closed","ping_status":"closed","template":"","meta":{"footnotes":""},"class_list":["post-1027","page","type-page","status-publish","hentry"],"_links":{"self":[{"href":"https:\/\/festivalkaraoke.ca\/index.php\/wp-json\/wp\/v2\/pages\/1027","targetHints":{"allow":["GET"]}}],"collection":[{"href":"https:\/\/festivalkaraoke.ca\/index.php\/wp-json\/wp\/v2\/pages"}],"about":[{"href":"https:\/\/festivalkaraoke.ca\/index.php\/wp-json\/wp\/v2\/types\/page"}],"author":[{"embeddable":true,"href":"https:\/\/festivalkaraoke.ca\/index.php\/wp-json\/wp\/v2\/users\/1"}],"replies":[{"embeddable":true,"href":"https:\/\/festivalkaraoke.ca\/index.php\/wp-json\/wp\/v2\/comments?post=1027"}],"version-history":[{"count":11,"href":"https:\/\/festivalkaraoke.ca\/index.php\/wp-json\/wp\/v2\/pages\/1027\/revisions"}],"predecessor-version":[{"id":2412,"href":"https:\/\/festivalkaraoke.ca\/index.php\/wp-json\/wp\/v2\/pages\/1027\/revisions\/2412"}],"wp:attachment":[{"href":"https:\/\/festivalkaraoke.ca\/index.php\/wp-json\/wp\/v2\/media?parent=1027"}],"curies":[{"name":"wp","href":"https:\/\/api.w.org\/{rel}","templated":true}]}}