{"id":1025,"date":"2025-01-21T00:26:35","date_gmt":"2025-01-21T05:26:35","guid":{"rendered":"https:\/\/festivalkaraoke.ca\/?page_id=1025"},"modified":"2025-11-26T16:21:48","modified_gmt":"2025-11-26T21:21:48","slug":"francais-french-f-g","status":"publish","type":"page","link":"https:\/\/festivalkaraoke.ca\/index.php\/francais-french-f-g\/","title":{"rendered":"Fran\u00e7ais (F &#8211; G) French"},"content":{"rendered":"\n<p><strong>Fabienne Thibault &#8211; Ma m\u00e8re chantait toujours (12)*<br>Fabienne Thibault &amp; Richard Cocciante &#8211; Question de feeling (16)<br>Faby Gagnon &#8211; Jambalaya (2)*<br>Faby Gagnon &#8211; Je n&rsquo;ai jamais aim\u00e9 (2)*<br>Faby Gagnon &#8211; Je t&rsquo;aime en silence (2)*<br>Faby Gagnon &#8211; Je veux te dire (2)*<br>Faby Gagnon &#8211; Jusqu&rsquo;au bout du monde (2)<br>Faby Gagnon &#8211; L&rsquo;homme au chapeau noir (2)*<br>Faby Gagnon &#8211; La musique en famille (2)*<br>Faby Gagnon &#8211; La voix de ton coeur (2)<br>Faby Gagnon &#8211; Merci (2)*<br>Faby Gagnon &#8211; Mon r\u00eave (2)*<br>Faby Gagnon &#8211; Mon soleil \u00e0 moi (2)*<br>Faby Gagnon &#8211; Pardonner oublier (2)*<br>Faby Gagnon &#8211; Petite fille (2)*<br>Faby Gagnon &#8211; Prends ma main (2)*<br>Faby Gagnon &#8211; Pri\u00e8re d&rsquo;une m\u00e8re (B-V) (2)*<br>Faby Gagnon &#8211; Que la lune est belle ce soir (2)*<br>Faby Gagnon &#8211; Se parler d&rsquo;amour (2)*<br>Faby Gagnon &#8211; Seule au monde (2)*<br>Faby Gagnon &#8211; Sur la route (2)*<br>Faby Gagnon &#8211; Take my hand (2)*<br>Faby Gagnon &#8211; Tu reviendras (2)<br>Faby Gagnon &#8211; Un jour \u00e0 la fois (2)*<br>Faby Gagnon &#8211; Un verre sur la table (2)*<br>Faby Gagnon &#8211; Vivre en amour (2)*<br>Famille Collin (Lucien) &#8211; C&rsquo;est mon r\u00eave (12)*<br>Famille Cyr &#8211; Dans les eaux si loin (000)<br>Famille Soucy (Les Fr\u00e8res) &#8211; On est des cowboys (2)*<br>Fayo &#8211; Mon \u00e9t\u00e9 (2)<br>Fernand Gignac &#8211; Amapola (2)<br>Fernand Gignac &#8211; Coucouroucoucou paloma (B-V) (2)<br>Fernand Gignac &#8211; N&rsquo;oublie jamais (11)*<br>Fernand Gignac &#8211; Un amour comme le n\u00f4tre (2)<br>Fernand St-Jacques &#8211; Ma prochaine peine d&rsquo;amour (2)*<br>Flo Gagn\u00e9 &#8211; \u00c0 mon p\u00e8re (12)*<br>Flo Gagn\u00e9 &#8211; \u00c0 mon public (12)*<br>Flo Gagn\u00e9 &#8211; La barmaid (12)*<br>Flo Gagn\u00e9 &#8211; Les p&rsquo;tits bars de la beauce (12)*<br>Flo Gagn\u00e9 &#8211; Renaissance (12)*<br>Flo Gagn\u00e9 &#8211; Un nid pour les oiseaux (2-)*<br>Florent Pagny &#8211; Si tu veux m&rsquo;essayer (000)<br>Fracc &#8211; T\u00eateux d&rsquo;boss (2)*<br>France Castel &#8211; Du fil, des aiguilles et du coton (B-V) (2)<br>France Castel &#8211; Qui aurait dit (live) (B-V) (2)<br>France Castel &amp; Jean Beaulne &#8211; Toi et moi amoureux (2)*<br>France Dulac &#8211; Guitare &amp; cadillac (2-)*<br>France Gall &#8211; Poup\u00e9e de cire, poup\u00e9e de son (1)*<br>Francesca &#8211; Il est parti (12)*<br>Francine Beaudoin &#8211; Maman donne-moi la main (000)<br>Francine Dulong &#8211; Que deviendrons nos vies (000)<br>Francine Dulong &amp; Steve Luis &#8211; J&rsquo;ai grav\u00e9 ton nom (000)<br>Francine Gosselin &#8211; Mon ange du paradis (2-)*<br>Francine Lefebvre &#8211; Bonsoir mon amour (2)*<br>Francine Lefebvre &#8211; Notre premi\u00e8re rencontre (2)*<br>Francine Lefebvre &#8211; Un amour de passage (2)*<br>Francine Royer &#8211; La chance de s&rsquo;expliqu\u00e9 (12)*<br>Francine Royer &#8211; Ma vie \u00e0 chang\u00e9 (12)*<br>Francine Royer &#8211; Merci d&rsquo;\u00eatre venu m&rsquo;\u00e9couter (12)*<br>Francine Soucy &#8211; Ce n&rsquo;est pas facile (2-)*<br>Francine Soucy &#8211; Hello maman (3)*<br>Francine Soucy &#8211; Mon amour, mon ami (2)*<br>Francis &amp; Barnise Rivet &#8211; Mon dieu, si tu veux ma m\u00e8re (B-V) (16)<br>Francis Cabrel &#8211; Assis sur le rebord du monde (2)<br>Francis Cabrel &#8211; C&rsquo;est \u00e9crit (16)<br>Francis Cabrel &#8211; Dormir debout (B-V) (2)<br>Francis Cabrel &#8211; Je te suivrai (2)<br>Francis Cabrel &#8211; L&rsquo;encre de tes yeux (2)<br>Francis Cabrel &#8211; Le danseur (2)<br>Francis Cabrel &#8211; Les passantes (2)<br>Francis Cabrel &#8211; Les yeux bleus pleurant sous la pluie (2-)*<br>Francis Cabrel &#8211; Madame n&rsquo;aime pas (20)*<br>Francis Cabrel &#8211; Petite sirene (2)<br>Francis Cabrel &#8211; Quand j&rsquo;aime une fois, j&rsquo;aime pour toujours (2)*<br>Francis Cabrel &#8211; T\u00eate sao\u00fble (2)<br>Francis Cabrel &#8211; Tout le monde y pense (2)<br>Francis Degrandpr\u00e9 &#8211; Bang bang (20)<br>Francis Degrandpr\u00e9 &#8211; Colorado (20)<br>Francis Degrandpr\u00e9 &#8211; Colorado (harmonie) (20)<br>Francis Degrandpr\u00e9 &#8211; Mon leurre (20)<br>Francis Degrandpr\u00e9 &#8211; Se laisser aller (20)<br>Francis Degrandpr\u00e9 &#8211; Ta toune pr\u00e9f\u00e9r\u00e9e (20)<br>Franck Olivier &#8211; Amoureux de vous madame (2)<br>Franck Olivier &#8211; Je t&rsquo;aime vraiment (2)<br>Franck Olivier &#8211; Peau de femme (2)*<br>Fran\u00e7ois &amp; Liette &#8211; Une vie pour s&rsquo;aimer (16)*<br>Fran\u00e7ois Bernard &#8211; Mon p&rsquo;tit gars-(remix) (2)*<br>Fran\u00e7ois Daigneault &#8211; C&rsquo;est l&rsquo;enfer (2)*<br>Fran\u00e7ois Daigneault &#8211; Envoie un message \u00e0 mon coeur (2)*<br>Francois Daigneault &#8211; Mon coeur pleure pour toi (000)<br>Fran\u00e7ois Daigneault &#8211; Pardonne (2)*<br>Fran\u00e7ois Deguelt &#8211; Minuit, le vent, la nuit (16)<br>Francois Lachance &#8211; Sur le seuil (12)*<br>Fran\u00e7ois Lambert &#8211; Oh toi ma belle jalouse (2)*<br>Fran\u00e7oise Hardy &#8211; Comment te dire adieu (2)*<br>Fran\u00e7oise Hardy &#8211; L&rsquo;amiti\u00e9 (12)*<br>Fran\u00e7oise Hardy &#8211; La maison o\u00f9 j&rsquo;ai grandi (2)*<br>Fran\u00e7oise Hardy &#8211; La valse des regrets (1)*<br>Fran\u00e7oise Hardy &#8211; Mon amie la rose (2)<br>Fran\u00e7oise Hardy &#8211; Puisque vous partez en voyage (1)*<br>Fran\u00e7oise Hardy &#8211; Tous les garcons et les filles (16)*<br>Frank Michael &#8211; Bonjour l&rsquo;amour (B-V) (2)<br>Frank Michael &#8211; Ce n&rsquo;est que la fin de nous (2)<br>Frank Michael &#8211; C\u00e9lina (2)<br>Frank Michael &#8211; Ces mots stupides (2)<br>Frank Michael &#8211; Entends ma voix (B-V) (2)<br>Frank Michael &#8211; I love you (20)<br>Frank Michael &#8211; I love you (B-V) (20)<br>Frank Michael &#8211; Il n&rsquo;y a pas d&rsquo;\u00e2ge (16)<br>Frank Michael &#8211; Je vais t&rsquo;aimer (2)*<br>Frank Michael &#8211; Les grilles de ma maison (000)<br>Frank Michael &#8211; Que reste-t-il de nos amours (B-V) (2)<br>Frank Michael &#8211; Retour au porteur (return to sender) (2-)*<br>Frank Michael &#8211; Voulez-vous danser madame (3)<br>Frank Williams &#8211; Donne-moi un verre (B-V) (2)<br>Frank Williams &#8211; La transcanadienne (B-V) (2)<br>Frank Williams &#8211; La vie sans toi (2)<br>Frank Williams &#8211; Ma p&rsquo;tite acadienne (2)<br>Frank Williams &#8211; Maudit je t&rsquo;aime (2)*<br>Frank Williams &#8211; Prends ma main (20)<br>Fred B\u00e9land &#8211; J&rsquo;resterai stand-by (2)*<br>Fred Pellerin &#8211; Milles apr\u00e8s milles (2)*<br>Fred Tremblay &#8211; Flatte (fran\u00e7ais) (2)*<br>Fr\u00e9d\u00e9ric Fran\u00e7ois &#8211; \u00c0 tous ceux qu&rsquo;on aime (20)<br>Fr\u00e9d\u00e9ric Fran\u00e7ois &#8211; Hey mama (20)*<br>Fr\u00e9d\u00e9ric Fran\u00e7ois &#8211; Je t&rsquo;aime a l&rsquo;italienne (2)*<br>Fr\u00e9d\u00e9rick Parent &#8211; Ouvre tes yeux (20)*<br>Fr\u00e9d\u00e9rick Parent &#8211; Pr\u00e8s de toi j&rsquo;ai su l&rsquo;amour (2)*<br>Fred\u00e9rick Savoie &#8211; Chez nous en acadie (16)*<br>Fred\u00e9rick Savoie &#8211; La musique fait partie de notre vie (12)*<br>Gabrielle Goulet &#8211; Elle sait (B-V) (2)*<br>Gaby Woogie &#8211; Les pieds dans l&rsquo;eau (2)<br>Ga\u00e9tan Boyte &#8211; La vie a fait de toi une femme (20)*<br>Ga\u00e9tan Boyte &#8211; Le go\u00fbt de toi (20)*<br>Ga\u00e9tan Boyte &#8211; Mon fils (20)*<br>Ga\u00e9tan Desmarais &#8211; Un air de blues (20)*<br>Ga\u00e9tan Girard &amp; Nathalie Tremblay &#8211; Petit Michael (2)<br>Ga\u00e9tan Richard &#8211; Donne moi un whisky (2)<br>Gaetan Richard &#8211; La fleur de ma prairie (2-)*<br>Ga\u00e9tan Richard &#8211; Les jumeaux (2)*<br>Ga\u00e9tan Richard &#8211; Une larme dans ma bi\u00e8re (12)*<br>Ga\u00e9tane Beaubien &#8211; Aide-moi \u00e0 vivre le bonheur (2)*<br>Ga\u00e9tane Beaubien &#8211; Joe solitaire (2)<br>Ga\u00e9tane Beaubien &#8211; Le mal que tu m&rsquo;as fait (2)*<br>Gaston Nicolas &#8211; Tu es toujours la m\u00eame (2)<br>Genevieve Grad &#8211; Do you, do you st-tropez (francais) (2)*<br>George B\u00e9liveau &#8211; Pour l&rsquo;amour du ciel (2)*<br>George D&rsquo;or &#8211; La bo\u00eete \u00e0 chanson (12)*<br>George D&rsquo;or &#8211; La bo\u00eete \u00e0 chanson-(remix) (2)<br>George Gu\u00e9tary &#8211; Cet anneau d&rsquo;or (2-)*<br>George Hamel &#8211; Ah que c&rsquo;est beau (2)<br>George Hamel &#8211; Assis \u00e0 la table (20)*<br>George Hamel &#8211; Au pied du rosier blanc (2)*<br>George Hamel &#8211; Au sommet des montagnes (2)<br>George Hamel &#8211; Bonne nuit ma ch\u00e9rie (16)*<br>George Hamel &#8211; C&rsquo;est trop facile de t&rsquo;aimer (2)*<br>George Hamel &#8211; Comme tu es belle (2)<br>George Hamel &#8211; Dans le temps de mon p\u00e8re (2)*<br>George Hamel &#8211; Des roses rouges (12)*<br>George Hamel &#8211; \u00c9coutez l&rsquo;enfant qui chante (12)*<br>George Hamel &#8211; Entends ma pri\u00e8re (12)*<br>George Hamel &#8211; Fais un sourire (2)*<br>George Hamel &#8211; Grand-maman (2-)*<br>George Hamel &#8211; Hello central (2)*<br>George Hamel &#8211; Il est trop tard (2)*<br>George Hamel &#8211; J&rsquo;ai le coeur en prison (16)<br>George Hamel &#8211; J&rsquo;irai te retrouver un jour (20)<br>George Hamel &#8211; J&rsquo;irai te retrouver un jour (B-V) (20)<br>George Hamel &#8211; Je bois pour oublier (2)*<br>George Hamel &#8211; Je chante a sa m\u00e9moire (2-)*<br>George Hamel &#8211; Je t&rsquo;ai aim\u00e9, je t&rsquo;aime encore (2)<br>George Hamel &#8211; Joli mois de mai (12)*<br>George Hamel &#8211; L&rsquo;amour donne des ailes (2)*<br>George Hamel &#8211; L&rsquo;enfant du ciel (2)*<br>George Hamel &#8211; L&rsquo;enfant du ciel (vocal femme) (2)*<br>George Hamel &#8211; La belle gasp\u00e9sie (2)*<br>George Hamel &#8211; La chaine de nos coeurs (12)*<br>George Hamel &#8211; La plus belle valse (12)*<br>George Hamel &#8211; La valse des amoureux (000)<br>George Hamel &#8211; La valse des amoureux (2)<br>George Hamel &#8211; Laissez-moi cueillir vos l\u00e8vres (2)*<br>George Hamel &#8211; Le coeur ne vieillit pas (2)*<br>George Hamel &#8211; Le drame d&rsquo;un ivrogne (2)*<br>George Hamel &#8211; Le go\u00fbt de tes l\u00e8vres (000)<br>George Hamel &#8211; Le roi de la route (2)*<br>George Hamel &#8211; Le roi de la route (avec voix du C.B.) (2)*<br>George Hamel &#8211; Les amants dans le ciel (B-V) (2-)<br>George Hamel &#8211; Les noces de diamant (000)<br>George Hamel &#8211; Merci mon dieu (2-)*<br>George Hamel &#8211; Mon hirondelle (B-V) (2)*<br>George Hamel &#8211; Mon petit fr\u00e8re (12)<br>George Hamel &#8211; Ne laisse pas mourir ton r\u00eave (2-)*<br>George Hamel &#8211; Ne lui envoie plus de roses (B-V) (2)<br>George Hamel &#8211; Parle-moi du bon vieux temps (2)*<br>George Hamel &#8211; Portez-lui ces roses (12)*<br>George Hamel &#8211; Prend le temps de vivre (2-)*<br>George Hamel &#8211; Regarde l&rsquo;\u00e9toile (2)<br>George Hamel &#8211; Rossignol sauvage (2)*<br>George Hamel &#8211; Salut bobby (2-)*<br>George Hamel &#8211; Seigneur toi seul mon grand ami (2)*<br>George Hamel &#8211; Sh\u00e9rif homme de loi (12)*<br>George Hamel &#8211; Toi maman (000)<br>George Hamel &#8211; Une fleur a ma boutonni\u00e8re (000)<br>George Hamel &#8211; Une fleur dans la nuit (12)*<br>George Hamel &#8211; Va au bout de tes r\u00eaves (2)*<br>George Hamel &#8211; Vous vous \u00eates tant aim\u00e9s (12)*<br>George Hamel &amp; Joelle Bizier &#8211; Prends le temps de vivre (000)<br>George Hamel &amp; Marie King &#8211; Un mur entre nos coeurs (000)<br>George Jones &#8211; The grand tour (francais) (20)*<br>George Strait &#8211; All my ex&rsquo;s live in texas (francais) (B-V) (16)*<br>Georges Moustaki &#8211; Il est trop tard (B-V) (16)<br>Georgette Plana &#8211; Viva espana (fran\u00e7ais) (2)*<br>G\u00e9rard (Nono) Deslauriers &#8211; Les guidounes (12)*<br>G\u00e9rard (Nono) Deslauriers &#8211; Pipi caca dans le p&rsquo;tit pot (2)<br>G\u00e9rard Lenorman &#8211; Chanson d&rsquo;innocence (2)*<br>G\u00e9rard Lenorman &#8211; La ballade des gens heureux (2-)*<br>G\u00e9rard Lenorman &#8211; Le gentil dauphin (2)<br>G\u00e9rard Lenorman &#8211; Mon coeur te dit je t&rsquo;aime (000)<br>G\u00e9rard Lenorman &#8211; On a vol\u00e9 la rose (000)<br>G\u00e9rard Lenorman &#8211; Quelque chose et moi (B-V) (2)*<br>G\u00e9rard Lenorman &#8211; Si j&rsquo;\u00e9tais pr\u00e9sident (000)<br>Germain Vincent &#8211; J&rsquo;aime la musique (2)*<br>Germain Vincent &#8211; J&rsquo;suis heureux quand je m\u00e9veille (2)<br>Germain Vincent &#8211; Je chante en me r\u00e9veillant (2)<br>Germain Vincent &#8211; L&rsquo;oreiller de tes r\u00eave (2)<br>Germain Vincent &#8211; Sans toi je ne suis rien (2-)*<br>Germain Vincent &#8211; Viens t&rsquo;en, viens t&rsquo;en au festival country (2)<br>Gerry B (Brunet) &#8211; Le bateau rose et blanc (000)<br>Gerry B (Brunet) &#8211; Nous deux (000)<br>Gerry B (Brunet) &#8211; Tu es le miroir de ma vie (2-)*<br>Gerry Boulet (Offenbach) &#8211; Les yeux du coeur (2)*<br>Gerry Boulet (Offenbach) &#8211; Mes blues passent pu dans porte (2-)*<br>Gerry Boulet (Offenbach) &#8211; Toujours vivant (2-)*<br>Gerry Boulet &amp; Marjo &#8211; Les yeux du coeur (000)<br>Gerry Bribosia &amp; Minola &#8211; Les anges pleurent ce soir (2-)*<br>Gerry West &#8211; La p&rsquo;tite fille \u00e0 son p\u00e8re (2)*<br>Gerry West &#8211; Pour toi maman (B-V) (16)*<br>Gerry West &#8211; Reste avec moi (2)*<br>Gerry West &#8211; Tout simplement (2)<br>Gervaise-Marie Leroux &#8211; La chanson des rameurs (2)*<br>Ghislaine Morin &#8211; Un jour (16)*<br>Ghislaine Paradis &#8211; Comme un \u00e9cho (12)<br>Ghys Mongeon &#8211; Emm\u00e8ne-moi donc un rhum (2)<br>Ghys Mongeon &#8211; Je te veux hors de ma vie (B-V) (2)<br>Ghys Mongeon &#8211; La p\u00eache (B-V) (2)<br>Ghys Mongeon &#8211; Une autre raison d&rsquo;boire (2)<br>Ghys Mongeon &#8211; Une derni\u00e8re bi\u00e8re (2)<br>Gilbert B\u00e9caud &#8211; Les enfants oubli\u00e9s (12)*<br>Gilbert B\u00e9caud &amp; Elvis Presley &#8211; Et maintenant (bilingue) (20)*<br>Gilbert Montagn\u00e9 &#8211; On va s&rsquo;aimer-(remix) (1)<br>Gildor Roy &#8211; Cuando el sol esta saludando las monta\u00f1as (20)*<br>Gildor Roy &#8211; Donne-moi un bec (11)*<br>Gildor Roy &#8211; Du ben bon monde (000)<br>Gildor Roy &#8211; Le touriste (12)*<br>Gildor Roy &#8211; Le train qui siffle (2)*<br>Gildor Roy &#8211; Quand j&rsquo;aime une fois (B-V) (12)*<br>Gildor Roy &#8211; Trop jeune (12)*<br>Gildor Roy &#8211; Tu m&rsquo;montes sa t\u00eate (20)*<br>Gildor Roy &#8211; Une autre chambre d&rsquo;h\u00f4tel (12)*<br>Gilles Brown &#8211; Agent secret (2)<br>Gilles Brown &#8211; C&rsquo;est toi que j&rsquo;aime (2)<br>Gilles Brown &#8211; Ce soir je vais te faire pleurer (20)*<br>Gilles Brown &#8211; Il ne faut pas pleurer (3)*<br>Gilles Brown &#8211; La bamba (francais) (12)*<br>Gilles Brown &#8211; Ne pleure pas (20)*<br>Gilles Brown &amp; Yves Martin &#8211; Il ne faut pas pleurer (20)*<br>Gilles Descoteaux &#8211; Je chante comme willie (12)*<br>Gilles Descoteaux &#8211; Si tu ne crois pas aux anges (12)*<br>Gilles Descoteaux &#8211; Ton enfant n&rsquo;est pas le n\u00f4tre (12)*<br>Gilles Dreu &#8211; Alouette (2)<br>Gilles Guillot &#8211; Danser sur les nuages (2-)*<br>Gilles Guillot &#8211; J&rsquo;\u00e9crirai des chansons (2)*<br>Gilles Guillot &#8211; Maintenant que je t&rsquo;ai perdu (2-)*<br>Gilles Guillot &#8211; Pour notre amour (2)*<br>Gilles Valiquette &#8211; La vie en rose (12)<br>Ginette &amp; Raymond Lavoie &#8211; Au bar country (12)*<br>Ginette &amp; Raymond Lavoie &#8211; Aujourd&rsquo;hui je recommence \u00e0 t&rsquo;aimer (12)*<br>Ginette &amp; Raymond Lavoie &#8211; Cette chanson (000)<br>Ginette &amp; Raymond Lavoie &#8211; Le jour de votre mariage (3)*<br>Ginette &amp; Raymond Lavoie &#8211; Ma gasp\u00e9sie (000)<br>Ginette &amp; Raymond Lavoie &#8211; Mes amis les chasseurs (000)<br>Ginette &amp; Raymond Lavoie &#8211; Personne au monde (12)*<br>Ginette &amp; Raymond Lavoie &#8211; Ton pass\u00e9 reste grav\u00e9 (12)*<br>Ginette Blanchette &#8211; Les amoureux (12)*<br>Ginette Marchesso &#8211; A la sant\u00e9 des clowns (B-V) (2)*<br>Ginette Marchesso &#8211; Au pied d&rsquo;une roche un p&rsquo;tit rocher (2)*<br>Ginette Marchesso &#8211; Cajuns de l&rsquo;an 2000 (2)<br>Ginette Marchesso &#8211; Le train maudit (B-V) (2)<br>Ginette Marchesso &#8211; Les nuits blanches (B-V) (2)<br>Ginette Marchesso &#8211; Mon grand ch&rsquo;val noir (2)<br>Ginette Marchesso &#8211; Si loin du bayou (2)<br>Ginette Marchesso &#8211; Tendre mais pas con (2)<br>Ginette Marchesso &amp; Bernard (Mister B) Paquette &#8211; Il boit sa t\u00e9quila (2)*<br>Ginette Reno &#8211; Du bleu, du bleu (12)<br>Ginette Reno &#8211; I can&rsquo;t let you walk out of my life (B-V) (2)<br>Ginette Reno &#8211; La deuxi\u00e8me voix (1)<br>Ginette Reno &#8211; Un jour \u00e0 la fois (2)*<br>Ginette Reno &amp; Jacques Boulanger &#8211; Le sable et la mer (000)<br>Ginette Reno &amp; Jean-Pierre Ferland &#8211; T&rsquo;es mon amour t&rsquo;es ma ma\u00eetresse (16)*<br>Ginette Sage &#8211; Normand (12)*<br>Gis\u00e8le Beaudoin &#8211; Hasta manana mon amour (20)*<br>Gis\u00e8le Beaudoin &#8211; Je m&rsquo;envole (20)*<br>Gis\u00e8le Beaudoin &#8211; Quand maman chantait (20)*<br>Gis\u00e8le Beaudoin &#8211; Une danse avec toi (20)*<br>Gis\u00e8le Beaudoin &#8211; Une fleur dans la nuit (20)*<br>Gis\u00e8le Lalibert\u00e9 &#8211; Daisy (12)*<br>Gis\u00e8le Lalibert\u00e9 &#8211; Si tu n&rsquo;as plus d&rsquo;amour pour moi (12)*<br>Gis\u00e8le Lalibert\u00e9 &#8211; Un doux baiser sur ta photo (12)*<br>Gloria Lasso &#8211; Diana (francais) (20)*<br>Gloria Lasso &#8211; Gondolier (12)*<br>Gloria Lasso &#8211; Oui devant dieu (12)*<br>Gloria Lasso &#8211; Padr\u00e9 don jos\u00e9 (12)*<br>Grande Ourse &#8211; Au nord bar (20)<br>Groupe R\u00e9veil &#8211; Allez buvez (2)<br>Groupe R\u00e9veil &#8211; C&rsquo;est pour la vie (2)<br>Groupe R\u00e9veil &#8211; Choo choo (20)<br>Groupe R\u00e9veil &#8211; Dans ma pri\u00e8re (2)<br>Groupe R\u00e9veil &#8211; Enfant d&rsquo;la d\u00e9bauche (20)<br>Groupe R\u00e9veil &#8211; Et si moi je n&rsquo;veux pas (2)<br>Groupe R\u00e9veil &#8211; Hangover (2)<br>Groupe R\u00e9veil &#8211; Jusqu&rsquo;\u00e0 la fin (2)<br>Groupe R\u00e9veil &#8211; L&rsquo;homme et ses boeufs (2)<br>Groupe R\u00e9veil &#8211; La dune (2)<br>Groupe R\u00e9veil &#8211; La folie (2)<br>Groupe R\u00e9veil &#8211; La palourde (2)<br>Groupe R\u00e9veil &#8211; Le meilleur des anges (2)<br>Groupe R\u00e9veil &#8211; Le r\u00e9veillant (2)<br>Groupe R\u00e9veil &#8211; Ol\u00e9 ol\u00e9 les acadiens (2)<br>Groupe R\u00e9veil &#8211; Sans probl\u00e8me (2)<br>Groupe R\u00e9veil &#8211; Valderi valdera (B-V) (2)<br>Guillaume Grand &#8211; Toi et moi (2)*<br>Guy (Ti-Guy) \u00c9mond &#8211; N&rsquo;oublie jamais (12)*<br>Guy (Ti-Guy) \u00c9mond &#8211; Oh carole &amp; diana etc (anglais) (B-V) (4.11) (12)<br>Guy (Ti-Guy) \u00c9mond &#8211; Un soir sans toi (12)*<br>Guy A. Lepage &amp; Marc Labr\u00e8che &#8211; Salut les amoureux (12)<br>Guy Aubin &#8211; Le p&rsquo;tit train bleu (2)*<br>Guy Aubin &#8211; Mon coeur cherche ton coeur (12)*<br>Guy Boucher &#8211; Colinda (12)*<br>Guy Boucher &#8211; Devant le juke-box (12)*<br>Guy Boucher &#8211; La californie (000)<br>Guy Boucher &#8211; Ramaya (12)<br>Guy Boucher &#8211; Tant que le soleil brilleras (000)<br>Guy Harvey &#8211; Dans tes bras (20)*<br>Guy Marcoux &#8211; Flip, flop and fly (B-V) (2-)*<br>Guy Marcoux &#8211; Maman j&rsquo;te vois (2)*<br>Guy Marcoux &#8211; Quand tu es parti (2)*<br>Guy Marcoux &#8211; Trois p&rsquo;tits coups (B-V) (2)*<br>Guy Marcoux &#8211; Tu est partie (12)*<br>Guy Marcoux &#8211; Un bon verre de vin (2)*<br>Guy Marcoux &#8211; Un soir sans toi (B-V) (2)*<br>Guy Marcoux &amp; Annie Blanchard &#8211; On est fait l&rsquo;un pour l&rsquo;autre (2)*<br>Guy Mardel &#8211; N&rsquo;avoue jamais (12)*<br>Guy Miouffe &#8211; Chers parents (16)<br>Guy Miouffe &#8211; Chers parents (B-V) (16)<br>Guy Tremblay &#8211; Ce soir je regarde \u00e0 ma fen\u00eatre (16)<br>Guy Tremblay &#8211; La cl\u00e9 de mon coeur (4)<br>Guy Tremblay &#8211; Seul dans la rue (16)<br>Guylaine &amp; Patrick Dubois &#8211; Pri\u00e8re personnelle (16)<br>Guylaine &amp; Patrick Dubois &#8211; Pri\u00e8re personnelle (duo) (16)<br>Guylaine Guay &#8211; Tant que le soleil brilleras (000)<br>Guylaine Tanguay &#8211; \u00c0 ma mani\u00e8re (2)*<br>Guylaine Tanguay &#8211; \u00c0 mes filles (16)<br>Guylaine Tanguay &#8211; Allez venez danser (2)*<br>Guylaine Tanguay &#8211; Allons danser colinda (2)*<br>Guylaine Tanguay &#8211; Bienvenue chez-moi (12)*<br>Guylaine Tanguay &#8211; Blue suede shoes (2)*<br>Guylaine Tanguay &#8211; Burning love (16)<br>Guylaine Tanguay &#8211; C&rsquo;est beaucoup mieux comme \u00e7a (20)<br>Guylaine Tanguay &#8211; Ceux qui s&rsquo;en vont (2)*<br>Guylaine Tanguay &#8211; Chanson prisonnier &amp; un verre sur la table (4.05) (2)<br>Guylaine Tanguay &#8211; Cowgirl de ville &amp; l\u2019enfant do etc (B-V) (3.28) (2)<br>Guylaine Tanguay &#8211; Cowgirl dor\u00e9e &amp; ma guitare mon sourire (3.26) (2)<br>Guylaine Tanguay &#8211; Darling (2)*<br>Guylaine Tanguay &#8211; De l&rsquo;autre c\u00f4t\u00e9 de la route (20)*<br>Guylaine Tanguay &#8211; De la neige sur la bible de mon p\u00e8re (2)*<br>Guylaine Tanguay &#8211; Dernier caf\u00e9 (16)<br>Guylaine Tanguay &#8211; Diggy diggy ly (2)*<br>Guylaine Tanguay &#8211; Don\u2019t be cruel &amp; teddy bear (B-V) (2.56) (2)<br>Guylaine Tanguay &#8211; Donnez-moi un tush push (2)*<br>Guylaine Tanguay &#8211; \u00catre naturel (2)*<br>Guylaine Tanguay &#8211; Fais attention (2)*<br>Guylaine Tanguay &#8211; Frappe des mains (2)*<br>Guylaine Tanguay &#8211; Il est parti (2)*<br>Guylaine Tanguay &#8211; In the ghetto (16)<br>Guylaine Tanguay &#8211; It&rsquo;s now or never (2)*<br>Guylaine Tanguay &#8211; J&rsquo;ai besoin d&rsquo;un ami (20)*<br>Guylaine Tanguay &#8211; J&rsquo;ai chaud (16)<br>Guylaine Tanguay &#8211; J&rsquo;ai dit non (20)<br>Guylaine Tanguay &#8211; J&rsquo;entends frapper (2)*<br>Guylaine Tanguay &#8211; J&rsquo;suis ton amie (2)*<br>Guylaine Tanguay &#8211; Je l&rsquo;aime \u00e0 mourir (2)*<br>Guylaine Tanguay &#8211; Je m&rsquo;envolerai (2)*<br>Guylaine Tanguay &#8211; Je te d\u00e9sire (2-)*<br>Guylaine Tanguay &#8211; Je voudrais \u00eatre madelinot (2)*<br>Guylaine Tanguay &#8211; L&rsquo;arbre est dans ses feuilles (2)*<br>Guylaine Tanguay &#8211; L&rsquo;enfant do (2)*<br>Guylaine Tanguay &#8211; L&rsquo;hirondelle (2)*<br>Guylaine Tanguay &#8211; L&rsquo;hymne \u00e0 l&rsquo;amour (2)<br>Guylaine Tanguay &#8211; L&rsquo;important c&rsquo;est la rose (2)*<br>Guylaine Tanguay &#8211; L&rsquo;incontournable (2)*<br>Guylaine Tanguay &#8211; La chasse (2)*<br>Guylaine Tanguay &#8211; La derni\u00e8re (2)*<br>Guylaine Tanguay &#8211; La deuxi\u00e8me voix (2)*<br>Guylaine Tanguay &#8211; Le jour de ton retour (2)*<br>Guylaine Tanguay &#8211; Le lumberjack (2)*<br>Guylaine Tanguay &#8211; Le p\u00e9nitencier (2)*<br>Guylaine Tanguay &#8211; Le Prisonnier (2)*<br>Guylaine Tanguay &#8211; Les plaisirs d&rsquo;\u00e9t\u00e9 (2)*<br>Guylaine Tanguay &#8211; Mon amour, mon ami (B-V) (16)<br>Guylaine Tanguay &#8211; Offre-moi cette danse (16)*<br>Guylaine Tanguay &#8211; On n&rsquo;a pas le droit (2)*<br>Guylaine Tanguay &#8211; Padr\u00e9 (2)*<br>Guylaine Tanguay &#8211; Partons la mer est belle (16)*<br>Guylaine Tanguay &#8211; Pri\u00e8re d&rsquo;une m\u00e8re (2)*<br>Guylaine Tanguay &#8211; Provocante (2)*<br>Guylaine Tanguay &#8211; Quand on est en amour (2)*<br>Guylaine Tanguay &#8211; Release me (2)*<br>Guylaine Tanguay &#8211; Ring of fire (2)*<br>Guylaine Tanguay &#8211; S&rsquo;il n&rsquo;y avait plus de lendemain (2)*<br>Guylaine Tanguay &#8211; Salut les amoureux (2)*<br>Guylaine Tanguay &#8211; Si jamais j&rsquo;oublie (2)*<br>Guylaine Tanguay &#8211; Si je n&rsquo;ai pas l&rsquo;amour (2)*<br>Guylaine Tanguay &#8211; Si je pouvais (2)*<br>Guylaine Tanguay &#8211; Si tu m&rsquo;aimes (20)*<br>Guylaine Tanguay &#8211; Simple passager (16)<br>Guylaine Tanguay &#8211; Souvenir d&rsquo;un coeur (12)*<br>Guylaine Tanguay &#8211; Sur ce parchemin (12)*<br>Guylaine Tanguay &#8211; Sur la grande c\u00f4te (2)*<br>Guylaine Tanguay &#8211; Tant qu&rsquo;il restera (12)*<br>Guylaine Tanguay &#8211; Tu es l\u00e0 (2)*<br>Guylaine Tanguay &#8211; Une femme avec lui (2-)*<br>Guylaine Tanguay &#8211; Une femme en amour (2)*<br>Guylaine Tanguay &#8211; Une vague bleue (20)*<br>Guylaine Tanguay &amp; Am\u00e9lie Hall &#8211; Sois fid\u00e8le et sinc\u00e8re (12)<br>Guylaine Tanguay &amp; Julie Daraiche &#8211; Que la lune est belle ce soir (2)*<br>Guylaine Tanguay &amp; Mario Pelchat &#8211; Island in the stream (16)<br>Guylaine Tanguay &amp; Maxime Landry &#8211; Je crois en nous (2)*<br>Guylaine Tanguay &amp; Michel Rivard &#8211; Je voudrais voir la mer (2)<br>Guylaine Tanguay &amp; Paul Daraiche &#8211; Jusqu&rsquo;au bout du monde (12)*<br>Gypsy King &#8211; Marina (francais) (12)*<\/strong><\/p>\n","protected":false},"excerpt":{"rendered":"<p>Fabienne Thibault &#8211; Ma m\u00e8re chantait toujours (12)*Fabienne Thibault &amp; Richard Cocciante &#8211; Question de feeling (16)Faby Gagnon &#8211; Jambalaya (2)*Faby Gagnon &#8211; Je n&rsquo;ai jamais aim\u00e9 (2)*Faby Gagnon &#8211; Je t&rsquo;aime en silence (2)*Faby Gagnon &#8211; Je veux te dire (2)*Faby Gagnon &#8211; Jusqu&rsquo;au bout du monde (2)Faby Gagnon&#8230; <a class=\"continue-reading-link\" href=\"https:\/\/festivalkaraoke.ca\/index.php\/francais-french-f-g\/\"> Continue reading <span class=\"meta-nav\">&rarr; <\/span><\/a><\/p>\n","protected":false},"author":1,"featured_media":0,"parent":0,"menu_order":0,"comment_status":"closed","ping_status":"closed","template":"","meta":{"footnotes":""},"class_list":["post-1025","page","type-page","status-publish","hentry"],"_links":{"self":[{"href":"https:\/\/festivalkaraoke.ca\/index.php\/wp-json\/wp\/v2\/pages\/1025","targetHints":{"allow":["GET"]}}],"collection":[{"href":"https:\/\/festivalkaraoke.ca\/index.php\/wp-json\/wp\/v2\/pages"}],"about":[{"href":"https:\/\/festivalkaraoke.ca\/index.php\/wp-json\/wp\/v2\/types\/page"}],"author":[{"embeddable":true,"href":"https:\/\/festivalkaraoke.ca\/index.php\/wp-json\/wp\/v2\/users\/1"}],"replies":[{"embeddable":true,"href":"https:\/\/festivalkaraoke.ca\/index.php\/wp-json\/wp\/v2\/comments?post=1025"}],"version-history":[{"count":15,"href":"https:\/\/festivalkaraoke.ca\/index.php\/wp-json\/wp\/v2\/pages\/1025\/revisions"}],"predecessor-version":[{"id":2409,"href":"https:\/\/festivalkaraoke.ca\/index.php\/wp-json\/wp\/v2\/pages\/1025\/revisions\/2409"}],"wp:attachment":[{"href":"https:\/\/festivalkaraoke.ca\/index.php\/wp-json\/wp\/v2\/media?parent=1025"}],"curies":[{"name":"wp","href":"https:\/\/api.w.org\/{rel}","templated":true}]}}