{"id":1023,"date":"2025-01-21T00:26:18","date_gmt":"2025-01-21T05:26:18","guid":{"rendered":"https:\/\/festivalkaraoke.ca\/?page_id=1023"},"modified":"2025-11-26T16:18:49","modified_gmt":"2025-11-26T21:18:49","slug":"francais-french-e","status":"publish","type":"page","link":"https:\/\/festivalkaraoke.ca\/index.php\/francais-french-e\/","title":{"rendered":"Fran\u00e7ais (E) French"},"content":{"rendered":"\n<p><strong>Eddy Mitchell &#8211; A cr\u00e9dit et en st\u00e9r\u00e9o (12)*<br>Eddy Mitchell &#8211; Be bop a lula (francais) (12)*<br>Eddy Mitchell &#8211; Blueberry hill (francais) (2-)*<br>Eddy Mitchell &#8211; C&rsquo;est un rocker (12)*<br>Eddy Mitchell &#8211; Sur la route de memphis (12)*<br>Edith Butler &#8211; Allons danser collinda (12)*<br>Edith Butler &#8211; J&rsquo;ai un bouton su l&#8217;bout d&rsquo;la langue &amp; la bastringue (2.40) (12)<br>Edith Butler &#8211; Laissez-moi d\u00e9rouler le soleil (000)<br>Edith Butler &#8211; Paquetteville (12)*<br>Edith Butler &#8211; Two step en acadie (12)*<br>Edouard Castonguay &#8211; Bonne nuit ma ch\u00e9rie (12)*<br>Edouard Castonguay &#8211; Mon ami l&rsquo;hirondelle (12)*<br>Edouard Castonguay &#8211; Si un enfant savait (2)*<br>\u00c9laina Vincent &#8211; Bouquet de roses (2)*<br>\u00c9laina Vincent &#8211; Ce n&rsquo;est pas grand chose (2)*<br>\u00c9laina Vincent &#8211; Ce qu&rsquo;une femme d\u00e9sire (2)*<br>\u00c9laina Vincent &#8211; Crazy (2)*<br>\u00c9laina Vincent &#8211; Entre dans ma vie (2)*<br>\u00c9laina Vincent &#8211; Hommage \u00e0 un ami (2)*<br>\u00c9laina Vincent &#8211; J&rsquo;ai dit non (2)*<br>\u00c9laina Vincent &#8211; Jamais assez loin (2-)*<br>\u00c9laina Vincent &#8211; Je croirai toujours en toi (2)*<br>\u00c9laina Vincent &#8211; Je dis des mots d&rsquo;amour (2)*<br>\u00c9laina Vincent &#8211; Je finirai par l&rsquo;oublier (2)*<br>\u00c9laina Vincent &#8211; Je m&rsquo;en vais chanter (2)*<br>\u00c9laina Vincent &#8211; Je pleure encore (2)*<br>\u00c9laina Vincent &#8211; Je sais qui je suis (2)*<br>\u00c9laina Vincent &#8211; Je t&rsquo;attends ce soir (2)*<br>\u00c9laina Vincent &#8211; Joue-moi encore (2)*<br>\u00c9laina Vincent &#8211; Les anges du mexique (2)*<br>\u00c9laina Vincent &#8211; Les oiseaux blancs (2-)*<br>\u00c9laina Vincent &#8211; Mes yeux n&rsquo;ont jamais rien vu (2-)*<br>\u00c9laina Vincent &#8211; Mr. Beaudry (2)*<br>\u00c9laina Vincent &#8211; Ne frapper plus (2)*<br>\u00c9laina Vincent &#8211; Pardonne-moi (2)*<br>\u00c9laina Vincent &#8211; Pourquoi lui en vouloir (2)*<br>\u00c9laina Vincent &#8211; Quand j&rsquo;appelle ton nom (2)*<br>\u00c9laina Vincent &#8211; Que la lune est belle (3)*<br>\u00c9laina Vincent &#8211; S&rsquo;il n&rsquo;y avait plus de lendemain (2)*<br>\u00c9laina Vincent &#8211; Sans ton amour (2)<br>\u00c9laina Vincent &#8211; Si jamais je te revois (2-)*<br>\u00c9laina Vincent &#8211; Si tu veux (2)*<br>\u00c9laina Vincent &amp; Claude &#8211; C&rsquo;est la fin (2)*<br>\u00c9laina Vincent &amp; Claude &#8211; Donne-moi ma chance (2-)*<br>\u00c9laina Vincent &amp; Claude &#8211; Ensemble (2)*<br>\u00c9laina Vincent &amp; Claude &#8211; Je t&rsquo;offre mon coeur (2)*<br>\u00c9laina Vincent &amp; Claude &#8211; La temp\u00eate d&rsquo;amour (2)*<br>\u00c9laina Vincent &amp; Claude &#8211; Le ciel est bleu (2)*<br>\u00c9laina Vincent &amp; Claude &#8211; Oh oui tu peux (2)*<br>\u00c9laina Vincent &amp; Claude &#8211; Partie remise (2)*<br>\u00c9laina Vincent &amp; Claude &#8211; Qu&rsquo;est-ce qu&rsquo;on attend (2)*<br>\u00c9laina Vincent &amp; Claude &#8211; Que la lune est belle ce soir (2)*<br>\u00c9laina Vincent &amp; Claude &#8211; Si elle te quitte (2)*<br>\u00c9laina Vincent &amp; Claude &#8211; Ta d\u00e9cision (2)*<br>\u00c9laina Vincent &amp; Claude &#8211; Tu m&rsquo;as fait connaitre l&rsquo;ennui (2)*<br>Elvis Presley &#8211; Return to sender (francais) (2-)*<br>\u00c9milie Daraiche &#8211; Emm\u00e8ne-moi chez-vous (2)*<br>\u00c9milie Daraiche &#8211; Et alors (2)*<br>\u00c9milie Daraiche &#8211; M&rsquo;en aller ce soir (2)*<br>\u00c9milie Daraiche &#8211; Si on y croit (2)*<br>\u00c9milie Daraiche &#8211; Souviens-toi (2)*<br>\u00c9milie Dara\u008ciche &amp; Mario Pelchat &#8211; J&rsquo;ai souvenir encore (20)<br>\u00c9milie Daraiche &amp; Paul &#8211; J&rsquo;ai souvenir encore (2)*<br>\u00c9milie L\u00e9vesque &#8211; C&rsquo;est toute une musique (2)*<br>Emmanuelle &#8211; Le monde \u00e0 l&rsquo;envers (20)*<br>Emmanuelle Boucher &#8211; Amoureuse (B-V) (16)<br>Emmanuelle Boucher &#8211; Classique (B-V) (16)<br>Emmanuelle Boucher &#8211; Cowboy (B-V) (16)<br>Emmanuelle Boucher &#8211; Sous le m\u00eame vent (B-V) (16)<br>En Barque &#8211; Deux pieds sur mer (2)*<br>En Barque &#8211; La p\u00eache aux bourgots (B-V) (2)*<br>En Barque &#8211; La saga (2)*<br>En Barque &#8211; Les charrues (B-V) (2)*<br>\u00c9ric Comeau &#8211; L&rsquo;histoire des trois chums (12)*<br>Eric Labelle &#8211; Celle que j&rsquo;aimais (20)*<br>\u00c9ric Masson &#8211; Advienne que pourra (2)*<br>\u00c9tienne &amp; M\u00e9lanie Bessette &#8211; Bercer nos souvenirs (12)*<br>\u00c9tienne &amp; Monique Bessette &#8211; Lit de satin (2)*<br>\u00c9tienne Bessette &#8211; Joue-moi un air sur ton violon (2)*<br>\u00c9tienne Bessette &#8211; Le sentier des amoureux (12)*<br>\u00c9tienne Bessette &#8211; Linda (2)*<br>\u00c9tienne Drapeau &#8211; Salut les amoureux (2)*<br>Evan Joaness &#8211; Mexico (francais) (2)*<br>Evan Joaness &#8211; Rhum coco ananas (fran\u00e7ais) (000)<\/strong><\/p>\n","protected":false},"excerpt":{"rendered":"<p>Eddy Mitchell &#8211; A cr\u00e9dit et en st\u00e9r\u00e9o (12)*Eddy Mitchell &#8211; Be bop a lula (francais) (12)*Eddy Mitchell &#8211; Blueberry hill (francais) (2-)*Eddy Mitchell &#8211; C&rsquo;est un rocker (12)*Eddy Mitchell &#8211; Sur la route de memphis (12)*Edith Butler &#8211; Allons danser collinda (12)*Edith Butler &#8211; J&rsquo;ai un bouton su l&#8217;bout&#8230; <a class=\"continue-reading-link\" href=\"https:\/\/festivalkaraoke.ca\/index.php\/francais-french-e\/\"> Continue reading <span class=\"meta-nav\">&rarr; <\/span><\/a><\/p>\n","protected":false},"author":1,"featured_media":0,"parent":0,"menu_order":0,"comment_status":"closed","ping_status":"closed","template":"","meta":{"footnotes":""},"class_list":["post-1023","page","type-page","status-publish","hentry"],"_links":{"self":[{"href":"https:\/\/festivalkaraoke.ca\/index.php\/wp-json\/wp\/v2\/pages\/1023","targetHints":{"allow":["GET"]}}],"collection":[{"href":"https:\/\/festivalkaraoke.ca\/index.php\/wp-json\/wp\/v2\/pages"}],"about":[{"href":"https:\/\/festivalkaraoke.ca\/index.php\/wp-json\/wp\/v2\/types\/page"}],"author":[{"embeddable":true,"href":"https:\/\/festivalkaraoke.ca\/index.php\/wp-json\/wp\/v2\/users\/1"}],"replies":[{"embeddable":true,"href":"https:\/\/festivalkaraoke.ca\/index.php\/wp-json\/wp\/v2\/comments?post=1023"}],"version-history":[{"count":14,"href":"https:\/\/festivalkaraoke.ca\/index.php\/wp-json\/wp\/v2\/pages\/1023\/revisions"}],"predecessor-version":[{"id":2406,"href":"https:\/\/festivalkaraoke.ca\/index.php\/wp-json\/wp\/v2\/pages\/1023\/revisions\/2406"}],"wp:attachment":[{"href":"https:\/\/festivalkaraoke.ca\/index.php\/wp-json\/wp\/v2\/media?parent=1023"}],"curies":[{"name":"wp","href":"https:\/\/api.w.org\/{rel}","templated":true}]}}