{"id":1021,"date":"2025-01-21T00:26:04","date_gmt":"2025-01-21T05:26:04","guid":{"rendered":"https:\/\/festivalkaraoke.ca\/?page_id=1021"},"modified":"2025-11-26T16:15:45","modified_gmt":"2025-11-26T21:15:45","slug":"francais-french-d","status":"publish","type":"page","link":"https:\/\/festivalkaraoke.ca\/index.php\/francais-french-d\/","title":{"rendered":"Fran\u00e7ais (D) French"},"content":{"rendered":"\n<p><strong>Dalida &#8211; Diana (francais) (12)*<br>Dalida &#8211; Gigi L&rsquo;amoroso (16)<br>Dalida &#8211; Il venait d&rsquo;avoir 18 ans (16)<br>Dalida &#8211; J&rsquo;attendrai (1)<br>Dalida &#8211; Le temps des fleurs (2-)*<br>Dalida &#8211; Les grilles de ma maison (20)*<br>Dalida &#8211; Mourir sur sc\u00e8ne (2)<br>Dalida &#8211; Paroles Paroles-(remix) (B-V) (duo) (2)<br>Dalida &#8211; Paroles, paroles (vocal homme) (2)<br>Dalida &#8211; Pauvre coeur (2)<br>Dalida &#8211; P\u00e9pito (francais) (12)*<br>Dalida &#8211; Petit gonzales (2-)*<br>Damien Robitaille &#8211; Homme autonome (2)*<br>Damien Robitaille &#8211; J\u00e9sus est n\u00e9 (2)*<br>Damien Robitaille &#8211; Mambo m\u00e9tiss\u00e9 (2)*<br>Damien Robitaille &#8211; On est n\u00e9 nu (2)*<br>Damien Robitaille &#8211; Plein d&rsquo;amour (2)*<br>Damien Robitaille &#8211; Tu m&#8217;emballes (2)*<br>Damien Roy &#8211; Du pot dans mon bl\u00e9 d&rsquo;inde (2)*<br>Damien Roy &#8211; Le seigneur est dans l&rsquo;moteur (B-V) (2-)*<br>Dan &amp; Lou &#8211; Avant de te conna\u00eetre (12)*<br>Dan &amp; Lou &#8211; Bon voyage mon amour (2)*<br>Dan &amp; Lou &#8211; California blue (francais) (000)<br>Dan &amp; Lou &#8211; Dany boy (000)<br>Dan &amp; Lou &#8211; Emmene-moi sur ton bateau (12)*<br>Dan &amp; Lou &#8211; J&rsquo;ai entendu sa quelque part (2-)*<br>Dan &amp; Lou &#8211; Je voudrais \u00eatre madelinot (000)<br>Dan &amp; Lou &#8211; L&rsquo;enfant que j&rsquo;ai perdu (2-)*<br>Dan &amp; Lou &#8211; La chanson du prisonnier (12)*<br>Dan &amp; Lou &#8211; La s\u00e9r\u00e9nit\u00e9 (12)*<br>Dan &amp; Lou &#8211; Le bateau de tahiti (2-)*<br>Dan &amp; Lou &#8211; Melissa (12)*<br>Dan &amp; Lou &#8211; Mille colombes (12)*<br>Dan &amp; Lou &#8211; Mon coeur te dis je t&rsquo;aime (000)<br>Dan &amp; Lou &#8211; Tant que le soleil brillera (2)*<br>Dan &amp; Lou &#8211; Toutes les femmes sont belles (12)*<br>Dan &amp; Lou &#8211; Tu t&rsquo;en vas (000)<br>Dan Gagnon &#8211; Je ne suis pas chanceux en amour (3)*<br>Dan Lamy &#8211; Le cancer (2)*<br>Dan Roy &#8211; Danser (B-V) (2)*<br>Dani Daraiche &#8211; 30 ans d\u00e9j\u00e0 (2)*<br>Dani Daraiche &#8211; Aimer souffrir pardonner oublier (12)*<br>Dani Daraiche &#8211; As-tu d\u00e9ja pleur\u00e9 (11)*<br>Dani Daraiche &#8211; Blue angel (2)<br>Dani Daraiche &#8211; Blues roses (2-)*<br>Dani Daraiche &#8211; Brise la chaine de mon coeur (000)<br>Dani Daraiche &#8211; C&rsquo;est bien fini (2)*<br>Dani Daraiche &#8211; C&rsquo;est bien fini (B-V) (2)<br>Dani Daraiche &#8211; C&rsquo;est un jeu (11)*<br>Dani Daraiche &#8211; Ce soir (2)*<br>Dani Daraiche &#8211; Ce soir je pleure notre amour (12)*<br>Dani Daraiche &#8211; Chez moi (000)<br>Dani Daraiche &#8211; Dans mes bras (bilingue) (000)<br>Dani Daraiche &#8211; Dans mon coeur il y a quelqu&rsquo;un (2)*<br>Dani Daraiche &#8211; Don carmello gonzales (11)*<br>Dani Daraiche &#8211; Du country (B-V) (2)<br>Dani Daraiche &#8211; \u00c9toile de mes r\u00eaves (12)*<br>Dani Daraiche &#8211; Existes-tu vraiment (2)*<br>Dani Daraiche &#8211; Faites chanter les enfants du monde (2)*<br>Dani Daraiche &#8211; Folle de t&rsquo;aimer (2)*<br>Dani Daraiche &#8211; Garde bien la derni\u00e8re danse pour moi (12)*<br>Dani Daraiche &#8211; Il ne reste plus rien (2)*<br>Dani Daraiche &#8211; J&rsquo;ai tant besoin de toi (000)<br>Dani Daraiche &#8211; J&rsquo;ai tant besoin de toi (melodie) (2-)*<br>Dani Daraiche &#8211; J&rsquo;avais seize ans (2)*<br>Dani Daraiche &#8211; Je me souviens (000)<br>Dani Daraiche &#8211; Je t&rsquo;aime encore (2)*<br>Dani Daraiche &#8211; Je t&rsquo;aime toujours (2)*<br>Dani Daraiche &#8211; Je voudrais \u00eatre Madelinots (000)<br>Dani Daraiche &#8211; L&rsquo;amour est fragile (2)*<br>Dani Daraiche &#8211; L&rsquo;enfant do (12)*<br>Dani Daraiche &#8211; L&rsquo;homme a la canne blanche (B-V) (2)<br>Dani Daraiche &#8211; L&rsquo;h\u00f4tel et la boisson (000)<br>Dani Daraiche &#8211; La carte postale (12)*<br>Dani Daraiche &#8211; Laisse-moi faire comme je veux (bilingue) (12)*<br>Dani Daraiche &#8211; Laisse-toi aller sur mon \u00e9paule (2)*<br>Dani Daraiche &#8211; Le cadeau de la vie (000)<br>Dani Daraiche &#8211; Le crime de la drogue (2)*<br>Dani Daraiche &#8211; Le petit voilier (2)*<br>Dani Daraiche &#8211; Le train qui siffle (2)*<br>Dani Daraiche &#8211; Lui (B-V) (2)<br>Dani Daraiche &#8211; Ma gasp\u00e9sie (2)*<br>Dani Daraiche &#8211; Marin (2-)*<br>Dani Daraiche &#8211; Mes chers parents (2-)*<br>Dani Daraiche &#8211; Mimi yankee (12)*<br>Dani Daraiche &#8211; Mon amour, mon ami (12)*<br>Dani Daraiche &#8211; Oh l\u00e0 je m&rsquo;en vais (12)*<br>Dani Daraiche &#8211; O\u00f9 est pass\u00e9 l&rsquo;amour (2)<br>Dani Daraiche &#8211; Passe avec moi la nuit (12)*<br>Dani Daraiche &#8211; Pour elle (12)*<br>Dani Daraiche &#8211; Pri\u00e8re d&rsquo;une m\u00e8re (000)<br>Dani Daraiche &#8211; Sauve-moi (2)*<br>Dani Daraiche &#8211; Tes bottes et tes jeans (2-)*<br>Dani Daraiche &#8211; Toi (20)*<br>Dani Daraiche &#8211; Toi et moi (12)*<br>Dani Daraiche &#8211; Ton coeur qui est bless\u00e9 (2)*<br>Dani Daraiche &#8211; Toujours plus loin (12)*<br>Dani Daraiche &#8211; Tout comme dans un r\u00eave (2)<br>Dani Daraiche &#8211; Tu es le soleil de mes nuits (12)*<br>Dani Daraiche &#8211; Tu n&rsquo;as pas de coeur (12)*<br>Dani Daraiche &#8211; Tu sais parfois (2-)*<br>Dani Daraiche &#8211; Un petit miracle &amp; one small miracle (bilingue) (2)*<br>Dani Daraiche &#8211; Un serment d&rsquo;amour (000)<br>Dani Daraiche &#8211; Une croix sur ton nom (2-)*<br>Dani Daraiche &#8211; Viens danser le twist (000)<br>Dani Daraiche &amp; Debbie Myers &#8211; Avec un si (2)*<br>Dani Daraiche &amp; Jonathan Godin &#8211; Dans tes yeux (2)*<br>Dani Daraiche &amp; Jonathan Godin &#8211; Maman tu resteras (2)*<br>Dani Daraiche &amp; Laurie Leblanc &#8211; Two step en acadie (2)*<br>Dani Daraiche &amp; Les Fr\u00e8res Delhunty &#8211; Rose rose (2-)*<br>Dani Daraiche &amp; Paul &#8211; Malgr\u00e9 le temps (2)*<br>Dani D\u00e9raspe &#8211; Le vieux p\u00eacheur (2-)*<br>Daniel (Papouce) Savard &#8211; La vol\u00e9e (12)*<br>Daniel (Papouce) Savard &#8211; Ma belle-m\u00e8re (12)*<br>Daniel (Papouce) Savard &#8211; Mes p&rsquo;tits solo (12)*<br>Daniel Bertrand &#8211; Comme dans l&rsquo;bon vieux temps (2)<br>Daniel Bertrand &#8211; Comme dans l&rsquo;bon vieux temps (B-V) (2)<br>Daniel Bertrand &#8211; Entends ma pri\u00e8re (2)*<br>Daniel Bertrand &#8211; Entends ma pri\u00e8re (B-V) (2)*<br>Daniel Bertrand &#8211; J&rsquo;l\u00e8ve le coude (B-V) (20)<br>Daniel Bertrand &#8211; Jamais trop tard (B-V) (20)<br>Daniel Bertrand &#8211; Je pars \u00e0 l&rsquo;autre bout du monde (B-V) (2)*<br>Daniel Bertrand &#8211; La chasse est arriv\u00e9 (B-V) (20)<br>Daniel Bertrand &#8211; L\u00e2cher lousse (B-V) (20)<br>Daniel Bertrand &#8211; Moi je chante (2)*<br>Daniel Bertrand &#8211; Moi je chante (B-V) (2)*<br>Daniel Bertrand &#8211; Quand tu m&rsquo;dis (B-V) (20)<br>Daniel Bertrand &#8211; The losing side of me (B-V) (20)<br>Daniel Bertrand &#8211; Unchained melody (B-V) (20)<br>Daniel Cotton &#8211; C&rsquo;est michelle (12)*<br>Daniel Dan &#8211; \u00c0 toi mon p\u00e8re (2)*<br>Daniel Dan &#8211; Act naturally (2)*<br>Daniel Dan &#8211; Ce soir fais moi danser (2)*<br>Daniel Dan &#8211; Cowboy rides away (2)*<br>Daniel Dan &#8211; Dans mon shack (2)*<br>Daniel Dan &#8211; Donne-moi quelques jours (2)*<br>Daniel Dan &#8211; Good hearted women (2)*<br>Daniel Dan &#8211; Guitare cadillac (2)*<br>Daniel Dan &#8211; Hommage aux pecheurs (2)*<br>Daniel Dan &#8211; Honky tonk blues (2)*<br>Daniel Dan &#8211; Jambalaya (2)*<br>Daniel Dan &#8211; L&rsquo;bum (2)*<br>Daniel Dan &#8211; L&rsquo;chantier (2)*<br>Daniel Dan &#8211; La rivi\u00e8re au tonnerre (2)*<br>Daniel Dan &#8211; La th\u00e9i\u00e8re (2)*<br>Daniel Dan &#8211; Le cowboy des grandes villes (2)*<br>Daniel Dan &#8211; Le train qui siffle (2)*<br>Daniel Dan &#8211; Les chaines qui nous s\u00e9parent (2)*<br>Daniel Dan &#8211; Ma bagnole (B-V) (2)<br>Daniel Dan &#8211; Mon amour, mon arc-en-ciel (2)*<br>Daniel Dan &#8211; Oui je t&rsquo;aime (2)*<br>Daniel Dan &#8211; Prot\u00e9ger l&rsquo;innocence (2)*<br>Daniel Dan &#8211; T&rsquo;envoler (2)*<br>Daniel Dan &#8211; The bottle let me down (2)*<br>Daniel Dan &#8211; Une femme aux yeux bleus (2)*<br>Daniel Deshaime &#8211; Un peu d&rsquo;innocence (11)*<br>Daniel Dream &#8211; Jeux non prot\u00e9g\u00e9s (16)*<br>Daniel Dream &#8211; Toi ma lumi\u00e8re (12)*<br>Daniel Evans &#8211; I cross my heart (francais) (2)<br>Daniel G\u00e9rard &#8211; Butterfly (12)*<br>Daniel G\u00e9rard &#8211; Petit gonzales (12)*<br>Daniel Goguen &#8211; Les vacances (2)*<br>Daniel Goguen &#8211; Mon coeur ne bat que pour toi (12)*<br>Daniel Goguen &#8211; Nashville north (B-V) (12)*<br>Daniel Goguen &#8211; Par h\u00e9ritage (2)*<br>Daniel Langlois &#8211; Friend&rsquo;s (2)*<br>Daniel Langlois &#8211; Friend&rsquo;s (francais) (2-)*<br>Daniel Langlois &#8211; I&rsquo;m a guitar man (12)*<br>Daniel L\u00e9ger &#8211; Droit devant (2)<br>Daniel L\u00e9ger &#8211; J&rsquo;vis pour vivre (2)<br>Daniel L\u00e9ger &#8211; Je ne t&rsquo;aime plus (2)<br>Daniel L\u00e9ger &#8211; Le fant\u00f4me de jim crow (2)<br>Daniel L\u00e9ger &#8211; Oui c&rsquo;est non (2)<br>Daniel L\u00e9vi &#8211; L&rsquo;envie d&rsquo;aimer (12)*<br>Daniel Lizotte &#8211; Caf\u00e9 noir, cigarette (2)*<br>Daniel Lizotte &#8211; Le vieil homme (B-V) (2)*<br>Daniel Lizotte &#8211; Notre papa (2)*<br>Daniel Malfara &#8211; Keep on smiling (francais) (2)*<br>Daniel Martin &#8211; Le d\u00e9part (12)*<br>Daniel Wilson &#8211; Maudit viagra (12)*<br>Daniel Wilson &#8211; Une femme c&rsquo;est fait pour \u00e7a (2)*<br>Danielle Ren\u00e9 &#8211; L&rsquo;homme au chapeau noir (2-)*<br>Danielle Thorn &#8211; Mon coeur est \u00e0 toi (2-)*<br>Danielle Thorn &#8211; Que la lune est belle ce soir (2)*<br>Danny Boudreau &#8211; Belle maman (2)*<br>Danny Boudreau &#8211; Fait dodo (B-V) (2)<br>Danny Boudreau &#8211; Gabriel (11)*<br>Danny Boudreau &#8211; L&rsquo;autoroute sans retour (12)*<br>Danny Boudreau &#8211; Le mur (12)*<br>Danny Boudreau &#8211; Le portrait de mon p\u00e8re (2)*<br>Danny Boudreau &#8211; Mon \u00e9t\u00e9 (2)*<br>Danny Boudreau &#8211; Un peu de pluie (2)*<br>Danny J Landry &#8211; La plus belle des anges (B-V) (16)<br>Dany Aub\u00e9 &#8211; Bang bang (2-)*<br>Dany Aub\u00e9 &#8211; La fille de pacha (12)*<br>Dany Aub\u00e9 &#8211; Ma casquette (000)<br>Dany Aub\u00e9 &#8211; Ma casquette (B-V) (2)<br>Dany Aub\u00e9 &#8211; Mon coeur se brise (12)*<br>Dany Aub\u00e9 &#8211; Tous les gar\u00e7ons et les filles (000)<br>Dany Jeffrey &#8211; L&rsquo;enfant du divorce (12)*<br>Dany Jeffrey &#8211; Ma m\u00e8re n&rsquo;est plus l\u00e0 (2)*<br>Dany Jeffrey &#8211; Papa s\u00e8che tes larmes (16)*<br>Dave Chenel &#8211; Une tourn\u00e9e pour tout le monde (B-V) (16)<br>Dave Simard &#8211; La gang \u00e0 eddy (2)*<br>Dave Simard &#8211; Le cowboy chantant (2)*<br>David &amp; Jonathan &#8211; Est-ce que tu viens pour les vacances (1)*<br>David Alexander Winter &#8211; Oh lady mary (francais) (2-)*<br>David Bernatchez &#8211; Apr\u00e8s toi (2)*<br>David Bernatchez &#8211; Brille pour moi (12)*<br>David Bernatchez &#8211; C&rsquo;est mon histoire (B-V) (2)*<br>David Bernatchez &#8211; Comment faire pour oublier (2-)*<br>David Bernatchez &#8211; Est-trop longue (20)*<br>David Bernatchez &#8211; Je pars a l&rsquo;autre bout du monde (10)*<br>David Bernatchez &#8211; La rose de picardie (2-)*<br>David Bernatchez &#8211; Le chant des \u00celes (12)*<br>David Bernatchez &#8211; Les anges du mexique (2)*<br>David Bernatchez &#8211; Ma premi\u00e8re peine d&rsquo;amour (2-)*<br>David Bernatchez &#8211; Pour que jamais tu n&rsquo;oublie (melodie) (12)*<br>David Bernatchez &#8211; Ti-bidon (2-)*<br>David Bernatchez &amp; Dani Darache &#8211; Ma premi\u00e8re peine d&rsquo;amour (000)<br>David Scott &#8211; Je t&rsquo;aime i love you (francais) (000)<br>Debbie Myers &#8211; Pas souvent (2)*<br>D\u00e9cibel &#8211; La chanson des rameurs (3)*<br>Del Shannon &#8211; Runaway (francais) (intro slow) (000)<br>Demis Roussos &#8211; Goodbye my love goodbye (12)*<br>Demis Roussos &#8211; Loin des yeux, loin du coeur (12)*<br>Demis Roussos &#8211; Mourir aupr\u00e8s de mon amour (3)*<br>Demont Lalonde &#8211; Vache espagnol (000)<br>Denis Boudreau &#8211; Belle maman (B-V) (2)*<br>Denis Boudreau &#8211; Gabriel (20)*<br>Denis Boudreau &#8211; Inf\u00e2me destin (2)*<br>Denis Boudreau &#8211; La barbi\u00e8re (2)*<br>Denis Boudreau &#8211; L\u00e0 o\u00f9 j&rsquo;ai grandi (2)*<br>Denis Champoux &#8211; C&rsquo;est par amour que je chante (12)*<br>Denis Champoux &#8211; Ce soir c&rsquo;est ta f\u00eate (12)*<br>Denis Champoux &#8211; Emporte-moi sur ton aile (12)*<br>Denis Champoux &#8211; J&rsquo;\u00e9coutais willie chanter (2-)*<br>Denis Champoux &#8211; Je ne peux pas t&rsquo;oublier (12)*<br>Denis Champoux &#8211; Je t&rsquo;attends dans mes r\u00eaves (000)<br>Denis Champoux &#8211; L&rsquo;amour qu&rsquo;on donne un jour (2)*<br>Denis Champoux &#8211; Que laisseras-tu derri\u00e8re toi (2)<br>Denis Champoux &#8211; Qui te parle contre moi (2)*<br>Denis Collette &#8211; Salut les amoureux (12)*<br>Denis Cormier &#8211; L&rsquo;histoire des dalton (2)*<br>Denis Cormier &#8211; La fronti\u00e8re (2)*<br>Denis Cormier &#8211; La quat&rsquo;roues (2)*<br>Denis Cormier &#8211; Les \u00eeles de la madeleine (12)*<br>Denis Cormier &#8211; Mon bateau de papier (2)*<br>Denis Cormier &#8211; Par-del\u00e0 les nuages (2)*<br>Denis Cormier &#8211; Sur le bord de la gr\u00e8ve (16)*<br>Denis C\u00f4t\u00e9 &#8211; Chu ben tann\u00e9 de faire les bars (16)*<br>Denis Cot\u00e9 &#8211; L&rsquo;amour vient, l&rsquo;amour va (2)*<br>Denis C\u00f4t\u00e9 &#8211; La danse du p&rsquo;tit peteux (16)*<br>Denis Cot\u00e9 &#8211; La danse du rimouski (16)*<br>Denis C\u00f4t\u00e9 &#8211; Medley du p&rsquo;tit oiseau (harmonie) (2)<br>Denis Cot\u00e9 &#8211; Simple passager (2)*<br>Denis C\u00f4t\u00e9 &#8211; Un p&rsquo;tit b\u00e9cot (000)<br>Denis C\u00f4t\u00e9 &#8211; Un p&rsquo;tit b\u00e9cot (2)<br>Denis Doiron &#8211; C&rsquo;est toi ma douce (2)<br>Denis Doiron &#8211; Comme tu es jolie (2)*<br>Denis Doiron &#8211; Comme tu es jolie (B-V) (20)*<br>Denis Landry &#8211; J&rsquo;ai vieilli un an de plus (2)*<br>Denis Landry &#8211; Quand revient le printemps (2)*<br>Denis Landry &#8211; Un an de plus (2)*<br>Denis Lepage &#8211; Il a quitt\u00e9 son village (11)*<br>Denis Lepage &#8211; Je ne veux plus souffrir (2)<br>Denis Lepage &#8211; Joue moi du zydeco (12)*<br>Denis Lepage &#8211; L&rsquo;amour de ma vie (2)*<br>Denis Lepage &#8211; Mon histoire de b\u00fbcheron (2)*<br>Denis Lepage &#8211; Ton dernier baiser (2)<br>Denis Lepage &#8211; Tu es parti tout l\u00e0-haut (2-)*<br>Denis Lepage &#8211; Tu ne fais que rire de moi (2)<br>Denis Lepage &#8211; Une p&rsquo;tite bouteille de bi\u00e8re (2)<br>Denis Lepage &#8211; Where m&rsquo;i gonna live (francais) (12)*<br>Denis Renaud &#8211; Le playboy (12)*<br>Diane Brisebois &#8211; Est-ce que \u00e7a t&rsquo;arrive (12)*<br>Diane Robert &#8211; C&rsquo;\u00e9tait une chanson d&rsquo;amour (12)*<br>Diane Robert &#8211; Coquette (12)*<br>Diane Robert &#8211; Hommage a grand-maman (12)*<br>Diane Robert &#8211; Je t&rsquo;aime tout bas (11)*<br>Diane Robert &#8211; On n&rsquo;a pas le droit (11)*<br>Diane Robert &#8211; Une gerbe de fleurs (2)*<br>Dick Rivers &#8211; Always on my mind (francais) (000)<br>Dick Rivers &#8211; C&rsquo;est pas s\u00e9rieux (12)*<br>Dick Rivers &#8211; Cinderella (2-)*<br>Dick Rivers &#8211; Donne-moi ta main (12)*<br>Dick Rivers &#8211; Est-ce que tu le sais (12)*<br>Dick Rivers &#8211; Faire un pont (12)*<br>Dick Rivers &#8211; Je croyais (12)*<br>Dick Rivers &#8211; Je ne suis plus rien sans toi (12)*<br>Dick Rivers &#8211; L&rsquo;amour que j&rsquo;ai pour toi (2-)*<br>Dick Rivers &#8211; Marilou (B-V) (2)<br>Dick Rivers &#8211; Ruby baby (francais) (2-)*<br>Dick Rivers &#8211; Tu n&rsquo;es plus l\u00e0 (2-)*<br>Dick Rivers &#8211; Twist \u00e0 st-tropez (12)*<br>Dick Rivers &#8211; Viens me faire oublier (2-)*<br>Didier Dubois &#8211; Les jumeaux (2)*<br>Dominique Michel &#8211; Ces bottes sont faites pour marcher (16)*<br>Dominique Michel &#8211; Je suis up je suis down (12)*<br>Dominique Michel &#8211; Un homme (2)<br>Dominique Michel &amp; Michel Louvain &#8211; Je t&rsquo;aime (000)<br>Donald Cot\u00e9 &#8211; Seul depuis ton d\u00e9part (20)*<br>Donald Lautrec &#8211; Aga dou dou dou (000)<br>Donald Lautrec &#8211; Bient\u00f4t les vacances (12)*<br>Donald Lautrec &#8211; C&rsquo;est toi mon idole (12)*<br>Donald Lautrec &#8211; Candy (12)*<br>Donald Lautrec &#8211; Cinq heure du matin (12)*<br>Donald Lautrec &#8211; Elo\u00efse (2)<br>Donald Lautrec &#8211; Loin dans ma campagne (2)*<br>Donald Lautrec &#8211; Manon vient danser le ska (000)<br>Donald Lautrec &#8211; Marchant dans la plaine (000)<br>Donald Lautrec &#8211; Tu dis des b\u00eatises (2)*<br>Donald Lautrec &amp; Ginette Sage &#8211; Hey, hey paula (francais) (20)*<br>Donald Lautrec &amp; Pierre Lalonde &#8211; Le secret du bonheur (000)<br>Donald Legault &#8211; Notre vieille \u00e9glise (12)<br>Doogie Traynor &amp; Sonia &#8211; Un mur entre nos coeurs (vocal homme) (2-)*<br>Doris Leclerc &#8211; Bonne nuit ch\u00e9rie (2)*<br>Doris Leclerc &#8211; Il a chang\u00e9 ma vie-(remix) (2-)*<br>Doris Leclerc &#8211; Jamais je ne pourrai t&rsquo;oublier (16)*<br>Doris Leclerc &#8211; Le d\u00e9part (20)*<br>Doris Leclerc &#8211; Ma guitare, mon sourire &amp; \u00e0 l&rsquo;\u00e9glise du village etc (3.52) (2)<br>Doris Leclerc &#8211; Un autre verre (2)*<br>Doris Leclerc &#8211; Voil\u00e0 c&rsquo;que j&rsquo;ai r\u00eav\u00e9 (2-)*<br>Duo Jukebox &#8211; Un tour su&rsquo;l quai (2)*<br>Duo Voice &#8211; Le d\u00e9part (20)*<br>Dusty &#8211; \u00c0 cause de la boisson (B-V) (2)*<br>Dusty &#8211; Au volant de mon camion (2)*<br>Dusty &#8211; Camionneur \u00e0 la semaine longue (2-)*<br>Dusty &#8211; Ensemble pour toujours (2)*<br>Dusty &#8211; J&rsquo;vas pass\u00e9 au travers (2-)*<br>Dusty &#8211; Jai d\u00fb quitter mes parents (2)*<br>Dusty &#8211; Je marche le long d&rsquo;un chemin de fer (2)*<br>Dusty &#8211; L&rsquo;amour dans tes yeux (2)*<br>Dusty &#8211; Lynn (2)*<br>Dusty &#8211; Merci d&rsquo;\u00eatre venu pour m&rsquo;\u00e9couter (2)*<br>Dusty &#8211; Notre bonheur c&rsquo;est une histoire (2)*<br>Dusty &#8211; Petite soeur (B-V) (2)*<br>Dusty &#8211; Qu&rsquo;est-ce qui ne va pas (2)*<br>Dusty &#8211; Quand tu t&rsquo;es mari\u00e9e (2)*<br>Dusty &#8211; Reviens-moi (2)*<br>Dusty &#8211; Sans trompette ni tambour (2)*<br>Dusty &#8211; Sheriff homme de loi (2)*<br>Dwight Leroux &#8211; Je voudrais \u00eatre madelinot (16)<\/strong><\/p>\n","protected":false},"excerpt":{"rendered":"<p>Dalida &#8211; Diana (francais) (12)*Dalida &#8211; Gigi L&rsquo;amoroso (16)Dalida &#8211; Il venait d&rsquo;avoir 18 ans (16)Dalida &#8211; J&rsquo;attendrai (1)Dalida &#8211; Le temps des fleurs (2-)*Dalida &#8211; Les grilles de ma maison (20)*Dalida &#8211; Mourir sur sc\u00e8ne (2)Dalida &#8211; Paroles Paroles-(remix) (B-V) (duo) (2)Dalida &#8211; Paroles, paroles (vocal homme) (2)Dalida &#8211;&#8230; <a class=\"continue-reading-link\" href=\"https:\/\/festivalkaraoke.ca\/index.php\/francais-french-d\/\"> Continue reading <span class=\"meta-nav\">&rarr; <\/span><\/a><\/p>\n","protected":false},"author":1,"featured_media":0,"parent":0,"menu_order":0,"comment_status":"closed","ping_status":"closed","template":"","meta":{"footnotes":""},"class_list":["post-1021","page","type-page","status-publish","hentry"],"_links":{"self":[{"href":"https:\/\/festivalkaraoke.ca\/index.php\/wp-json\/wp\/v2\/pages\/1021","targetHints":{"allow":["GET"]}}],"collection":[{"href":"https:\/\/festivalkaraoke.ca\/index.php\/wp-json\/wp\/v2\/pages"}],"about":[{"href":"https:\/\/festivalkaraoke.ca\/index.php\/wp-json\/wp\/v2\/types\/page"}],"author":[{"embeddable":true,"href":"https:\/\/festivalkaraoke.ca\/index.php\/wp-json\/wp\/v2\/users\/1"}],"replies":[{"embeddable":true,"href":"https:\/\/festivalkaraoke.ca\/index.php\/wp-json\/wp\/v2\/comments?post=1021"}],"version-history":[{"count":12,"href":"https:\/\/festivalkaraoke.ca\/index.php\/wp-json\/wp\/v2\/pages\/1021\/revisions"}],"predecessor-version":[{"id":2403,"href":"https:\/\/festivalkaraoke.ca\/index.php\/wp-json\/wp\/v2\/pages\/1021\/revisions\/2403"}],"wp:attachment":[{"href":"https:\/\/festivalkaraoke.ca\/index.php\/wp-json\/wp\/v2\/media?parent=1021"}],"curies":[{"name":"wp","href":"https:\/\/api.w.org\/{rel}","templated":true}]}}