{"id":1019,"date":"2025-01-21T00:25:01","date_gmt":"2025-01-21T05:25:01","guid":{"rendered":"https:\/\/festivalkaraoke.ca\/?page_id=1019"},"modified":"2025-11-26T16:13:22","modified_gmt":"2025-11-26T21:13:22","slug":"francais-french-c","status":"publish","type":"page","link":"https:\/\/festivalkaraoke.ca\/index.php\/francais-french-c\/","title":{"rendered":"Fran\u00e7ais (C) French"},"content":{"rendered":"\n<p><strong>Capitaine N\u00f4 &#8211; Merci mon public (16)<br>Carl Cadorette &#8211; Angeline (2)*<br>Carl Cadorette &#8211; Embarque dans l&rsquo;char (B-V) (2)<br>Carl Cadorette &#8211; Jambalaya (16)<br>Carl Cadorette &#8211; La chanson du prisonnier (B-V) (2)<br>Carl Cadorette &#8211; Laisse-toi pas tomber en amour avec moi (B-V) (16)<br>Carl Cadorette &#8211; Si ce soir j&rsquo;avais la chance (2)*<br>Carl Cadorette &#8211; T&rsquo;es ben comme ta m\u00e8re (2)*<br>Carl Cadorette &#8211; Ta vieille guitare (2)<br>Carl Th\u00e9riault &#8211; Donne de jolies roses (2)*<br>Carl William &#8211; Je crois en toi (000)<br>Carl William &#8211; La vie sans toi (12)*<br>Carl William &#8211; Laisse-moi t&rsquo;aimer (000)<br>Carl William &#8211; Le jour du dernier jour (000)<br>Carl William &#8211; Les enchain\u00e9s (2-)*<br>Carlos &#8211; Senor m\u00e9t\u00e9o (2-)*<br>Carlos &#8211; Tout nue et tout bronz\u00e9 (2)*<br>Carmen Dess &#8211; Aucun coeur (12)*<br>Carmen Dess &#8211; Como la flor (francais) (16)*<br>Carmen Dess &#8211; Donne-moi une autre chance (12)*<br>Carmen Dess &#8211; Ouvre tes yeux (12)*<br>Carmen Dess &#8211; Qu&rsquo;est-ce qui t&rsquo;as pris (12)*<br>Carmen Dess &#8211; Regarde-nous (20)*<br>Carmen Dess &#8211; Seule avec mon drum (2)*<br>Carmen Dess &#8211; Soleil reggae (12)*<br>Carmen Gagnon &#8211; Elle est encore l\u00e0 (2-)*<br>Carmen Gagnon &#8211; On est fait l&rsquo;un pour l&rsquo;autre (2)*<br>Carmen Gagnon &#8211; Paper rosie (francais) (2)*<br>Carmen Gagnon &#8211; Une valse pour deux (2)*<br>Carol Ann King &#8211; J&rsquo;oublie tout (2)<br>Carole Ann King &#8211; Cowgirl de ville (2)*<br>Carole Ann King &#8211; Dans tes bras (B-V) (2)*<br>Carole Ann King &#8211; Maman ne t&rsquo;en fais pas (12)*<br>Carole Ann King &#8211; Qualalinta (2)*<br>Carole Vincelet &#8211; A toi pour toujours (2-)*<br>Carole-Anne Gagnon Lafond &#8211; C&rsquo;est \u00e9crit (2)*<br>Caroline Levasseur &#8211; Ce soir je t&rsquo;\u00e9cris une lettre (2)*<br>Carolyne Jomphe &#8211; All\u00e9luia (2)*<br>Carolyne Jomphe &#8211; Allons swinger (B-V) (2)<br>Carolyne Jomphe &#8211; Baton rouge (2-)*<br>Carolyne Jomphe &#8211; Bonaventure (2)*<br>Carolyne Jomphe &#8211; C&rsquo;est l&rsquo;printemps (000)<br>Carolyne Jomphe &#8211; Casanova (2)<br>Carolyne Jomphe &#8211; Colinda (2-)*<br>Carolyne Jomphe &#8211; J&rsquo;suis d\u00e9courag\u00e9e (000)<br>Carolyne Jomphe &#8211; Les d\u00e9buts passionn\u00e9s (000)<br>Carolyne Jomphe &#8211; Les hommes de 40 ans (2-)*<br>Carolyne Jomphe &#8211; P\u00e9teuse de broue (12)*<br>Carolyne Jomphe &#8211; Rhumdredi (2)<br>Carolyne Jomphe &#8211; Si demain (12)*<br>Carolyne Jomphe &#8211; Une belle histoire (2)*<br>Carolyne Jomphe &amp; Dick Rivers &#8211; Faire un pont (2)*<br>Cayouche &#8211; Au camp (2)*<br>Cayouche &#8211; Bootlegger (16)*<br>Cayouche &#8211; C&rsquo;est ca mon acadie (000)<br>Cayouche &#8211; C&rsquo;est du fun a \u00eatre fou (11)*<br>Cayouche &#8211; Dans la city (16)*<br>Cayouche &#8211; Grand-pere jos (000)<br>Cayouche &#8211; Infame destin (12)*<br>Cayouche &#8211; Innocent (16)*<br>Cayouche &#8211; L&rsquo;alcool au volant (11)*<br>Cayouche &#8211; L&rsquo;auberge du quai de l&rsquo;horloge (B-V) (2)*<br>Cayouche &#8211; La chaine &amp; la reine &amp; l\u2019alcool (4.08) (13)<br>Cayouche &#8211; La chaine de mon tracteur (2)*<br>Cayouche &#8211; La reine du bingo (20)*<br>Cayouche &#8211; La r\u00e9ponse (000)<br>Cayouche &#8211; Last call (12)*<br>Cayouche &#8211; Le cable de la tv (12)*<br>Cayouche &#8211; Le frigidaire (12)*<br>Cayouche &#8211; Le nord du nouveau-brunswick (2)<br>Cayouche &#8211; Le p&rsquo;tit jeep \u00e0 andr\u00e9 (2)*<br>Cayouche &#8211; Le quinze ao\u00fbt (12)*<br>Cayouche &#8211; Les tymeux (2)*<br>Cayouche &#8211; Les vieux du nord (12)<br>Cayouche &#8211; Moiti\u00e9 moiti\u00e9 (13)*<br>Cayouche &#8211; Mon bicycle (000)<br>Cayouche &#8211; Mon grand-p\u00e8re Jos (B-V) (2)*<br>Cayouche &#8211; Quarante douze (000)<br>Cayouche &#8211; Roule roule (B-V) (3)*<br>Cayouche &#8211; Tu m&rsquo;as flush\u00e9 (11)*<br>Cayouche &#8211; Viens faire un tour (000)<br>Cayouche &#8211; Vin de maison (000)<br>C\u00e9line &amp; Guylaine Royer &#8211; Aide-moi \u00e0 l&rsquo;oublier (12)*<br>C\u00e9line &amp; Guylaine Royer &#8211; As-tu d\u00e9ja pleur\u00e9 (11)*<br>C\u00e9line &amp; Guylaine Royer &#8211; Ce n&rsquo;est qu&rsquo;un aurevoir (11)*<br>C\u00e9line &amp; Guylaine Royer &#8211; Grand-p\u00e8re (2)*<br>C\u00e9line &amp; Guylaine Royer &#8211; Je fais semblant de croire (12)*<br>C\u00e9line &amp; Guylaine Royer &#8211; Je suis pr\u00eate mais j&rsquo;attends (12)*<br>C\u00e9line &amp; Guylaine Royer &#8211; Je tremble (000)<br>C\u00e9line &amp; Guylaine Royer &#8211; Maman il m&rsquo;aime (2-)*<br>C\u00e9line &amp; Guylaine Royer &#8211; On ne peut pas se dire adieu (000)<br>C\u00e9line &amp; Guylaine Royer &#8211; R\u00e9ponds-moi (12)*<br>C\u00e9line &amp; Guylaine Royer &#8211; Rocky top (12)*<br>C\u00e9line Moss &#8211; Je suis country (12)*<br>C\u00e9line Moss &#8211; Valser avec toi papa (12)*<br>C\u00e9sar &amp; Les Romains &#8211; Alors c&rsquo;\u00e9tait lui (000)<br>C\u00e9sar &amp; Les Romains &#8211; Alors c\u2019\u00e9tait lui &amp; toi et moi (4.08) (2)<br>C\u00e9sar &amp; Les Romains &#8211; Dalila (12)*<br>C\u00e9sar &amp; Les Romains &#8211; Granada (000)<br>C\u00e9sar &amp; Les Romains &#8211; I&rsquo;m just a lonely boy (francais) (000)<br>C\u00e9sar &amp; Les Romains &#8211; J&rsquo;ai tant besoin de toi (000)<br>C\u00e9sar &amp; Les Romains &#8211; J&rsquo;ai tant d&rsquo;amour (000)<br>C\u00e9sar &amp; Les Romains &#8211; Je sais (000)<br>C\u00e9sar &amp; Les Romains &#8211; Le jour du dernier jour (12)*<br>C\u00e9sar &amp; Les Romains &#8211; Money (fran\u00e7ais) (000)<br>C\u00e9sar &amp; Les Romains &#8211; Pas cette chanson (2)*<br>C\u00e9sar &amp; Les Romains &#8211; Release me (francais) (000)<br>C\u00e9sar &amp; Les Romains &#8211; Splish splash (francais) (2)*<br>C\u00e9sar &amp; Les Romains &#8211; Toi et moi (B-V) (3)*<br>C\u00e9sar &amp; Les Romains &#8211; Toi toi toi (000)<br>C\u00e9sar &amp; Les Romains &#8211; Unchained melody (francais) (000)<br>C\u00e9sar &amp; Les Romains &#8211; Viens me faire oublier (11)*<br>Chantal Boucher &#8211; Je te rejoindrai (12)*<br>Chantal Dufour &#8211; Je marche dans la nuit (12)*<br>Chantal Dufour &#8211; Le blues du capitaine (intro anglais) (2-)*<br>Chantal Hamel &#8211; Aide-moi a l&rsquo;oublier (2-)*<br>Chantal Hamel &#8211; Ces mots d&rsquo;amour (2)*<br>Chantal Hamel &#8211; Ch\u00e9ri c&rsquo;est toi (11)*<br>Chantal Hamel &#8211; Danser, danser, danser (2)*<br>Chantal Hamel &#8211; Emporte-moi sur ton aile (12)*<br>Chantal Hamel &#8211; He ride on the highway (2)*<br>Chantal Hamel &#8211; I don&rsquo;t know (2)<br>Chantal Hamel &#8211; Je ne suis pas la femme dont t&rsquo;a besoin (2-)<br>Chantal Hamel &#8211; L&rsquo;histoire de mon voisin (2)*<br>Chantal Hamel &#8211; La promesse (000)<br>Chantal Hamel &#8211; Le p&rsquo;tit gars \u00e0 sa m\u00e8re (2)*<br>Chantal Hamel &#8211; Le shack a mon grand-p\u00e8re (2)<br>Chantal Hamel &#8211; Les nuits sont longues (2)<br>Chantal Hamel &#8211; Ne m&rsquo;oublie pas (2)*<br>Chantal Hamel &#8211; On l&rsquo;a l&rsquo;affaire (2)<br>Chantal Hamel &#8211; Par un voyage en gasp\u00e9sie (2-)*<br>Chantal Hamel &#8211; R\u00e9ponds \u00e0 ma question (B-V) (2)*<br>Chantal Hamel &#8211; Sharambie (2)*<br>Chantal Hamel &#8211; Toi maman (2)*<br>Chantal Hamel &#8211; Un amour de passage (11)*<br>Chantal Hamel &#8211; Un r\u00eave de la louisiane (13)*<br>Chantal Hamel &#8211; Une rose pour maman (2)*<br>Chantal Hamel &#8211; Une valse pour toi (000)<br>Chantal Jean &#8211; J&rsquo;ai envie d&rsquo;y croire (B-V) (2)*<br>Chantal Jean &#8211; J&rsquo;ai foi en toi (2)*<br>Chantal Jean &#8211; Salut les amoureux (2)*<br>Chantal Jean &#8211; Soldat d&rsquo;amour (2)*<br>Chantal Jean &#8211; Tout simplement nous (2)*<br>Chantal Pary &#8211; Devant dieu je promets (2)*<br>Chantal Pary &#8211; Emmanuella (2)*<br>Chantal Pary &#8211; Ferme tes jolis yeux (000)<br>Chantal Pary &#8211; Geths\u00e9mani (2)<br>Chantal Pary &#8211; I&rsquo;m sorry (francais) (20)<br>Chantal Pary &#8211; Il est parti pour te rejoindre (000)<br>Chantal Pary &#8211; Il faudrait se parler (B-V) (2)<br>Chantal Pary &#8211; J&rsquo;ai trouv\u00e9 l&rsquo;amour (000)<br>Chantal Pary &#8211; J&rsquo;attendais ton appel (vocal homme) (3)*<br>Chantal Pary &#8211; J&rsquo;suis ton amie (2)*<br>Chantal Pary &#8211; Jamais (2)*<br>Chantal Pary &#8211; Je croirai toujours en toi (12)*<br>Chantal Pary &#8211; Je crois en toi (2)*<br>Chantal Pary &#8211; Je m&rsquo;ennuie de toi (3)*<br>Chantal Pary &#8211; L&rsquo;amour est bleu (000)<br>Chantal Pary &#8211; L&rsquo;amour est pass\u00e9 (2)*<br>Chantal Pary &#8211; L&rsquo;amour vient, l&rsquo;amour va (000)<br>Chantal Pary &#8211; La paix sur terre (2-)*<br>Chantal Pary &#8211; Le coeur ne vieillit pas (2-)*<br>Chantal Pary &#8211; Le dernier rendez-vous (2-)*<br>Chantal Pary &#8211; Le jour se l\u00e8vera (2)<br>Chantal Pary &#8211; Le miracle de la montagne (2-)*<br>Chantal Pary &#8211; Les d\u00e9tenus (000)<br>Chantal Pary &#8211; Ma m\u00e9lodie d&rsquo;amour (12)*<br>Chantal Pary &#8211; Ma vie c&rsquo;est toi (2)*<br>Chantal Pary &#8211; Mon amour (000)<br>Chantal Pary &#8211; On as besoin de soleil (000)<br>Chantal Pary &#8211; On as besoin de soleil (2-)*<br>Chantal Pary &#8211; Padr\u00e9 don jos\u00e9 (000)<br>Chantal Pary &#8211; Petite fleur (2)*<br>Chantal Pary &#8211; Pour vivre ensemble (2)*<br>Chantal Pary &#8211; Sha-la-la (2)*<br>Chantal Pary &#8211; Sur un air de valse (2)*<br>Chantal Pary &#8211; Un bateau sur la mer (000)<br>Chantal Pary &#8211; Un homme ne doit pas pleurer (2)*<br>Chantal Pary &#8211; Une simple lettre (000)<br>Chantal Pary &amp; Carl William &#8211; Chariot-(remix) (francais)(000)<br>Chantal Pary &amp; Carl William &#8211; J&rsquo;ai un probl\u00e8me (000)<br>Chantal Renaud &#8211; Comme un gar\u00e7on (11)*<br>Chantal Renaud &#8211; Zihuatanejo (000)<br>Chantal Sicard &#8211; Blue (2-)*<br>Chantal Sicard &#8211; Friend&rsquo;s in low places (francais) (2-)*<br>Chantal Sicard &#8211; If tomorrow never come (francais) (2-)*<br>Chantal Sicard &#8211; Je ferai tout pour toi (2)*<br>Chantal Sicard &#8211; Le petit virus de l&rsquo;amour (12)*<br>Chantal Vall\u00e9e &#8211; Stupid cupid (francais) (2-)*<br>Charles Dumont &#8211; Toi la femme mari\u00e9e (13)*<br>Charles Leclerc &#8211; Le bistro du coin (12)*<br>Chatelaine &#8211; Adios amor (000)<br>Chatelaine &#8211; \u00c9toile de mes r\u00eaves (000)<br>Chatelaine &#8211; I wouldn&rsquo;t give you up (bilingue) (000)<br>Chatelaine &#8211; L&rsquo;amour que j&rsquo;ai pour toi (000)<br>Chatelaine &#8211; Puisqu&rsquo;on fait l&rsquo;amour ensemble (12)*<br>Chatelaine &amp; Johnny Farago &#8211; Colinda (000)<br>Chiac &#8211; Le b\u00e9gueilleux (2)*<br>Chlo\u00e9 Leclerc &#8211; J&rsquo;te pointe la porte d&rsquo;un doigt d&rsquo;honneur (B-V) (2-)<br>Christian Adam &amp; Lynda &#8211; Il a suffit d&rsquo;une chanson d&rsquo;amour (20)*<br>Christian Aubin &#8211; Les \u00e9paves du chagrin (20)<br>Christian Lemieux &#8211; C&rsquo;est pas de ma faute (B-V) (2)*<br>Christian Lemieux &#8211; Je veux mourir aupr\u00e8s de toi (2-)*<br>Christian Lemieux &#8211; Pourquoi faut-il (2)<br>Christian Lemieux &#8211; Ta chanson dans le jukebox (2)*<br>Christian Lemieux &amp; Les \u00c9lements &#8211; Une maudite belle veill\u00e9e (B-V) (2)*<br>Christian Simard &#8211; Emmene-moi au bout de la nuit (12)*<br>Christian Vidal &#8211; Ang\u00e9lique (2)<br>Christianne Comeau &#8211; Ton voyage au paradis (20)*<br>Christine Chartrand &#8211; Il a neig\u00e9 sur nos vingt ans (12)*<br>Christine Chartrand &amp; Claude Steben &#8211; Il pleut des larmes (12)*<br>Christine Jean &#8211; Voyage dans le temps (3)*<br>Christophe &#8211; Aline (original) (20)*<br>Christophe &#8211; Aline-(remix) (2)<br>Christophe &#8211; Les marionnettes (12)*<br>Christophe &#8211; Main dans la main (000)<br>Christophe &#8211; Oh mon amour (000)<br>Christophe Livet &#8211; Je te promets (C\u00e9r\u00e9monie de mariage) (16)<br>Christopher Laird &#8211; Alleluia en pyjama (000)<br>Cindy B\u00e9dard &#8211; J&rsquo;m&rsquo;en va r&rsquo;viendre (B-V) (20)*<br>Cindy B\u00e9dard &#8211; Po\u00eale \u00e0 bois (20)*<br>Cindy B\u00e9dard &#8211; T&rsquo;as jamais rien compris a la musique country (20)*<br>Cindy Daniel &#8211; Une promesse (16)<br>Cindy Daniel &amp; Paul Daraiche &#8211; Tout de moi pour toi (2)<br>Claire &amp; Guy Jolicoeur &#8211; Docteur gu\u00e9rit tout (2)*<br>Claire Lepage &#8211; Bang bang (12)*<br>Claire Lepage &#8211; L&rsquo;amour est l\u00e0 (12)*<br>Claire Lepage &#8211; Senor &amp; senorita (12)*<br>Claire Lepage &amp; Robert Demontigny &#8211; La fille que j&rsquo;aimais (000)<br>Clarence Cormier &#8211; Comme l&rsquo;oiseau (20)*<br>Clarence Cormier &#8211; Un dernier verre ensemble (12)*<br>Claude &amp; Lorna &#8211; Don&rsquo;t close your eyes (francais) (000)<br>Claude &amp; Lorna &#8211; Message d&rsquo;amour (miscou) (000)<br>Claude &amp; Lorna &#8211; Regarde-nous (Look at us) (12)*<br>Claude &amp; Lorna &#8211; S&rsquo;il n&rsquo;y avait plus de l&rsquo;endemain (000)<br>Claude Barzotti &#8211; Et tu grandis (12)<br>Claude Barzotti &#8211; Madame (2)<br>Claude Barzotti &#8211; Prends bien soins d&rsquo;elle (000)<br>Claude Blanchard &#8211; Que reste-t-il de nos amours (2)<br>Claude Boudreau &#8211; Dis-le moi pourquoi (2)*<br>Claude Boudreau &#8211; Merci maman (B-V) (16)<br>Claude Conway &#8211; Pour toujours (12)<br>Claude Cormier &#8211; Je suis enfant des \u00eeles (B-V) (20)<br>Claude Cormier &#8211; Tavernier (B-V) (2)<br>Claude Cormier &#8211; Whisky, whisky (fran\u00e7ais) (2)*<br>Claude Dubois &#8211; L&rsquo;Artiste-(remix) (16)<br>Claude Dubois &#8211; Le blues du business man (2)<br>Claude Fran\u00e7ois &#8211; Comme d&rsquo;habitude (2-)*<br>Claude Fran\u00e7ois &#8211; Je te demande pardon (2)*<br>Claude Fran\u00e7ois &#8211; Le t\u00e9l\u00e9phone pleure (duo) (2)*<br>Claude Fran\u00e7ois &#8211; Le t\u00e9l\u00e9phone pleure (voix fillette) (12)*<br>Claude Fran\u00e7ois &#8211; Les choses de la maison (2)*<br>Claude Fran\u00e7ois &#8211; M\u00eame si tu revenais-(remix) (16)<br>Claude Fran\u00e7ois &#8211; Si j&rsquo;avais un marteau (2-)*<br>Claude Fran\u00e7ois &#8211; Toi et le soleil (1)*<br>Claude Fran\u00e7ois &#8211; Une petite larme (12)*<br>Claude Gauthier &#8211; Le grand six pieds (12)*<br>Claude Gratton &amp; Suzanne Proulx &#8211; Le wrap du wrap acadien (2)*<br>Claude Jerome &#8211; Adieu jolie candy (000)<br>Claude J\u00e9rome &#8211; Bay Bay 26.38 (Siffle) (2)<br>Claude Jerome &#8211; Belles, belles, belles (000)<br>Claude J\u00e9rome &#8211; Cindy (2-)*<br>Claude J\u00e9rome &#8211; Comme si (2)<br>Claude J\u00e9rome &#8211; Dernier baiser (2)<br>Claude J\u00e9rome &#8211; Et tu danses avec lui (12)*<br>Claude J\u00e9rome &#8211; Himalaya (1)*<br>Claude J\u00e9rome &#8211; Himalaya (B-V) (2)<br>Claude J\u00e9rome &#8211; J\u00e9rome c&rsquo;est moi (16)<br>Claude Jerome &#8211; Julie \u00e0 la folie (000)<br>Claude J\u00e9rome &#8211; Kiss me (12)*<br>Claude J\u00e9rome &#8211; La petite fille 73 (B-V) (2)<br>Claude Jerome &#8211; La poup\u00e9e qui fait non (000)<br>Claude Jerome &#8211; Lady Lai (000)<br>Claude Jerome &#8211; Oh carole (000)<br>Claude J\u00e9rome &#8211; Quand le mer se retire (B-V) (2)<br>Claude J\u00e9rome &#8211; R\u00e9tro cest trop (2)<br>Claude Lefebvre &#8211; Entrez dans ma demeure (2)*<br>Claude Lefebvre &#8211; Si les \u00e9toiles pouvaient parler (2)*<br>Claude Martel &#8211; Accroche une larme aux nuages (2)*<br>Claude Martel &#8211; Aiko, aiko (2)*<br>Claude Martel &#8211; Aiko, aiko-(remix) (B-V) (2)<br>Claude Martel &#8211; Avec toi je r\u00e9alise (2)*<br>Claude Martel &#8211; Comme un soleil (2)*<br>Claude Martel &#8211; Dans tes bras (000)<br>Claude Martel &#8211; I swear (francais) (12)*<br>Claude Martel &#8211; J&rsquo;ai besoin de ton amour (2)*<br>Claude Martel &#8211; Je veux garder cette image (12)*<br>Claude Martel &#8211; Laissez-moi croire (2)*<br>Claude Martel &#8211; Le go\u00fbt de tes l\u00e8vres (16)*<br>Claude Martel &#8211; Les anges du mexique (2)*<br>Claude Martel &#8211; Les ennuis du vendredi soir (000)<br>Claude Martel &#8211; Made in japan (2)*<br>Claude Martel &#8211; Mansion on the hill (francais) (12)*<br>Claude Martel &#8211; Mets ta main dans ma main (2)*<br>Claude Martel &#8211; On ne peut vivre sans amour (2)*<br>Claude Martel &#8211; Papillon (2)*<br>Claude Martel &#8211; Pardon (2)*<br>Claude Martel &#8211; Pour vous deux (2)*<br>Claude Martel &#8211; Pourquoi donc as-tu bris\u00e9 mon coeur (2)*<br>Claude Martel &#8211; Quand j&rsquo;ai besoin (2)*<br>Claude Martel &#8211; Que la lune est belle ce soir (2)*<br>Claude Martel &#8211; S&rsquo;il n&rsquo;y avait plus de lendemain (000)<br>Claude Martel &#8211; Souvenir d&rsquo;un vieillard (2)*<br>Claude Martel &#8211; Un coin du ciel (2)*<br>Claude Martel &#8211; Un coin du ciel (B-V) (2)*<br>Claude Martel &#8211; Vivre ensemble notre vie d&rsquo;amoureux (2)*<br>Claude Michel &#8211; Ce soir (16)<br>Claude Michel &#8211; Chaque jour je pense \u00e0 toi (2)<br>Claude Michel &#8211; Coeur contre coeur (2)<br>Claude Michel &#8211; Comme je t&rsquo;aime (2)<br>Claude Michel &#8211; Diable que je t&rsquo;aime (2)<br>Claude Michel &#8211; Je suis un romantique (11)*<br>Claude Michel &#8211; Juliana (12)*<br>Claude Michel &#8211; Mal d&rsquo;amour (2)<br>Claude Michel &#8211; Si j&rsquo;\u00e9tais (16)<br>Claude Michel &#8211; Stand by me (francais) (11)*<br>Claude Michel &#8211; Une histoire d&rsquo;amour (2)*<br>Claude Patry &#8211; Mon ami bobby mcgee (2)*<br>Claude Patry &#8211; Monsieur armstrong (2-)*<br>Claude Savoyard &#8211; Au coucher du soleil (2)*<br>Claude Savoyard &#8211; Ces robes rouges (2)*<br>Claude Savoyard &#8211; Depuis que je t&rsquo;ai perdu (11)*<br>Claude Savoyard &#8211; Ensemble avec les anges (12)*<br>Claude Savoyard &#8211; Je veut te dire (20)*<br>Claude Savoyard &#8211; Le r\u00eave d&rsquo;un camionneur (16)*<br>Claude Savoyard &#8211; Ne ferme pas les yeux (2)*<br>Claude Savoyard &#8211; Personne que toi (12)*<br>Claude Savoyard &#8211; Prend tes roses (2)*<br>Claude Savoyard &#8211; Quand je suis loin de ton coeur (12)*<br>Claude Savoyard &#8211; Un ivrogne (12)*<br>Claude Valade &#8211; Aide-moi \u00e0 passer la nuit (12)*<br>Claude Valade &#8211; Au bout du monde avec toi (2-)*<br>Claude Valade &#8211; Est-ce si facile de m&rsquo;oublier (2)<br>Claude Valade &#8211; J&rsquo;ai dit non (000)<br>Claude Valade &#8211; Je m\u2019sens tr\u00e8s seule &amp; reste encore (4.12) (16)<br>Claude Valade &#8211; La pri\u00e8re de la s\u00e9r\u00e9nit\u00e9 (2)*<br>Claude Valade &#8211; Non il ne faut pas pleurer (000)<br>Claude Valade &#8211; Pledging my love (francais) (2)*<br>Claude Valade &#8211; Reste avec lui (2)*<br>Claude Valade &#8211; Viens me faire oublier (000)<br>Claude Valade &#8211; Viens t&rsquo;\u00e9tendre aux creux de mes bras (2)*<br>Claude Vermette &#8211; Hasta ma\u00a7ana mon amour (11)<br>Claude Vermette &#8211; Toutes les femmes sont belles (2)*<br>Claude Vermette &#8211; Viens pr\u00e8s de moi (2)*<br>Claude Vermette &amp; Lyne Corbin &#8211; \u00c9toile de mes r\u00eaves (2)*<br>Claudette Morissette &#8211; L&rsquo;appartement (000)<br>Claudia Asselin &#8211; Ouvre ton coeur (20)*<br>Claudia Chauvette &#8211; Je m&rsquo;envolerai (2)*<br>Claudia Chauvette &#8211; Le jour de ton retour (B-V) (2)<br>Claudia Chauvette &#8211; Sheriff homme de loi (2)*<br>Claudia Chauvette &#8211; Une femme aux yeux bleus (2)*<br>Claudia Chauvette &amp; Steve Desharnais &#8211; La promesse que tu m&rsquo;as faite (2)*<br>Claudia Chauvette &amp; Steve Desharnais &#8211; Le jour de ton retour (2)*<br>Claudia Chauvette &amp; Steve Desharnais &#8211; Nos partys (2)*<br>Cl\u00e9ment Jacques &amp; Marie-Mai &#8211; Picture (16)<br>Clermont Maltais &#8211; La s\u00e9rinit\u00e9 (12)*<br>Clode Adam &#8211; Frappe \u00e0 mes yeux (2)<br>Colette Carrier &#8211; Oublier et recommencer (2-)*<br>Colette Denomm\u00e9e &#8211; Guitare cadillac (2-)*<br>Conrad St\u00e9phane &#8211; Ce cowboy doit s&rsquo;en aller (2)*<br>Conrad St\u00e9phane &#8211; De la neige sur la bible de mon p\u00e8re (2)*<br>Conrad St\u00e9phane &#8211; L&rsquo;enfant de la debauche (13)*<br>Conrad St\u00e9phane &#8211; La grande hypocrite (20)*<br>Conrad Stephane &#8211; Maman a raison (2)<br>Conrad St\u00e9phane &#8211; O\u00f9 c&rsquo;que j&rsquo;vas couch\u00e9 (12)*<br>Cowboy OB &#8211; Dans le soleil et dans le vent (12)<br>Cowboy OB &#8211; L&rsquo;Hirondelle (12)<br>Cowboy OB &#8211; Mon coeur est comme un train (12)<br>Cowboy OB &#8211; Nouveaux mari\u00e9s (12)<br>Crazy Horse &#8211; Belle (12)*<br>Crazy Horse &#8211; Caline divine (000)<br>Crazy Horse &#8211; \u00c9coute-mon coeur (000)<br>Crazy Horse &#8211; Et surtout ne m&rsquo;oublie pas (2)*<br>Crazy Horse &#8211; J&rsquo;ai tant besoin de toi (2)*<br>Crazy Horse &#8211; L&rsquo;amour la premi\u00e8re fois (12)*<br>Crazy Horse &#8211; Ne laisse pas ma vie sans toi (2-)*<br>Crazy Horse &#8211; Ne rentre pas ce soir (2)*<br>Crazy Horse &#8211; Romantique avec toi (12)*<br>Crazy Horse &#8211; Un jour sans toi (2-)*<br>Crazy Horse &#8211; Une fleur rien qu&rsquo;une rose (000)<\/strong><\/p>\n","protected":false},"excerpt":{"rendered":"<p>Capitaine N\u00f4 &#8211; Merci mon public (16)Carl Cadorette &#8211; Angeline (2)*Carl Cadorette &#8211; Embarque dans l&rsquo;char (B-V) (2)Carl Cadorette &#8211; Jambalaya (16)Carl Cadorette &#8211; La chanson du prisonnier (B-V) (2)Carl Cadorette &#8211; Laisse-toi pas tomber en amour avec moi (B-V) (16)Carl Cadorette &#8211; Si ce soir j&rsquo;avais la chance (2)*Carl&#8230; <a class=\"continue-reading-link\" href=\"https:\/\/festivalkaraoke.ca\/index.php\/francais-french-c\/\"> Continue reading <span class=\"meta-nav\">&rarr; <\/span><\/a><\/p>\n","protected":false},"author":1,"featured_media":0,"parent":0,"menu_order":0,"comment_status":"closed","ping_status":"closed","template":"","meta":{"footnotes":""},"class_list":["post-1019","page","type-page","status-publish","hentry"],"_links":{"self":[{"href":"https:\/\/festivalkaraoke.ca\/index.php\/wp-json\/wp\/v2\/pages\/1019","targetHints":{"allow":["GET"]}}],"collection":[{"href":"https:\/\/festivalkaraoke.ca\/index.php\/wp-json\/wp\/v2\/pages"}],"about":[{"href":"https:\/\/festivalkaraoke.ca\/index.php\/wp-json\/wp\/v2\/types\/page"}],"author":[{"embeddable":true,"href":"https:\/\/festivalkaraoke.ca\/index.php\/wp-json\/wp\/v2\/users\/1"}],"replies":[{"embeddable":true,"href":"https:\/\/festivalkaraoke.ca\/index.php\/wp-json\/wp\/v2\/comments?post=1019"}],"version-history":[{"count":15,"href":"https:\/\/festivalkaraoke.ca\/index.php\/wp-json\/wp\/v2\/pages\/1019\/revisions"}],"predecessor-version":[{"id":2400,"href":"https:\/\/festivalkaraoke.ca\/index.php\/wp-json\/wp\/v2\/pages\/1019\/revisions\/2400"}],"wp:attachment":[{"href":"https:\/\/festivalkaraoke.ca\/index.php\/wp-json\/wp\/v2\/media?parent=1019"}],"curies":[{"name":"wp","href":"https:\/\/api.w.org\/{rel}","templated":true}]}}