{"id":1017,"date":"2025-01-21T00:24:40","date_gmt":"2025-01-21T05:24:40","guid":{"rendered":"https:\/\/festivalkaraoke.ca\/?page_id=1017"},"modified":"2025-11-26T16:10:48","modified_gmt":"2025-11-26T21:10:48","slug":"francais-french-b-2","status":"publish","type":"page","link":"https:\/\/festivalkaraoke.ca\/index.php\/francais-french-b-2\/","title":{"rendered":"Fran\u00e7ais (B) French"},"content":{"rendered":"\n<p><strong>Barbara &#8211; La joconde (12)*<br>Baron Longfellow &#8211; Amour (bilingue) (2-)*<br>Beau Flash &#8211; Le rock dans la peau (12)*<br>Beaus\u00e9jour &#8211; Comme un vrai gamin (2)<br>Beaus\u00e9jour &#8211; J&rsquo;entends siffler le train (B-V) (2)<br>Beaus\u00e9jour &#8211; Le train qui siffle (2)<br>Beauxmont &#8211; La limonade (B-V) (2)<br>Benabar &#8211; Le jeune vigile (1)<br>Benoit C\u00f4t\u00e9 &#8211; Mets d&rsquo;la lime (16)<br>Benoit Joncas-Leblanc &#8211; Nous 2 (B-V) (2)<br>Benoit Ricard &#8211; Je vis pour toi (16)<br>Benoit Ricard &#8211; L&rsquo;h\u00e9ritage (16)<br>Benoit Ricard &#8211; Pourquoi m&rsquo;a tu quitt\u00e9 (16)<br>Benoit Ricard &#8211; Un r\u00eave fou (16)<br>Bernard (Mr B) Paquette &#8211; Besoin de toi seigneur (2)*<br>Bernard (Mr B) Paquette &#8211; Bienvenue dans ma demeure (2)*<br>Bernard (Mr B) Paquette &#8211; Blues man (2)*<br>Bernard (Mr B) Paquette &#8211; C&rsquo;est presque rien (2)*<br>Bernard (Mr B) Paquette &#8211; C&rsquo;est vrai (2)*<br>Bernard (Mr B) Paquette &#8211; Ce vieux honky tonk (2-)*<br>Bernard (Mr B) Paquette &#8211; De l&rsquo;autre c\u00f4t\u00e9 (12)*<br>Bernard (Mr B) Paquette &#8211; D\u00e9bouche s&rsquo;en une autre (2-)*<br>Bernard (Mr B) Paquette &#8211; Deux pina coladas (2)*<br>Bernard (Mr B) Paquette &#8211; Fais dodo (2-)*<br>Bernard (Mr B) Paquette &#8211; Il boit sa t\u00e9quila (2)*<br>Bernard (Mr B) Paquette &#8211; Jessico (2)*<br>Bernard (Mr B) Paquette &#8211; L&rsquo;homme au chapeau noir (2)*<br>Bernard (Mr B) Paquette &#8211; La paix sur terre (2)*<br>Bernard (Mr B) Paquette &#8211; La s\u00e9r\u00e9nit\u00e9 (2)*<br>Bernard (Mr B) Paquette &#8211; Le diable est aux vaches (2)*<br>Bernard (Mr B) Paquette &#8211; Le vrai soleil (2)*<br>Bernard (Mr B) Paquette &#8211; Les anges du mexique (2)*<br>Bernard (Mr B) Paquette &#8211; Margaritaville (2)*<br>Bernard (Mr B) Paquette &#8211; Prendre un enfant par la main (2)*<br>Bernard (Mr B) Paquette &#8211; Tu as quitt\u00e9 sans saluer (2)*<br>Bernard (Mr B) Paquette &#8211; Un jour \u00e0 la fois (2-)*<br>Bernard (Mr B) Paquette &amp; Ginette Marchesso &#8211; Il boit sa t\u00e9quila (2)*<br>Bernard Adamus &#8211; Brun la couleur de l&rsquo;amour (2)<br>Bernard Gagn\u00e9 &#8211; Chansonnier (2)<br>Bernard Harvie &#8211; A l&rsquo;h\u00f4tel (3)*<br>Bernard Harvie &#8211; Caraquet (2)*<br>Bernard Harvie &#8211; Hommage a l\u00e9vis bouliane (000)<br>Bernard Harvie &#8211; Je voudrais \u00eatre madelinots (000)<br>Bernard Harvie &#8211; Madelinot (000)<br>Bernard Harvie &#8211; Madelinot (B-V) (16)*<br>Bernard Harvie &#8211; Pourquoi j&rsquo;ai fait pleurer tes jolis yeux (2)*<br>Bert Love &#8211; Coeur de maman (16)<br>Bert Love &#8211; Jattends le jour de ton retour (12)<br>Bert Love &#8211; L&rsquo;hirondelle (12)<br>Berthe Sylva &#8211; Frou Frou (16)<br>Billy Hunter &#8211; C&rsquo;est d\u00fbr d&rsquo;\u00eatre humble (2)*<br>Billy Hunter &#8211; Toi (20)*<br>Blackee Road &#8211; Il faut longtemps (2)*<br>Blackee Road &#8211; Laisse-moi ton coeur (2)*<br>Blackee Road &#8211; Ma fa\u00e7on de vivre (2)*<br>Blackee Road &#8211; On veut du country (2)*<br>Blackee Road &#8211; Quand je monte sur la sc\u00e8ne (2)*<br>Bleu Jeans Bleu &#8211; Bacon en bedaine (2)<br>Bleu Jeans Bleu &#8211; Coco de cuir (2)*<br>Bleu Jeans Bleu &#8211; Coton ouat\u00e9 (16)<br>Bleu Jeans Bleu &#8211; Crazy carpet (16)<br>Bleu Jeans Bleu &#8211; J&rsquo;ai mang\u00e9 trop de patates frites (16)<br>Bleu Jeans Bleu &#8211; J&rsquo;te g\u00e2te all dressed (16)<br>Bleu Jeans Bleu &#8211; Parfum de grill (2)*<br>Bleu Jeans Bleu &#8211; Pretty woman (francais) (2)<br>Bleu Jeans Bleu &#8211; Swing dans piscine (16)<br>Blou &#8211; Dans le silence de la nuit (20)*<br>Blou &#8211; En passant par paris (12)<br>Blou &#8211; I don&rsquo;t know (12)*<br>Blou &#8211; My sweet jolie (12)*<br>Blou &#8211; Suivons l&rsquo;\u00e9toile (2)<br>Blou &#8211; Two step en acadie (000)<br>Bluegrass Diamonds &#8211; \u00c0 minuit (2)<br>Bluegrass Diamonds &#8211; Complainte d&rsquo;un infirme (B-V) (2)<br>Bluegrass Diamonds &#8211; Dans mes r\u00eaves (2)*<br>Bluegrass Diamonds &#8211; Dans mes r\u00eaves (B-V) (2)*<br>Bluegrass Diamonds &#8211; J&rsquo;chus b\u00e9naise, j&rsquo;chus \u00e0 mon aise (2-)*<br>Bluegrass Diamonds &#8211; Maman si tu l&rsquo;aime (2-)<br>Bluegrass Diamonds &#8211; Oh! maman si tu l&rsquo;aimes (20)*<br>Bluegrass Diamonds &#8211; Par h\u00e9ritage je suis acadien (2-)*<br>Bluegrass Diamonds &#8211; T&rsquo;envoler (12)<br>Bob Azzam &#8211; Dans tes bras (12)*<br>Bob Bissonnette &#8211; Toune de bi\u00e8re (2)*<br>Bob Robie &#8211; Larmes gitanes-(remix) (2)<br>Bob Roby &#8211; Tu n&rsquo;es plus l\u00e0 (12)<br>Bobby Hachey &#8211; A ma fen\u00eatre (2-)*<br>Bobby Hachey &#8211; Allons danser (2-)*<br>Bobby Hachey &#8211; Anita (2)<br>Bobby Hachey &#8211; Au fond de mes pens\u00e9es (12)<br>Bobby Hachey &#8211; Ch\u00e9rie r\u00e9ponds-moi (2)*<br>Bobby Hachey &#8211; Dans tes bras (2)*<br>Bobby Hachey &#8211; Excusez-moi monsieur (000)<br>Bobby Hachey &#8211; Excusez-moi monsieur (12)<br>Bobby Hachey &#8211; Fraulein (12)*<br>Bobby Hachey &#8211; I don&rsquo;t wanna cry (anglais) (000)<br>Bobby Hachey &#8211; J&rsquo;ai trouv\u00e9 un autre amour (16)<br>Bobby Hachey &#8211; Jukebox dans mes pens\u00e9es (2)*<br>Bobby Hachey &#8211; Just one time (000)<br>Bobby Hachey &#8211; L&rsquo;adieu d&rsquo;un soldat (2-)*<br>Bobby Hachey &#8211; La louisiane &amp; mille apr\u00e8s mille etc (4.13) (2)<br>Bobby Hachey &#8211; Le r\u00eave d&rsquo;un camionneur (2)*<br>Bobby Hachey &#8211; Les cavaliers du ciel (12)*<br>Bobby Hachey &#8211; Ma belle p&rsquo;tite femme est gone (000)<br>Bobby Hachey &#8211; Ma guitare, mon sourire ma limousine (2)*<br>Bobby Hachey &#8211; Mon enfant je te pardonne (2-)*<br>Bobby Hachey &#8211; Mon petit bobby (2)*<br>Bobby Hachey &#8211; Pour t&rsquo;oublier (12)<br>Bobby Hachey &#8211; Pretty woman (francais) (12)<br>Bobby Hachey &#8211; Puis-je avoir cette danse (12)*<br>Bobby Hachey &#8211; Quand papa tenait maman par la main (000)<br>Bobby Hachey &#8211; Sois fid\u00e8le et sinc\u00e8re (12)<br>Bobby Hachey &#8211; Tout le long du mississippi (2)*<br>Bobby Hachey &#8211; Tu veux que j&rsquo;oublie (000)<br>Bobby Hachey &#8211; Une rose faite de papier (12)*<br>Bobby Hachey &#8211; You win again (000)<br>Bobby Hamilton &#8211; Johnny mon fr\u00e8re (12)*<br>Bobby Hamilton &#8211; Les quatres saisons de ton coeur (2)*<br>Bobby Tremblay &#8211; Matane c&rsquo;est ma ville (16)*<br>Bois-Joli &#8211; Au fond de moi (12)<br>Bois-Joli &#8211; Boire ma bouteille (12)*<br>Bois-Joli &#8211; Bonita senorita (12)*<br>Bois-Joli &#8211; CB buddie (12)*<br>Bois-Joli &#8211; La cabane a fer a cheval (12)*<br>Bois-Joli &#8211; La chanson des rameurs (3)*<br>Bois-Joli &#8211; La p\u00eache au maquereaux (12)*<br>Bois-Joli &#8211; Maria dolores (12)*<br>Bois-Joli &#8211; Mon acadie (2)*<br>Bois-Joli &#8211; Sans chemise sans pantalon (12)*<br>Bonnie Tyler &amp; Kareen Antonn &#8211; Turn around (francais) (B-V) (2-)*<br>Boom Desjardins &#8211; Six heures moins quart (16)<br>Bouboul &#8211; Les beaux jours pass\u00e9s (2)*<br>Bouboul &#8211; Pourquoi dis-tu (2)*<br>Bouke &#8211; Hear my song (francais) (16)<br>Bourbon Gauthier &#8211; Au bout du monde (2)*<br>Bourbon Gauthier &#8211; Aurais-tu trente sous (2)*<br>Bourbon Gauthier &#8211; Cripine (3)*<br>Bourbon Gauthier &#8211; J&rsquo;ai de la m\u00e9moire (2)*<br>Bourbon Gauthier &#8211; J&rsquo;ai dit oui (B-V) (2)<br>Bourbon Gauthier &#8211; J&rsquo;me suis encore couch\u00e9 trop tard (2)*<br>Bourbon Gauthier &#8211; J&rsquo;veux des amis (000)<br>Bourbon Gauthier &#8211; La ligne de d\u00e9part (2)*<br>Bourbon Gauthier &#8211; Le temps qui comptait (16)*<br>Bourbon Gauthier &#8211; Quand tu viendras au monde (16)*<br>Bourbon Gauthier &#8211; Rien dans l&rsquo;nez (2)*<br>Bourbon Gauthier &amp; Patricia Caron &#8211; Laisse-moi (12)*<br>Brad Michel &#8211; Plus besoin d&rsquo;barrer la porte (16)*<br>Breen Leboeuf &#8211; Mes blues passent pus dans porte (20)*<br>Brian Hach\u00e9 &#8211; Adieu ma ch\u00e9rie (12)*<br>Brian Hach\u00e9 &#8211; La valse du vieillard (2)*<br>Brian Mallery &#8211; Je te dit oui (2)<br>Brigitte Bardot &#8211; Harley davidson (16)<br>Brigitte Boisjolis &#8211; La chanson des rameurs (3)*<br>Brigitte Boisjolis &#8211; La p\u00eache au maquereaux (16)<br>Brigitte Boisjolis &#8211; Walkin after midnight (anglais) (10)*<br>Bruno Gallant &#8211; Les lendemains de veilles (2)*<\/strong><\/p>\n","protected":false},"excerpt":{"rendered":"<p>Barbara &#8211; La joconde (12)*Baron Longfellow &#8211; Amour (bilingue) (2-)*Beau Flash &#8211; Le rock dans la peau (12)*Beaus\u00e9jour &#8211; Comme un vrai gamin (2)Beaus\u00e9jour &#8211; J&rsquo;entends siffler le train (B-V) (2)Beaus\u00e9jour &#8211; Le train qui siffle (2)Beauxmont &#8211; La limonade (B-V) (2)Benabar &#8211; Le jeune vigile (1)Benoit C\u00f4t\u00e9 &#8211; Mets&#8230; <a class=\"continue-reading-link\" href=\"https:\/\/festivalkaraoke.ca\/index.php\/francais-french-b-2\/\"> Continue reading <span class=\"meta-nav\">&rarr; <\/span><\/a><\/p>\n","protected":false},"author":1,"featured_media":0,"parent":0,"menu_order":0,"comment_status":"closed","ping_status":"closed","template":"","meta":{"footnotes":""},"class_list":["post-1017","page","type-page","status-publish","hentry"],"_links":{"self":[{"href":"https:\/\/festivalkaraoke.ca\/index.php\/wp-json\/wp\/v2\/pages\/1017","targetHints":{"allow":["GET"]}}],"collection":[{"href":"https:\/\/festivalkaraoke.ca\/index.php\/wp-json\/wp\/v2\/pages"}],"about":[{"href":"https:\/\/festivalkaraoke.ca\/index.php\/wp-json\/wp\/v2\/types\/page"}],"author":[{"embeddable":true,"href":"https:\/\/festivalkaraoke.ca\/index.php\/wp-json\/wp\/v2\/users\/1"}],"replies":[{"embeddable":true,"href":"https:\/\/festivalkaraoke.ca\/index.php\/wp-json\/wp\/v2\/comments?post=1017"}],"version-history":[{"count":10,"href":"https:\/\/festivalkaraoke.ca\/index.php\/wp-json\/wp\/v2\/pages\/1017\/revisions"}],"predecessor-version":[{"id":2397,"href":"https:\/\/festivalkaraoke.ca\/index.php\/wp-json\/wp\/v2\/pages\/1017\/revisions\/2397"}],"wp:attachment":[{"href":"https:\/\/festivalkaraoke.ca\/index.php\/wp-json\/wp\/v2\/media?parent=1017"}],"curies":[{"name":"wp","href":"https:\/\/api.w.org\/{rel}","templated":true}]}}